{"id":2591,"date":"2025-09-18T13:24:01","date_gmt":"2025-09-18T13:24:01","guid":{"rendered":"https:\/\/vizionimpex.com\/index.php\/nuva-rock\/"},"modified":"2025-09-18T13:30:22","modified_gmt":"2025-09-18T13:30:22","slug":"nuva-rock","status":"publish","type":"page","link":"https:\/\/vizionimpex.com\/index.php\/nuva-rock\/?lang=sq","title":{"rendered":"NUVA Rock"},"content":{"rendered":"<div class=\"wpb-content-wrapper\"><p>[vc_row][vc_column width=&#8221;3\/4&#8243;][vc_row_inner][vc_column_inner css=&#8221;.vc_custom_1607525771552{margin-top: -25px !important;}&#8221;][vc_single_image image=&#8221;2575&#8243; img_size=&#8221;650&#215;485&#8243; onclick=&#8221;link_image&#8221; css=&#8221;&#8221; image_hovers=&#8221;false&#8221;][\/vc_column_inner][\/vc_row_inner][\/vc_column][vc_column width=&#8221;1\/4&#8243;][vc_custom_heading text=&#8221;NUVA Rock&#8221; font_container=&#8221;tag:h2|font_size:34|text_align:left&#8221; google_fonts=&#8221;font_family:Montserrat%3Aregular%2C700|font_style:700%20bold%20regular%3A700%3Anormal&#8221; css=&#8221;&#8221;][vc_separator color=&#8221;black&#8221; align=&#8221;align_left&#8221; el_width=&#8221;10&#8243;][vc_column_text css=&#8221;.vc_custom_1758201357411{margin-top: -20px !important;}&#8221;]<\/p>\n<p data-start=\"62\" data-end=\"658\"><strong>NUVA Rock 120\u00d760<\/strong> nga <strong>Classen<\/strong> sjell eleganc\u00ebn e gurit natyral n\u00eb nj\u00eb dysheme <strong>SPC moderne<\/strong> dhe t\u00eb q\u00ebndrueshme. Fal\u00eb <strong>rezistenc\u00ebs ndaj ujit<\/strong>, ndjesis\u00eb s\u00eb ngroht\u00eb dhe struktur\u00ebs pa PVC, \u00ebsht\u00eb nj\u00eb zgjedhje e sigurt dhe ekologjike p\u00ebr \u00e7do hap\u00ebsir\u00eb. Leht\u00eb p\u00ebr t\u2019u pastruar, <strong>rezistente ndaj rrezeve UV<\/strong> dhe me garanci deri n\u00eb<strong> 25 vjet<\/strong>, kjo dysheme \u00ebsht\u00eb ideale si p\u00ebr p\u00ebrdorim rezidencial, ashtu edhe p\u00ebr ambiente profesionale.<\/p>\n<p>[\/vc_column_text][vc_column_text css=&#8221;&#8221;]<a href=\"\/wp-content\/uploads\/2025\/09\/nuva-katalog_en_20250604_compressed.pdf\">Download Catalog<\/a>[\/vc_column_text][\/vc_column][\/vc_row][vc_row][vc_column width=&#8221;2\/3&#8243;][vc_empty_space height=&#8221;40&#8243;][vc_custom_heading text=&#8221;Technical parameters&#8221; font_container=&#8221;tag:h2|font_size:35|text_align:left&#8221; google_fonts=&#8221;font_family:Montserrat%3Aregular%2C700|font_style:700%20bold%20regular%3A700%3Anormal&#8221;][\/vc_column][vc_column width=&#8221;1\/3&#8243;][\/vc_column][\/vc_row][vc_row][vc_column width=&#8221;1\/3&#8243;][vc_custom_heading text=&#8221;Specification&#8221; font_container=&#8221;tag:h2|font_size:18|text_align:left&#8221; google_fonts=&#8221;font_family:Montserrat%3Aregular%2C700|font_style:700%20bold%20regular%3A700%3Anormal&#8221;][vc_column_text css=&#8221;&#8221;]<\/p>\n<table style=\"width: 100%;\">\n<tbody>\n<tr>\n<td><strong>Dimensions<\/strong><\/td>\n<td>595&#215;1190 mm<\/td>\n<\/tr>\n<tr>\n<td><strong>Thickness<\/strong><\/td>\n<td>\n<div class=\"property__inner\">\n<div class=\"property__value\">2,5 mm<\/div>\n<\/div>\n<\/td>\n<\/tr>\n<tr>\n<td><strong>Structure<\/strong><\/td>\n<td>\n<div class=\"property__inner\">\n<div class=\"property__value\">sealtec<\/div>\n<\/div>\n<\/td>\n<\/tr>\n<tr>\n<td><strong>Usage class<\/strong><\/td>\n<td>UC 34\/42<\/td>\n<\/tr>\n<tr>\n<td><strong>V-groove<\/strong><\/td>\n<td>Yes<\/td>\n<\/tr>\n<\/tbody>\n<\/table>\n<p>[\/vc_column_text][\/vc_column][vc_column width=&#8221;1\/3&#8243;][vc_custom_heading text=&#8221;CERAMIN\u00ae features&#8221; font_container=&#8221;tag:h2|font_size:18|text_align:left&#8221; google_fonts=&#8221;font_family:Montserrat%3Aregular%2C700|font_style:700%20bold%20regular%3A700%3Anormal&#8221; css=&#8221;&#8221;][vc_column_text css=&#8221;&#8221;]<\/p>\n<table style=\"width: 100%;\">\n<tbody>\n<tr>\n<td><strong>Water resistant<\/strong><\/td>\n<td>Yes<\/td>\n<\/tr>\n<tr>\n<td><strong>PCV free<\/strong><\/td>\n<td>Yes<\/td>\n<\/tr>\n<tr>\n<td><strong>Ecology product<\/strong><\/td>\n<td>LLT anti scratch<\/td>\n<\/tr>\n<tr>\n<td><strong>Blue Angel certificate<\/strong><\/td>\n<td>Yes<\/td>\n<\/tr>\n<tr>\n<td><strong>Easy to clean<\/strong><\/td>\n<td>Yes<\/td>\n<\/tr>\n<tr>\n<td><strong>Noise reduction<\/strong><\/td>\n<td>Yes<\/td>\n<\/tr>\n<tr>\n<td><strong>Warm to touch<\/strong><\/td>\n<td>Yes<\/td>\n<\/tr>\n<tr>\n<td><strong>UV resistant<\/strong><\/td>\n<td>Yes<\/td>\n<\/tr>\n<\/tbody>\n<\/table>\n<p>[\/vc_column_text][\/vc_column][vc_column width=&#8221;1\/3&#8243;][vc_custom_heading text=&#8221;Guarantee \/ Logistics data&#8221; font_container=&#8221;tag:h2|font_size:18|text_align:left&#8221; google_fonts=&#8221;font_family:Montserrat%3Aregular%2C700|font_style:700%20bold%20regular%3A700%3Anormal&#8221; css=&#8221;&#8221;][vc_column_text css=&#8221;&#8221;]<\/p>\n<table style=\"width: 100%;\">\n<tbody>\n<tr>\n<td><strong>Pack<\/strong><\/td>\n<td>5,664 sq. m<\/td>\n<\/tr>\n<tr>\n<td><strong>Pallet<\/strong><\/td>\n<td>203,918 sq. m<\/td>\n<\/tr>\n<tr>\n<td><strong>Guarantee provided in residential housing<\/strong><\/td>\n<td>25<\/td>\n<\/tr>\n<tr>\n<td><strong>Guarantee provided in public utility buildings<\/strong><\/td>\n<td>5<\/td>\n<\/tr>\n<\/tbody>\n<\/table>\n<p>[\/vc_column_text][\/vc_column][\/vc_row][vc_row][vc_column][vc_custom_heading text=&#8221;Designs&#8221; font_container=&#8221;tag:h2|font_size:35|text_align:left&#8221; google_fonts=&#8221;font_family:Montserrat%3Aregular%2C700|font_style:700%20bold%20regular%3A700%3Anormal&#8221;][vc_empty_space height=&#8221;12px&#8221;][\/vc_column][\/vc_row][vc_row css=&#8221;.vc_custom_1637591715789{margin-bottom: -60px !important;}&#8221; el_class=&#8221;m_class&#8221;][vc_column]<div id=\"ult-carousel-303125039669dfd36c8d0fb\" class=\"ult-carousel-wrapper   ult_horizontal\" data-gutter=\"15\" data-rtl=\"false\" ><div class=\"ult-carousel-382858892569dfd36c8cfca \" ><div class=\"ult-item-wrap\" data-animation=\"animated no-animation\"><div class=\"ult-content-box-container \" >\t\t<div class=\"ult-content-box\" style=\"box-shadow: px px px px none;-webkit-transition: all 700ms ease;-moz-transition: all 700ms ease;-ms-transition: all 700ms ease;-o-transition: all 700ms ease;transition: all 700ms ease;\"  data-hover_box_shadow=\"none\"    >[vc_single_image image=&#8221;2578&#8243; img_size=&#8221;full&#8221; alignment=&#8221;center&#8221; onclick=&#8221;link_image&#8221; css=&#8221;&#8221; image_hovers=&#8221;false&#8221;][vc_custom_heading text=&#8221;Marble White&#8221; font_container=&#8221;tag:h2|font_size:18|text_align:left&#8221; google_fonts=&#8221;font_family:Montserrat%3Aregular%2C700|font_style:400%20regular%3A400%3Anormal&#8221; css=&#8221;&#8221;]\t\t<\/div><\/div><\/div><div class=\"ult-item-wrap\" data-animation=\"animated no-animation\"><div class=\"ult-content-box-container \" >\t\t<div class=\"ult-content-box\" style=\"box-shadow: px px px px none;-webkit-transition: all 700ms ease;-moz-transition: all 700ms ease;-ms-transition: all 700ms ease;-o-transition: all 700ms ease;transition: all 700ms ease;\"  data-hover_box_shadow=\"none\"    >[vc_single_image image=&#8221;2580&#8243; img_size=&#8221;full&#8221; alignment=&#8221;center&#8221; onclick=&#8221;link_image&#8221; css=&#8221;&#8221; image_hovers=&#8221;false&#8221;][vc_custom_heading text=&#8221;Moon Stone Dark Grey&#8221; font_container=&#8221;tag:h2|font_size:18|text_align:left&#8221; google_fonts=&#8221;font_family:Montserrat%3Aregular%2C700|font_style:400%20regular%3A400%3Anormal&#8221; css=&#8221;&#8221;]\t\t<\/div><\/div><\/div><div class=\"ult-item-wrap\" data-animation=\"animated no-animation\"><div class=\"ult-content-box-container \" >\t\t<div class=\"ult-content-box\" style=\"box-shadow: px px px px none;-webkit-transition: all 700ms ease;-moz-transition: all 700ms ease;-ms-transition: all 700ms ease;-o-transition: all 700ms ease;transition: all 700ms ease;\"  data-hover_box_shadow=\"none\"    >[vc_single_image image=&#8221;2582&#8243; img_size=&#8221;full&#8221; alignment=&#8221;center&#8221; onclick=&#8221;link_image&#8221; css=&#8221;&#8221; image_hovers=&#8221;false&#8221;][vc_custom_heading text=&#8221;Mineral Dark Grey&#8221; font_container=&#8221;tag:h2|font_size:18|text_align:left&#8221; google_fonts=&#8221;font_family:Montserrat%3Aregular%2C700|font_style:400%20regular%3A400%3Anormal&#8221; css=&#8221;&#8221;]\t\t<\/div><\/div><\/div><div class=\"ult-item-wrap\" data-animation=\"animated no-animation\"><div class=\"ult-content-box-container \" >\t\t<div class=\"ult-content-box\" style=\"box-shadow: px px px px none;-webkit-transition: all 700ms ease;-moz-transition: all 700ms ease;-ms-transition: all 700ms ease;-o-transition: all 700ms ease;transition: all 700ms ease;\"  data-hover_box_shadow=\"none\"    >[vc_single_image image=&#8221;2584&#8243; img_size=&#8221;full&#8221; alignment=&#8221;center&#8221; onclick=&#8221;link_image&#8221; css=&#8221;&#8221; image_hovers=&#8221;false&#8221;][vc_custom_heading text=&#8221;Screed Brown&#8221; font_container=&#8221;tag:h2|font_size:18|text_align:left&#8221; google_fonts=&#8221;font_family:Montserrat%3Aregular%2C700|font_style:400%20regular%3A400%3Anormal&#8221; css=&#8221;&#8221;]\t\t<\/div><\/div><\/div><div class=\"ult-item-wrap\" data-animation=\"animated no-animation\"><div class=\"ult-content-box-container \" >\t\t<div class=\"ult-content-box\" style=\"box-shadow: px px px px none;-webkit-transition: all 700ms ease;-moz-transition: all 700ms ease;-ms-transition: all 700ms ease;-o-transition: all 700ms ease;transition: all 700ms ease;\"  data-hover_box_shadow=\"none\"    >[vc_single_image image=&#8221;2586&#8243; img_size=&#8221;full&#8221; alignment=&#8221;center&#8221; onclick=&#8221;link_image&#8221; css=&#8221;&#8221; image_hovers=&#8221;false&#8221;][vc_custom_heading text=&#8221;Carrara Grey&#8221; font_container=&#8221;tag:h2|font_size:18|text_align:left&#8221; google_fonts=&#8221;font_family:Montserrat%3Aregular%2C700|font_style:400%20regular%3A400%3Anormal&#8221; css=&#8221;&#8221;]\t\t<\/div><\/div><\/div><div class=\"ult-item-wrap\" data-animation=\"animated no-animation\"><div class=\"ult-content-box-container \" >\t\t<div class=\"ult-content-box\" style=\"box-shadow: px px px px none;-webkit-transition: all 700ms ease;-moz-transition: all 700ms ease;-ms-transition: all 700ms ease;-o-transition: all 700ms ease;transition: all 700ms ease;\"  data-hover_box_shadow=\"none\"    >[vc_single_image image=&#8221;2588&#8243; img_size=&#8221;full&#8221; alignment=&#8221;center&#8221; onclick=&#8221;link_image&#8221; css=&#8221;&#8221; image_hovers=&#8221;false&#8221;][vc_custom_heading text=&#8221;Screed Beige&#8221; font_container=&#8221;tag:h2|font_size:18|text_align:left&#8221; google_fonts=&#8221;font_family:Montserrat%3Aregular%2C700|font_style:400%20regular%3A400%3Anormal&#8221; css=&#8221;&#8221;]\t\t<\/div><\/div><\/div><\/div><\/div>\t\t\t<script type=\"text\/javascript\">\n\t\t\t\tjQuery(document).ready(function ($) {\n\t\t\t\t\tif( typeof jQuery('.ult-carousel-382858892569dfd36c8cfca').slick == \"function\"){\n\t\t\t\t\t\t$('.ult-carousel-382858892569dfd36c8cfca').slick({dots: false,autoplaySpeed: \"5000\",speed: \"300\",infinite: false,arrows: true,nextArrow: '<button type=\"button\" role=\"button\" aria-label=\"Next\" style=\"color:#000000; font-size:20px;\" class=\"slick-next default\"><i class=\"ultsl-arrow-right4\"><\/i><\/button>',prevArrow: '<button type=\"button\" role=\"button\" aria-label=\"Previous\" style=\"color:#000000; font-size:20px;\" class=\"slick-prev default\"><i class=\"ultsl-arrow-left4\"><\/i><\/button>',slidesToScroll:4,slidesToShow:4,swipe: true,draggable: true,touchMove: true,pauseOnHover: true,pauseOnFocus: false,responsive: [\n\t\t\t\t\t\t\t{\n\t\t\t\t\t\t\t  breakpoint: 1026,\n\t\t\t\t\t\t\t  settings: {\n\t\t\t\t\t\t\t\tslidesToShow: 4,\n\t\t\t\t\t\t\t\tslidesToScroll: 4,  \n\t\t\t\t\t\t\t  }\n\t\t\t\t\t\t\t},\n\t\t\t\t\t\t\t{\n\t\t\t\t\t\t\t  breakpoint: 1025,\n\t\t\t\t\t\t\t  settings: {\n\t\t\t\t\t\t\t\tslidesToShow: 2,\n\t\t\t\t\t\t\t\tslidesToScroll: 2\n\t\t\t\t\t\t\t  }\n\t\t\t\t\t\t\t},\n\t\t\t\t\t\t\t{\n\t\t\t\t\t\t\t  breakpoint: 760,\n\t\t\t\t\t\t\t  settings: {\n\t\t\t\t\t\t\t\tslidesToShow: 1,\n\t\t\t\t\t\t\t\tslidesToScroll: 1\n\t\t\t\t\t\t\t  }\n\t\t\t\t\t\t\t}\n\t\t\t\t\t\t],pauseOnDotsHover: true,customPaging: function(slider, i) {\n                   return '<i type=\"button\" style= \"color:#333333;\" class=\"ultsl-record\" data-role=\"none\"><\/i>';\n                },});\n\t\t\t\t\t}\n\t\t\t\t});\n\t\t\t<\/script>\n\t\t\t[\/vc_column][\/vc_row]<\/p>\n<\/div>","protected":false},"excerpt":{"rendered":"<p>[vc_row][vc_column width=&#8221;3\/4&#8243;][vc_row_inner][vc_column_inner css=&#8221;.vc_custom_1607525771552{margin-top: -25px !important;}&#8221;][vc_single_image image=&#8221;2575&#8243; img_size=&#8221;650&#215;485&#8243; onclick=&#8221;link_image&#8221; css=&#8221;&#8221; image_hovers=&#8221;false&#8221;][\/vc_column_inner][\/vc_row_inner][\/vc_column][vc_column width=&#8221;1\/4&#8243;][vc_custom_heading text=&#8221;NUVA Rock&#8221; font_container=&#8221;tag:h2|font_size:34|text_align:left&#8221; google_fonts=&#8221;font_family:Montserrat%3Aregular%2C700|font_style:700%20bold%20regular%3A700%3Anormal&#8221; css=&#8221;&#8221;][vc_separator color=&#8221;black&#8221; align=&#8221;align_left&#8221; el_width=&#8221;10&#8243;][vc_column_text css=&#8221;.vc_custom_1758201357411{margin-top: -20px !important;}&#8221;] NUVA Rock 120\u00d760 nga Classen sjell eleganc\u00ebn e gurit natyral n\u00eb nj\u00eb dysheme SPC moderne dhe t\u00eb q\u00ebndrueshme. Fal\u00eb rezistenc\u00ebs ndaj ujit, ndjesis\u00eb s\u00eb ngroht\u00eb dhe struktur\u00ebs pa PVC, \u00ebsht\u00eb nj\u00eb zgjedhje e&hellip;<\/p>\n","protected":false},"author":1,"featured_media":0,"parent":0,"menu_order":0,"comment_status":"closed","ping_status":"closed","template":"","meta":{"footnotes":""},"class_list":["post-2591","page","type-page","status-publish","hentry","description-off"],"yoast_head":"<!-- This site is optimized with the Yoast SEO plugin v26.7 - https:\/\/yoast.com\/wordpress\/plugins\/seo\/ -->\n<title>NUVA Rock 120\u00d760 \u2013 Dysheme SPC moderne me pamje guri nga Classen<\/title>\n<meta name=\"description\" content=\"NUVA Rock 120\u00d760 nga Classen \u00ebsht\u00eb dysheme SPC premium me dizajn guri, rezistente ndaj ujit, ekologjike, e leht\u00eb p\u00ebr mir\u00ebmbajtje dhe me garanci 25 vjet.\" \/>\n<meta name=\"robots\" content=\"index, follow, max-snippet:-1, max-image-preview:large, max-video-preview:-1\" \/>\n<link rel=\"canonical\" href=\"https:\/\/vizionimpex.com\/index.php\/nuva-rock\/?lang=sq\" \/>\n<meta property=\"og:locale\" content=\"en_US\" \/>\n<meta property=\"og:type\" content=\"article\" \/>\n<meta property=\"og:title\" content=\"NUVA Rock 120\u00d760 \u2013 Dysheme SPC moderne me pamje guri nga Classen\" \/>\n<meta property=\"og:description\" content=\"NUVA Rock 120\u00d760 nga Classen \u00ebsht\u00eb dysheme SPC premium me dizajn guri, rezistente ndaj ujit, ekologjike, e leht\u00eb p\u00ebr mir\u00ebmbajtje dhe me garanci 25 vjet.\" \/>\n<meta property=\"og:url\" content=\"https:\/\/vizionimpex.com\/index.php\/nuva-rock\/?lang=sq\" \/>\n<meta property=\"og:site_name\" content=\"VIZION IMPEX\" \/>\n<meta property=\"article:modified_time\" content=\"2025-09-18T13:30:22+00:00\" \/>\n<meta name=\"twitter:card\" content=\"summary_large_image\" \/>\n<meta name=\"twitter:label1\" content=\"Est. reading time\" \/>\n\t<meta name=\"twitter:data1\" content=\"2 minutes\" \/>\n<script type=\"application\/ld+json\" class=\"yoast-schema-graph\">{\"@context\":\"https:\/\/schema.org\",\"@graph\":[{\"@type\":\"WebPage\",\"@id\":\"https:\/\/vizionimpex.com\/index.php\/nuva-rock\/?lang=sq\",\"url\":\"https:\/\/vizionimpex.com\/index.php\/nuva-rock\/?lang=sq\",\"name\":\"NUVA Rock 120\u00d760 \u2013 Dysheme SPC moderne me pamje guri nga Classen\",\"isPartOf\":{\"@id\":\"https:\/\/vizionimpex.com\/#website\"},\"datePublished\":\"2025-09-18T13:24:01+00:00\",\"dateModified\":\"2025-09-18T13:30:22+00:00\",\"description\":\"NUVA Rock 120\u00d760 nga Classen \u00ebsht\u00eb dysheme SPC premium me dizajn guri, rezistente ndaj ujit, ekologjike, e leht\u00eb p\u00ebr mir\u00ebmbajtje dhe me garanci 25 vjet.\",\"breadcrumb\":{\"@id\":\"https:\/\/vizionimpex.com\/index.php\/nuva-rock\/?lang=sq#breadcrumb\"},\"inLanguage\":\"en-US\",\"potentialAction\":[{\"@type\":\"ReadAction\",\"target\":[\"https:\/\/vizionimpex.com\/index.php\/nuva-rock\/?lang=sq\"]}]},{\"@type\":\"BreadcrumbList\",\"@id\":\"https:\/\/vizionimpex.com\/index.php\/nuva-rock\/?lang=sq#breadcrumb\",\"itemListElement\":[{\"@type\":\"ListItem\",\"position\":1,\"name\":\"Home\",\"item\":\"https:\/\/vizionimpex.com\/\"},{\"@type\":\"ListItem\",\"position\":2,\"name\":\"NUVA Rock\"}]},{\"@type\":\"WebSite\",\"@id\":\"https:\/\/vizionimpex.com\/#website\",\"url\":\"https:\/\/vizionimpex.com\/\",\"name\":\"VIZION IMPEX\",\"description\":\"- Parkete Laminat Gjermane, Parkete Druri, Aksesore, Parkete Laminat, Tirane\",\"potentialAction\":[{\"@type\":\"SearchAction\",\"target\":{\"@type\":\"EntryPoint\",\"urlTemplate\":\"https:\/\/vizionimpex.com\/?s={search_term_string}\"},\"query-input\":{\"@type\":\"PropertyValueSpecification\",\"valueRequired\":true,\"valueName\":\"search_term_string\"}}],\"inLanguage\":\"en-US\"}]}<\/script>\n<!-- \/ Yoast SEO plugin. -->","yoast_head_json":{"title":"NUVA Rock 120\u00d760 \u2013 Dysheme SPC moderne me pamje guri nga Classen","description":"NUVA Rock 120\u00d760 nga Classen \u00ebsht\u00eb dysheme SPC premium me dizajn guri, rezistente ndaj ujit, ekologjike, e leht\u00eb p\u00ebr mir\u00ebmbajtje dhe me garanci 25 vjet.","robots":{"index":"index","follow":"follow","max-snippet":"max-snippet:-1","max-image-preview":"max-image-preview:large","max-video-preview":"max-video-preview:-1"},"canonical":"https:\/\/vizionimpex.com\/index.php\/nuva-rock\/?lang=sq","og_locale":"en_US","og_type":"article","og_title":"NUVA Rock 120\u00d760 \u2013 Dysheme SPC moderne me pamje guri nga Classen","og_description":"NUVA Rock 120\u00d760 nga Classen \u00ebsht\u00eb dysheme SPC premium me dizajn guri, rezistente ndaj ujit, ekologjike, e leht\u00eb p\u00ebr mir\u00ebmbajtje dhe me garanci 25 vjet.","og_url":"https:\/\/vizionimpex.com\/index.php\/nuva-rock\/?lang=sq","og_site_name":"VIZION IMPEX","article_modified_time":"2025-09-18T13:30:22+00:00","twitter_card":"summary_large_image","twitter_misc":{"Est. reading time":"2 minutes"},"schema":{"@context":"https:\/\/schema.org","@graph":[{"@type":"WebPage","@id":"https:\/\/vizionimpex.com\/index.php\/nuva-rock\/?lang=sq","url":"https:\/\/vizionimpex.com\/index.php\/nuva-rock\/?lang=sq","name":"NUVA Rock 120\u00d760 \u2013 Dysheme SPC moderne me pamje guri nga Classen","isPartOf":{"@id":"https:\/\/vizionimpex.com\/#website"},"datePublished":"2025-09-18T13:24:01+00:00","dateModified":"2025-09-18T13:30:22+00:00","description":"NUVA Rock 120\u00d760 nga Classen \u00ebsht\u00eb dysheme SPC premium me dizajn guri, rezistente ndaj ujit, ekologjike, e leht\u00eb p\u00ebr mir\u00ebmbajtje dhe me garanci 25 vjet.","breadcrumb":{"@id":"https:\/\/vizionimpex.com\/index.php\/nuva-rock\/?lang=sq#breadcrumb"},"inLanguage":"en-US","potentialAction":[{"@type":"ReadAction","target":["https:\/\/vizionimpex.com\/index.php\/nuva-rock\/?lang=sq"]}]},{"@type":"BreadcrumbList","@id":"https:\/\/vizionimpex.com\/index.php\/nuva-rock\/?lang=sq#breadcrumb","itemListElement":[{"@type":"ListItem","position":1,"name":"Home","item":"https:\/\/vizionimpex.com\/"},{"@type":"ListItem","position":2,"name":"NUVA Rock"}]},{"@type":"WebSite","@id":"https:\/\/vizionimpex.com\/#website","url":"https:\/\/vizionimpex.com\/","name":"VIZION IMPEX","description":"- Parkete Laminat Gjermane, Parkete Druri, Aksesore, Parkete Laminat, Tirane","potentialAction":[{"@type":"SearchAction","target":{"@type":"EntryPoint","urlTemplate":"https:\/\/vizionimpex.com\/?s={search_term_string}"},"query-input":{"@type":"PropertyValueSpecification","valueRequired":true,"valueName":"search_term_string"}}],"inLanguage":"en-US"}]}},"_links":{"self":[{"href":"https:\/\/vizionimpex.com\/index.php\/wp-json\/wp\/v2\/pages\/2591","targetHints":{"allow":["GET"]}}],"collection":[{"href":"https:\/\/vizionimpex.com\/index.php\/wp-json\/wp\/v2\/pages"}],"about":[{"href":"https:\/\/vizionimpex.com\/index.php\/wp-json\/wp\/v2\/types\/page"}],"author":[{"embeddable":true,"href":"https:\/\/vizionimpex.com\/index.php\/wp-json\/wp\/v2\/users\/1"}],"replies":[{"embeddable":true,"href":"https:\/\/vizionimpex.com\/index.php\/wp-json\/wp\/v2\/comments?post=2591"}],"version-history":[{"count":4,"href":"https:\/\/vizionimpex.com\/index.php\/wp-json\/wp\/v2\/pages\/2591\/revisions"}],"predecessor-version":[{"id":2601,"href":"https:\/\/vizionimpex.com\/index.php\/wp-json\/wp\/v2\/pages\/2591\/revisions\/2601"}],"wp:attachment":[{"href":"https:\/\/vizionimpex.com\/index.php\/wp-json\/wp\/v2\/media?parent=2591"}],"curies":[{"name":"wp","href":"https:\/\/api.w.org\/{rel}","templated":true}]}}