{"id":2570,"date":"2019-04-08T15:43:52","date_gmt":"2019-04-08T15:43:52","guid":{"rendered":"https:\/\/vizionimpex.com\/index.php\/katalog\/"},"modified":"2025-12-04T15:16:37","modified_gmt":"2025-12-04T15:16:37","slug":"katalog","status":"publish","type":"page","link":"https:\/\/vizionimpex.com\/index.php\/katalog\/?lang=sq","title":{"rendered":"Katalog"},"content":{"rendered":"<div class=\"wpb-content-wrapper\"><p>[vc_row][vc_column][vc_column_text css=&#8221;&#8221;]<\/p>\n<h3 style=\"text-align: center;\" data-start=\"0\" data-end=\"88\"><strong>Katalogu i Produkteve Vizion Impex \u2013 Laminat Gjerman, Parket Druri Masiv &amp; Dysheme SPC<\/strong><\/h3>\n<p style=\"text-align: center;\" data-start=\"90\" data-end=\"336\" data-is-last-node=\"\" data-is-only-node=\"\">Zbuloni <strong>katalogun<\/strong> ton\u00eb t\u00eb plot\u00eb me<strong> dysheme laminat<\/strong> premium, <strong>parket druri<\/strong> masiv, <strong>parket inxhinierik<\/strong>, <strong>dysheme SPC<\/strong>. Shfletoni mbi 100 dizajne moderne dhe gjeni zgjidhjen perfekte p\u00ebr hap\u00ebsir\u00ebn tuaj rezidenciale ose profesionale.<\/p>\n<div id=\"gtx-trans\" style=\"position: absolute; left: 330px; top: 118.75px;\">\n<div class=\"gtx-trans-icon\"><\/div>\n<\/div>\n<p>[\/vc_column_text][\/vc_column][\/vc_row][vc_row][vc_column width=&#8221;1\/3&#8243;][vc_column_text css=&#8221;&#8221;]<div class=\"_df_book df-lite\" id=\"df_2680\"  _slug=\"ville\" data-title=\"ville\" wpoptions=\"true\" thumbtype=\"\" ><\/div><script class=\"df-shortcode-script\" nowprocket type=\"application\/javascript\">window.option_df_2680 = {\"outline\":[],\"autoEnableOutline\":\"false\",\"autoEnableThumbnail\":\"false\",\"overwritePDFOutline\":\"false\",\"direction\":\"1\",\"pageSize\":\"0\",\"source\":\"https:\\\/\\\/vizionimpex.com\\\/wp-content\\\/uploads\\\/2025\\\/12\\\/Ville-Herringbone_20250627_compressed.pdf\",\"wpOptions\":\"true\"}; if(window.DFLIP && window.DFLIP.parseBooks){window.DFLIP.parseBooks();}<\/script>[\/vc_column_text][\/vc_column][vc_column width=&#8221;1\/3&#8243;][vc_column_text css=&#8221;&#8221;]<div class=\"_df_book df-lite\" id=\"df_1654\"  _slug=\"ceramica\" data-title=\"ceramica\" wpoptions=\"true\" thumbtype=\"\" ><\/div><script class=\"df-shortcode-script\" nowprocket type=\"application\/javascript\">window.option_df_1654 = {\"outline\":[],\"autoEnableOutline\":\"false\",\"autoEnableThumbnail\":\"false\",\"overwritePDFOutline\":\"false\",\"direction\":\"1\",\"pageSize\":\"0\",\"source\":\"https:\\\/\\\/vizionimpex.com\\\/wp-content\\\/uploads\\\/2025\\\/07\\\/Ceramin-Future.Now_.-EN.pdf\",\"wpOptions\":\"true\"}; if(window.DFLIP && window.DFLIP.parseBooks){window.DFLIP.parseBooks();}<\/script>[\/vc_column_text][\/vc_column][vc_column width=&#8221;1\/3&#8243;][vc_column_text css=&#8221;&#8221;]<div class=\"_df_book df-lite\" id=\"df_1657\"  _slug=\"safe-flooring\" data-title=\"safe-flooring\" wpoptions=\"true\" thumbtype=\"\" ><\/div><script class=\"df-shortcode-script\" nowprocket type=\"application\/javascript\">window.option_df_1657 = {\"outline\":[],\"autoEnableOutline\":\"false\",\"autoEnableThumbnail\":\"false\",\"overwritePDFOutline\":\"false\",\"direction\":\"1\",\"pageSize\":\"0\",\"source\":\"https:\\\/\\\/vizionimpex.com\\\/wp-content\\\/uploads\\\/2025\\\/07\\\/Safe-Flooring-water-resistant-laminate-floors-Classen_en_compressed.pdf\",\"wpOptions\":\"true\"}; if(window.DFLIP && window.DFLIP.parseBooks){window.DFLIP.parseBooks();}<\/script>[\/vc_column_text][\/vc_column][\/vc_row][vc_row][vc_column width=&#8221;1\/2&#8243;][vc_column_text css=&#8221;&#8221;]<div class=\"_df_book df-lite\" id=\"df_1660\"  _slug=\"healthy-flooring\" data-title=\"healthy-flooring\" wpoptions=\"true\" thumbtype=\"\" ><\/div><script class=\"df-shortcode-script\" nowprocket type=\"application\/javascript\">window.option_df_1660 = {\"outline\":[],\"autoEnableOutline\":\"false\",\"autoEnableThumbnail\":\"false\",\"overwritePDFOutline\":\"false\",\"direction\":\"1\",\"pageSize\":\"0\",\"source\":\"https:\\\/\\\/vizionimpex.com\\\/wp-content\\\/uploads\\\/2025\\\/07\\\/344344_compressed.pdf\",\"wpOptions\":\"true\"}; if(window.DFLIP && window.DFLIP.parseBooks){window.DFLIP.parseBooks();}<\/script>[\/vc_column_text][\/vc_column][vc_column width=&#8221;1\/2&#8243;][vc_column_text css=&#8221;&#8221;]<div class=\"_df_book df-lite\" id=\"df_2564\"  _slug=\"nuva\" data-title=\"nuva\" wpoptions=\"true\" thumbtype=\"\" ><\/div><script class=\"df-shortcode-script\" nowprocket type=\"application\/javascript\">window.option_df_2564 = {\"outline\":[],\"autoEnableOutline\":\"false\",\"autoEnableThumbnail\":\"false\",\"overwritePDFOutline\":\"false\",\"direction\":\"1\",\"pageSize\":\"0\",\"source\":\"https:\\\/\\\/vizionimpex.com\\\/wp-content\\\/uploads\\\/2025\\\/09\\\/nuva-katalog_en_20250604_compressed.pdf\",\"wpOptions\":\"true\"}; if(window.DFLIP && window.DFLIP.parseBooks){window.DFLIP.parseBooks();}<\/script>[\/vc_column_text][\/vc_column][\/vc_row]<\/p>\n<\/div>","protected":false},"excerpt":{"rendered":"<p>[vc_row][vc_column][vc_column_text css=&#8221;&#8221;] Katalogu i Produkteve Vizion Impex \u2013 Laminat Gjerman, Parket Druri Masiv &amp; Dysheme SPC Zbuloni katalogun ton\u00eb t\u00eb plot\u00eb me dysheme laminat premium, parket druri masiv, parket inxhinierik, dysheme SPC. Shfletoni mbi 100 dizajne moderne dhe gjeni zgjidhjen perfekte p\u00ebr hap\u00ebsir\u00ebn tuaj rezidenciale ose profesionale. [\/vc_column_text][\/vc_column][\/vc_row][vc_row][vc_column width=&#8221;1\/3&#8243;][vc_column_text css=&#8221;&#8221;][\/vc_column_text][\/vc_column][vc_column width=&#8221;1\/3&#8243;][vc_column_text css=&#8221;&#8221;][\/vc_column_text][\/vc_column][vc_column width=&#8221;1\/3&#8243;][vc_column_text css=&#8221;&#8221;][\/vc_column_text][\/vc_column][\/vc_row][vc_row][vc_column width=&#8221;1\/2&#8243;][vc_column_text&hellip;<\/p>\n","protected":false},"author":2,"featured_media":0,"parent":0,"menu_order":0,"comment_status":"closed","ping_status":"closed","template":"","meta":{"footnotes":""},"class_list":["post-2570","page","type-page","status-publish","hentry","description-off"],"yoast_head":"<!-- This site is optimized with the Yoast SEO plugin v26.7 - https:\/\/yoast.com\/wordpress\/plugins\/seo\/ -->\n<title>Katalogu i Dyshemeve \u2013 Vizion Impex | Parket Laminat Gjerman, Parket Druri &amp; Dysheme SPC<\/title>\n<meta name=\"description\" content=\"Eksploroni katalogun e dyshemeve t\u00eb Vizion Impex me laminat gjerman premium, parket druri, parket inxhinierik, dysheme SPC dhe pllaka dyshemeje. M\u00eb shum\u00eb se 100 dizajne moderne me cil\u00ebsi afatgjat\u00eb.\" \/>\n<meta name=\"robots\" content=\"index, follow, max-snippet:-1, max-image-preview:large, max-video-preview:-1\" \/>\n<link rel=\"canonical\" href=\"https:\/\/vizionimpex.com\/index.php\/katalog\/?lang=sq\" \/>\n<meta property=\"og:locale\" content=\"en_US\" \/>\n<meta property=\"og:type\" content=\"article\" \/>\n<meta property=\"og:title\" content=\"Katalogu i Dyshemeve \u2013 Vizion Impex | Parket Laminat Gjerman, Parket Druri &amp; Dysheme SPC\" \/>\n<meta property=\"og:description\" content=\"Eksploroni katalogun e dyshemeve t\u00eb Vizion Impex me laminat gjerman premium, parket druri, parket inxhinierik, dysheme SPC dhe pllaka dyshemeje. M\u00eb shum\u00eb se 100 dizajne moderne me cil\u00ebsi afatgjat\u00eb.\" \/>\n<meta property=\"og:url\" content=\"https:\/\/vizionimpex.com\/index.php\/katalog\/?lang=sq\" \/>\n<meta property=\"og:site_name\" content=\"VIZION IMPEX\" \/>\n<meta property=\"article:modified_time\" content=\"2025-12-04T15:16:37+00:00\" \/>\n<meta name=\"twitter:card\" content=\"summary_large_image\" \/>\n<meta name=\"twitter:label1\" content=\"Est. reading time\" \/>\n\t<meta name=\"twitter:data1\" content=\"1 minute\" \/>\n<script type=\"application\/ld+json\" class=\"yoast-schema-graph\">{\"@context\":\"https:\/\/schema.org\",\"@graph\":[{\"@type\":\"WebPage\",\"@id\":\"https:\/\/vizionimpex.com\/index.php\/katalog\/?lang=sq\",\"url\":\"https:\/\/vizionimpex.com\/index.php\/katalog\/?lang=sq\",\"name\":\"Katalogu i Dyshemeve \u2013 Vizion Impex | Parket Laminat Gjerman, Parket Druri & Dysheme SPC\",\"isPartOf\":{\"@id\":\"https:\/\/vizionimpex.com\/#website\"},\"datePublished\":\"2019-04-08T15:43:52+00:00\",\"dateModified\":\"2025-12-04T15:16:37+00:00\",\"description\":\"Eksploroni katalogun e dyshemeve t\u00eb Vizion Impex me laminat gjerman premium, parket druri, parket inxhinierik, dysheme SPC dhe pllaka dyshemeje. M\u00eb shum\u00eb se 100 dizajne moderne me cil\u00ebsi afatgjat\u00eb.\",\"breadcrumb\":{\"@id\":\"https:\/\/vizionimpex.com\/index.php\/katalog\/?lang=sq#breadcrumb\"},\"inLanguage\":\"en-US\",\"potentialAction\":[{\"@type\":\"ReadAction\",\"target\":[\"https:\/\/vizionimpex.com\/index.php\/katalog\/?lang=sq\"]}]},{\"@type\":\"BreadcrumbList\",\"@id\":\"https:\/\/vizionimpex.com\/index.php\/katalog\/?lang=sq#breadcrumb\",\"itemListElement\":[{\"@type\":\"ListItem\",\"position\":1,\"name\":\"Home\",\"item\":\"https:\/\/vizionimpex.com\/\"},{\"@type\":\"ListItem\",\"position\":2,\"name\":\"Katalog\"}]},{\"@type\":\"WebSite\",\"@id\":\"https:\/\/vizionimpex.com\/#website\",\"url\":\"https:\/\/vizionimpex.com\/\",\"name\":\"VIZION IMPEX\",\"description\":\"- Parkete Laminat Gjermane, Parkete Druri, Aksesore, Parkete Laminat, Tirane\",\"potentialAction\":[{\"@type\":\"SearchAction\",\"target\":{\"@type\":\"EntryPoint\",\"urlTemplate\":\"https:\/\/vizionimpex.com\/?s={search_term_string}\"},\"query-input\":{\"@type\":\"PropertyValueSpecification\",\"valueRequired\":true,\"valueName\":\"search_term_string\"}}],\"inLanguage\":\"en-US\"}]}<\/script>\n<!-- \/ Yoast SEO plugin. -->","yoast_head_json":{"title":"Katalogu i Dyshemeve \u2013 Vizion Impex | Parket Laminat Gjerman, Parket Druri & Dysheme SPC","description":"Eksploroni katalogun e dyshemeve t\u00eb Vizion Impex me laminat gjerman premium, parket druri, parket inxhinierik, dysheme SPC dhe pllaka dyshemeje. M\u00eb shum\u00eb se 100 dizajne moderne me cil\u00ebsi afatgjat\u00eb.","robots":{"index":"index","follow":"follow","max-snippet":"max-snippet:-1","max-image-preview":"max-image-preview:large","max-video-preview":"max-video-preview:-1"},"canonical":"https:\/\/vizionimpex.com\/index.php\/katalog\/?lang=sq","og_locale":"en_US","og_type":"article","og_title":"Katalogu i Dyshemeve \u2013 Vizion Impex | Parket Laminat Gjerman, Parket Druri & Dysheme SPC","og_description":"Eksploroni katalogun e dyshemeve t\u00eb Vizion Impex me laminat gjerman premium, parket druri, parket inxhinierik, dysheme SPC dhe pllaka dyshemeje. M\u00eb shum\u00eb se 100 dizajne moderne me cil\u00ebsi afatgjat\u00eb.","og_url":"https:\/\/vizionimpex.com\/index.php\/katalog\/?lang=sq","og_site_name":"VIZION IMPEX","article_modified_time":"2025-12-04T15:16:37+00:00","twitter_card":"summary_large_image","twitter_misc":{"Est. reading time":"1 minute"},"schema":{"@context":"https:\/\/schema.org","@graph":[{"@type":"WebPage","@id":"https:\/\/vizionimpex.com\/index.php\/katalog\/?lang=sq","url":"https:\/\/vizionimpex.com\/index.php\/katalog\/?lang=sq","name":"Katalogu i Dyshemeve \u2013 Vizion Impex | Parket Laminat Gjerman, Parket Druri & Dysheme SPC","isPartOf":{"@id":"https:\/\/vizionimpex.com\/#website"},"datePublished":"2019-04-08T15:43:52+00:00","dateModified":"2025-12-04T15:16:37+00:00","description":"Eksploroni katalogun e dyshemeve t\u00eb Vizion Impex me laminat gjerman premium, parket druri, parket inxhinierik, dysheme SPC dhe pllaka dyshemeje. M\u00eb shum\u00eb se 100 dizajne moderne me cil\u00ebsi afatgjat\u00eb.","breadcrumb":{"@id":"https:\/\/vizionimpex.com\/index.php\/katalog\/?lang=sq#breadcrumb"},"inLanguage":"en-US","potentialAction":[{"@type":"ReadAction","target":["https:\/\/vizionimpex.com\/index.php\/katalog\/?lang=sq"]}]},{"@type":"BreadcrumbList","@id":"https:\/\/vizionimpex.com\/index.php\/katalog\/?lang=sq#breadcrumb","itemListElement":[{"@type":"ListItem","position":1,"name":"Home","item":"https:\/\/vizionimpex.com\/"},{"@type":"ListItem","position":2,"name":"Katalog"}]},{"@type":"WebSite","@id":"https:\/\/vizionimpex.com\/#website","url":"https:\/\/vizionimpex.com\/","name":"VIZION IMPEX","description":"- Parkete Laminat Gjermane, Parkete Druri, Aksesore, Parkete Laminat, Tirane","potentialAction":[{"@type":"SearchAction","target":{"@type":"EntryPoint","urlTemplate":"https:\/\/vizionimpex.com\/?s={search_term_string}"},"query-input":{"@type":"PropertyValueSpecification","valueRequired":true,"valueName":"search_term_string"}}],"inLanguage":"en-US"}]}},"_links":{"self":[{"href":"https:\/\/vizionimpex.com\/index.php\/wp-json\/wp\/v2\/pages\/2570","targetHints":{"allow":["GET"]}}],"collection":[{"href":"https:\/\/vizionimpex.com\/index.php\/wp-json\/wp\/v2\/pages"}],"about":[{"href":"https:\/\/vizionimpex.com\/index.php\/wp-json\/wp\/v2\/types\/page"}],"author":[{"embeddable":true,"href":"https:\/\/vizionimpex.com\/index.php\/wp-json\/wp\/v2\/users\/2"}],"replies":[{"embeddable":true,"href":"https:\/\/vizionimpex.com\/index.php\/wp-json\/wp\/v2\/comments?post=2570"}],"version-history":[{"count":4,"href":"https:\/\/vizionimpex.com\/index.php\/wp-json\/wp\/v2\/pages\/2570\/revisions"}],"predecessor-version":[{"id":2684,"href":"https:\/\/vizionimpex.com\/index.php\/wp-json\/wp\/v2\/pages\/2570\/revisions\/2684"}],"wp:attachment":[{"href":"https:\/\/vizionimpex.com\/index.php\/wp-json\/wp\/v2\/media?parent=2570"}],"curies":[{"name":"wp","href":"https:\/\/api.w.org\/{rel}","templated":true}]}}