{"id":2456,"date":"2025-09-08T13:45:49","date_gmt":"2025-09-08T13:45:49","guid":{"rendered":"https:\/\/vizionimpex.com\/index.php\/legend-4v-2\/"},"modified":"2025-09-15T13:28:34","modified_gmt":"2025-09-15T13:28:34","slug":"legend-4v-2","status":"publish","type":"page","link":"https:\/\/vizionimpex.com\/index.php\/legend-4v-2\/?lang=sq","title":{"rendered":"Legend 4V"},"content":{"rendered":"<div class=\"wpb-content-wrapper\"><p>[vc_row][vc_column width=&#8221;3\/4&#8243;][vc_row_inner][vc_column_inner width=&#8221;2\/3&#8243; css=&#8221;.vc_custom_1607525771552{margin-top: -25px !important;}&#8221;][vc_single_image image=&#8221;1794&#8243; img_size=&#8221;650&#215;485&#8243; alignment=&#8221;center&#8221; onclick=&#8221;link_image&#8221; css=&#8221;&#8221; image_hovers=&#8221;false&#8221;][\/vc_column_inner][vc_column_inner width=&#8221;1\/3&#8243;][vc_single_image image=&#8221;1796&#8243; img_size=&#8221;full&#8221; alignment=&#8221;center&#8221; onclick=&#8221;link_image&#8221; css=&#8221;.vc_custom_1757338849459{margin-top: -20px !important;}&#8221; image_hovers=&#8221;false&#8221;][vc_single_image image=&#8221;1798&#8243; img_size=&#8221;full&#8221; alignment=&#8221;center&#8221; onclick=&#8221;link_image&#8221; css=&#8221;.vc_custom_1757338865763{margin-top: -20px !important;}&#8221; image_hovers=&#8221;false&#8221;][\/vc_column_inner][\/vc_row_inner][\/vc_column][vc_column width=&#8221;1\/4&#8243;][vc_custom_heading text=&#8221;Legend 4V&#8221; font_container=&#8221;tag:h2|font_size:34|text_align:left&#8221; google_fonts=&#8221;font_family:Montserrat%3Aregular%2C700|font_style:700%20bold%20regular%3A700%3Anormal&#8221; css=&#8221;&#8221;][vc_separator color=&#8221;black&#8221; align=&#8221;align_left&#8221; el_width=&#8221;10&#8243;][vc_column_text css=&#8221;.vc_custom_1757942892128{margin-top: -20px !important;}&#8221;]<\/p>\n<p data-start=\"474\" data-end=\"825\"><strong data-start=\"196\" data-end=\"247\">Legend 4V \u2013 Dysheme Rezistente ndaj Ujit 48 Or\u00eb<\/strong><br data-start=\"247\" data-end=\"250\" \/>Dysheme <strong data-start=\"258\" data-end=\"271\">Legend 4V<\/strong> nga <strong data-start=\"276\" data-end=\"287\">Classen<\/strong> ofron mbrojtje maksimale p\u00ebr <strong data-start=\"317\" data-end=\"329\">sht\u00ebpin\u00eb<\/strong> ose <strong data-start=\"334\" data-end=\"348\">zyr\u00ebn tuaj<\/strong>. Me <strong data-start=\"353\" data-end=\"384\">rezistenc\u00eb ndaj ujit 48 or\u00eb<\/strong>, <strong data-start=\"386\" data-end=\"398\">derdhjet<\/strong>, <strong data-start=\"400\" data-end=\"414\">p\u00ebrmbytjet<\/strong> ose <strong data-start=\"419\" data-end=\"437\">uj\u00eb q\u00eb q\u00ebndron<\/strong> nuk jan\u00eb m\u00eb problem. Zgjidh <strong data-start=\"466\" data-end=\"485\">laminat premium<\/strong> ose <strong data-start=\"490\" data-end=\"507\">dysheme druri<\/strong> p\u00ebr nj\u00eb hap\u00ebsir\u00eb t\u00eb q\u00ebndrueshme, elegante dhe funksionale.<\/p>\n<p>[\/vc_column_text][\/vc_column][\/vc_row][vc_row][vc_column width=&#8221;1\/3&#8243;][vc_empty_space height=&#8221;40&#8243;][vc_custom_heading text=&#8221;Technical parameters&#8221; font_container=&#8221;tag:h2|font_size:35|text_align:left&#8221; google_fonts=&#8221;font_family:Montserrat%3Aregular%2C700|font_style:700%20bold%20regular%3A700%3Anormal&#8221;][\/vc_column][vc_column width=&#8221;1\/3&#8243;][\/vc_column][vc_column width=&#8221;1\/3&#8243;][\/vc_column][\/vc_row][vc_row][vc_column width=&#8221;1\/3&#8243;][vc_custom_heading text=&#8221;Parameters&#8221; font_container=&#8221;tag:h2|font_size:18|text_align:left&#8221; google_fonts=&#8221;font_family:Montserrat%3Aregular%2C700|font_style:700%20bold%20regular%3A700%3Anormal&#8221; css=&#8221;&#8221;][vc_column_text css=&#8221;&#8221;]<\/p>\n<table style=\"width: 100%;\">\n<tbody>\n<tr>\n<td><strong>Dimensions<\/strong><\/td>\n<td>158 x 1285 mm<\/td>\n<\/tr>\n<tr>\n<td><strong>Thickness<\/strong><\/td>\n<td>\n<div class=\"property__inner\">\n<div class=\"property__value\">8 mm<\/div>\n<\/div>\n<\/td>\n<\/tr>\n<tr>\n<td><strong>Abrasion class<\/strong><\/td>\n<td>AC5<\/td>\n<\/tr>\n<tr>\n<td><strong>Usage class<\/strong><\/td>\n<td>33<\/td>\n<\/tr>\n<tr>\n<td><strong>Structure<\/strong><\/td>\n<td>wood<\/td>\n<\/tr>\n<tr>\n<td><strong>V-groove<\/strong><\/td>\n<td>Yes<\/td>\n<\/tr>\n<\/tbody>\n<\/table>\n<p>[\/vc_column_text][\/vc_column][vc_column width=&#8221;1\/3&#8243;][vc_custom_heading text=&#8221;Specification&#8221; font_container=&#8221;tag:h2|font_size:18|text_align:left&#8221; google_fonts=&#8221;font_family:Montserrat%3Aregular%2C700|font_style:700%20bold%20regular%3A700%3Anormal&#8221; css=&#8221;&#8221;][vc_column_text css=&#8221;&#8221;]<\/p>\n<table style=\"width: 100%;\">\n<tbody>\n<tr>\n<td>\n<div class=\"property__name\"><strong>Water resistance 48h<\/strong><\/div>\n<\/td>\n<td>Yes<\/td>\n<\/tr>\n<tr>\n<td>\n<div class=\"property__name\"><strong>Installation without glue<\/strong><\/div>\n<\/td>\n<td>Yes<\/td>\n<\/tr>\n<tr>\n<td><strong>Scratch resistance<\/strong><\/td>\n<td>LLT anti-scratch<\/td>\n<\/tr>\n<tr>\n<td><strong>Antistatic properties<\/strong><\/td>\n<td>LLT anti-static<\/td>\n<\/tr>\n<tr>\n<td><strong>Blue Angel certificate<\/strong><\/td>\n<td>YES<\/td>\n<\/tr>\n<\/tbody>\n<\/table>\n<p>[\/vc_column_text][\/vc_column][vc_column width=&#8221;1\/3&#8243;][vc_custom_heading text=&#8221;Installation&#8221; font_container=&#8221;tag:h2|font_size:18|text_align:left&#8221; google_fonts=&#8221;font_family:Montserrat%3Aregular%2C700|font_style:700%20bold%20regular%3A700%3Anormal&#8221; css=&#8221;&#8221;][vc_column_text css=&#8221;&#8221;]<\/p>\n<table style=\"width: 100%;\">\n<tbody>\n<tr>\n<td>\n<div class=\"property__name\"><strong>Installation without glue<\/strong><\/div>\n<\/td>\n<td>Yes<\/td>\n<\/tr>\n<tr>\n<td><strong>Floor heating<\/strong><\/td>\n<td>Yes<\/td>\n<\/tr>\n<tr>\n<td><strong>Assembly system<\/strong><\/td>\n<td>megaloc aqua protect<\/td>\n<\/tr>\n<tr>\n<td><strong>Recommended for public utility buildings<\/strong><\/td>\n<td>Yes<\/td>\n<\/tr>\n<\/tbody>\n<\/table>\n<p>[\/vc_column_text][\/vc_column][\/vc_row][vc_row][vc_column width=&#8221;1\/3&#8243;][vc_custom_heading text=&#8221;Guarantee \/ Logistics data&#8221; font_container=&#8221;tag:h2|font_size:18|text_align:left&#8221; google_fonts=&#8221;font_family:Montserrat%3Aregular%2C700|font_style:700%20bold%20regular%3A700%3Anormal&#8221; css=&#8221;&#8221;][vc_column_text css=&#8221;&#8221;]<\/p>\n<table style=\"width: 100%;\">\n<tbody>\n<tr>\n<td><strong>Guarantee provided in residential housing<\/strong><\/td>\n<td>25<\/td>\n<\/tr>\n<tr>\n<td><strong>Guarantee provided in public utility buildings<\/strong><\/td>\n<td>5<\/td>\n<\/tr>\n<tr>\n<td><strong>Pack<\/strong><\/td>\n<td>2.03 sq.m<\/td>\n<\/tr>\n<tr>\n<td><strong>Pallet<\/strong><\/td>\n<td>101.5 sq.m<\/td>\n<\/tr>\n<\/tbody>\n<\/table>\n<p>[\/vc_column_text][\/vc_column][vc_column width=&#8221;1\/3&#8243;][\/vc_column][vc_column width=&#8221;1\/3&#8243;][\/vc_column][\/vc_row][vc_row][vc_column][vc_custom_heading text=&#8221;Patterns&#8221; font_container=&#8221;tag:h2|font_size:35|text_align:left&#8221; google_fonts=&#8221;font_family:Montserrat%3Aregular%2C700|font_style:700%20bold%20regular%3A700%3Anormal&#8221; css=&#8221;&#8221;][vc_empty_space height=&#8221;12px&#8221;][\/vc_column][\/vc_row][vc_row css=&#8221;.vc_custom_1637591694853{margin-bottom: -60px !important;}&#8221; el_class=&#8221;m_class&#8221;][vc_column]<div id=\"ult-carousel-152377843069deb3828568c\" class=\"ult-carousel-wrapper   ult_horizontal\" data-gutter=\"15\" data-rtl=\"false\" ><div class=\"ult-carousel-165190496369deb38285538 \" ><div class=\"ult-item-wrap\" data-animation=\"animated no-animation\"><div class=\"ult-content-box-container \" >\t\t<div class=\"ult-content-box\" style=\"box-shadow: px px px px none;-webkit-transition: all 700ms ease;-moz-transition: all 700ms ease;-ms-transition: all 700ms ease;-o-transition: all 700ms ease;transition: all 700ms ease;\"  data-hover_box_shadow=\"none\"    >[vc_single_image image=&#8221;1800&#8243; img_size=&#8221;full&#8221; alignment=&#8221;center&#8221; onclick=&#8221;link_image&#8221; css=&#8221;&#8221; image_hovers=&#8221;false&#8221;][vc_custom_heading text=&#8221;Ashington Oak&#8221; font_container=&#8221;tag:h2|font_size:18|text_align:left&#8221; google_fonts=&#8221;font_family:Montserrat%3Aregular%2C700|font_style:400%20regular%3A400%3Anormal&#8221; css=&#8221;&#8221;]\t\t<\/div><\/div><\/div><div class=\"ult-item-wrap\" data-animation=\"animated no-animation\"><div class=\"ult-content-box-container \" >\t\t<div class=\"ult-content-box\" style=\"box-shadow: px px px px none;-webkit-transition: all 700ms ease;-moz-transition: all 700ms ease;-ms-transition: all 700ms ease;-o-transition: all 700ms ease;transition: all 700ms ease;\"  data-hover_box_shadow=\"none\"    >[vc_single_image image=&#8221;1802&#8243; img_size=&#8221;full&#8221; alignment=&#8221;center&#8221; onclick=&#8221;link_image&#8221; css=&#8221;&#8221; image_hovers=&#8221;false&#8221;][vc_custom_heading text=&#8221;Glasgow Oak&#8221; font_container=&#8221;tag:h2|font_size:18|text_align:left&#8221; google_fonts=&#8221;font_family:Montserrat%3Aregular%2C700|font_style:400%20regular%3A400%3Anormal&#8221; css=&#8221;&#8221;]\t\t<\/div><\/div><\/div><div class=\"ult-item-wrap\" data-animation=\"animated no-animation\"><div class=\"ult-content-box-container \" >\t\t<div class=\"ult-content-box\" style=\"box-shadow: px px px px none;-webkit-transition: all 700ms ease;-moz-transition: all 700ms ease;-ms-transition: all 700ms ease;-o-transition: all 700ms ease;transition: all 700ms ease;\"  data-hover_box_shadow=\"none\"    >[vc_single_image image=&#8221;1804&#8243; img_size=&#8221;full&#8221; alignment=&#8221;center&#8221; onclick=&#8221;link_image&#8221; css=&#8221;&#8221; image_hovers=&#8221;false&#8221;][vc_custom_heading text=&#8221;Gordon Oak&#8221; font_container=&#8221;tag:h2|font_size:18|text_align:left&#8221; google_fonts=&#8221;font_family:Montserrat%3Aregular%2C700|font_style:400%20regular%3A400%3Anormal&#8221; css=&#8221;&#8221;]\t\t<\/div><\/div><\/div><div class=\"ult-item-wrap\" data-animation=\"animated no-animation\"><div class=\"ult-content-box-container \" >\t\t<div class=\"ult-content-box\" style=\"box-shadow: px px px px none;-webkit-transition: all 700ms ease;-moz-transition: all 700ms ease;-ms-transition: all 700ms ease;-o-transition: all 700ms ease;transition: all 700ms ease;\"  data-hover_box_shadow=\"none\"    >[vc_single_image image=&#8221;1806&#8243; img_size=&#8221;full&#8221; alignment=&#8221;center&#8221; onclick=&#8221;link_image&#8221; css=&#8221;&#8221; image_hovers=&#8221;false&#8221;][vc_custom_heading text=&#8221;Edynburg Oak&#8221; font_container=&#8221;tag:h2|font_size:18|text_align:left&#8221; google_fonts=&#8221;font_family:Montserrat%3Aregular%2C700|font_style:400%20regular%3A400%3Anormal&#8221; css=&#8221;&#8221;]\t\t<\/div><\/div><\/div><div class=\"ult-item-wrap\" data-animation=\"animated no-animation\"><div class=\"ult-content-box-container \" >\t\t<div class=\"ult-content-box\" style=\"box-shadow: px px px px none;-webkit-transition: all 700ms ease;-moz-transition: all 700ms ease;-ms-transition: all 700ms ease;-o-transition: all 700ms ease;transition: all 700ms ease;\"  data-hover_box_shadow=\"none\"    >[vc_single_image image=&#8221;1808&#8243; img_size=&#8221;full&#8221; alignment=&#8221;center&#8221; onclick=&#8221;link_image&#8221; css=&#8221;&#8221; image_hovers=&#8221;false&#8221;][vc_custom_heading text=&#8221;Livingston Oak&#8221; font_container=&#8221;tag:h2|font_size:18|text_align:left&#8221; google_fonts=&#8221;font_family:Montserrat%3Aregular%2C700|font_style:400%20regular%3A400%3Anormal&#8221; css=&#8221;&#8221;]\t\t<\/div><\/div><\/div><div class=\"ult-item-wrap\" data-animation=\"animated no-animation\"><div class=\"ult-content-box-container \" >\t\t<div class=\"ult-content-box\" style=\"box-shadow: px px px px none;-webkit-transition: all 700ms ease;-moz-transition: all 700ms ease;-ms-transition: all 700ms ease;-o-transition: all 700ms ease;transition: all 700ms ease;\"  data-hover_box_shadow=\"none\"    >[vc_single_image image=&#8221;1810&#8243; img_size=&#8221;full&#8221; alignment=&#8221;center&#8221; onclick=&#8221;link_image&#8221; css=&#8221;&#8221; image_hovers=&#8221;false&#8221;][vc_custom_heading text=&#8221;Mondo Oak&#8221; font_container=&#8221;tag:h2|font_size:18|text_align:left&#8221; google_fonts=&#8221;font_family:Montserrat%3Aregular%2C700|font_style:400%20regular%3A400%3Anormal&#8221; css=&#8221;&#8221;]\t\t<\/div><\/div><\/div><div class=\"ult-item-wrap\" data-animation=\"animated no-animation\"><div class=\"ult-content-box-container \" >\t\t<div class=\"ult-content-box\" style=\"box-shadow: px px px px none;-webkit-transition: all 700ms ease;-moz-transition: all 700ms ease;-ms-transition: all 700ms ease;-o-transition: all 700ms ease;transition: all 700ms ease;\"  data-hover_box_shadow=\"none\"    >[vc_single_image image=&#8221;1812&#8243; img_size=&#8221;full&#8221; alignment=&#8221;center&#8221; onclick=&#8221;link_image&#8221; css=&#8221;&#8221; image_hovers=&#8221;false&#8221;][vc_custom_heading text=&#8221;Alcanta Oa&#8221; font_container=&#8221;tag:h2|font_size:18|text_align:left&#8221; google_fonts=&#8221;font_family:Montserrat%3Aregular%2C700|font_style:400%20regular%3A400%3Anormal&#8221; css=&#8221;&#8221;]\t\t<\/div><\/div><\/div><\/div><\/div>\t\t\t<script type=\"text\/javascript\">\n\t\t\t\tjQuery(document).ready(function ($) {\n\t\t\t\t\tif( typeof jQuery('.ult-carousel-165190496369deb38285538').slick == \"function\"){\n\t\t\t\t\t\t$('.ult-carousel-165190496369deb38285538').slick({dots: false,autoplaySpeed: \"5000\",speed: \"300\",infinite: false,arrows: true,nextArrow: '<button type=\"button\" role=\"button\" aria-label=\"Next\" style=\"color:#000000; font-size:20px;\" class=\"slick-next default\"><i class=\"ultsl-arrow-right4\"><\/i><\/button>',prevArrow: '<button type=\"button\" role=\"button\" aria-label=\"Previous\" style=\"color:#000000; font-size:20px;\" class=\"slick-prev default\"><i class=\"ultsl-arrow-left4\"><\/i><\/button>',slidesToScroll:4,slidesToShow:4,swipe: true,draggable: true,touchMove: true,pauseOnHover: true,pauseOnFocus: false,responsive: [\n\t\t\t\t\t\t\t{\n\t\t\t\t\t\t\t  breakpoint: 1026,\n\t\t\t\t\t\t\t  settings: {\n\t\t\t\t\t\t\t\tslidesToShow: 4,\n\t\t\t\t\t\t\t\tslidesToScroll: 4,  \n\t\t\t\t\t\t\t  }\n\t\t\t\t\t\t\t},\n\t\t\t\t\t\t\t{\n\t\t\t\t\t\t\t  breakpoint: 1025,\n\t\t\t\t\t\t\t  settings: {\n\t\t\t\t\t\t\t\tslidesToShow: 2,\n\t\t\t\t\t\t\t\tslidesToScroll: 2\n\t\t\t\t\t\t\t  }\n\t\t\t\t\t\t\t},\n\t\t\t\t\t\t\t{\n\t\t\t\t\t\t\t  breakpoint: 760,\n\t\t\t\t\t\t\t  settings: {\n\t\t\t\t\t\t\t\tslidesToShow: 1,\n\t\t\t\t\t\t\t\tslidesToScroll: 1\n\t\t\t\t\t\t\t  }\n\t\t\t\t\t\t\t}\n\t\t\t\t\t\t],pauseOnDotsHover: true,customPaging: function(slider, i) {\n                   return '<i type=\"button\" style= \"color:#333333;\" class=\"ultsl-record\" data-role=\"none\"><\/i>';\n                },});\n\t\t\t\t\t}\n\t\t\t\t});\n\t\t\t<\/script>\n\t\t\t[\/vc_column][\/vc_row]<\/p>\n<\/div>","protected":false},"excerpt":{"rendered":"<p>[vc_row][vc_column width=&#8221;3\/4&#8243;][vc_row_inner][vc_column_inner width=&#8221;2\/3&#8243; css=&#8221;.vc_custom_1607525771552{margin-top: -25px !important;}&#8221;][vc_single_image image=&#8221;1794&#8243; img_size=&#8221;650&#215;485&#8243; alignment=&#8221;center&#8221; onclick=&#8221;link_image&#8221; css=&#8221;&#8221; image_hovers=&#8221;false&#8221;][\/vc_column_inner][vc_column_inner width=&#8221;1\/3&#8243;][vc_single_image image=&#8221;1796&#8243; img_size=&#8221;full&#8221; alignment=&#8221;center&#8221; onclick=&#8221;link_image&#8221; css=&#8221;.vc_custom_1757338849459{margin-top: -20px !important;}&#8221; image_hovers=&#8221;false&#8221;][vc_single_image image=&#8221;1798&#8243; img_size=&#8221;full&#8221; alignment=&#8221;center&#8221; onclick=&#8221;link_image&#8221; css=&#8221;.vc_custom_1757338865763{margin-top: -20px !important;}&#8221; image_hovers=&#8221;false&#8221;][\/vc_column_inner][\/vc_row_inner][\/vc_column][vc_column width=&#8221;1\/4&#8243;][vc_custom_heading text=&#8221;Legend 4V&#8221; font_container=&#8221;tag:h2|font_size:34|text_align:left&#8221; google_fonts=&#8221;font_family:Montserrat%3Aregular%2C700|font_style:700%20bold%20regular%3A700%3Anormal&#8221; css=&#8221;&#8221;][vc_separator color=&#8221;black&#8221; align=&#8221;align_left&#8221; el_width=&#8221;10&#8243;][vc_column_text css=&#8221;.vc_custom_1757942892128{margin-top: -20px !important;}&#8221;] Legend 4V \u2013 Dysheme Rezistente ndaj Ujit 48 Or\u00ebDysheme Legend 4V nga Classen ofron&hellip;<\/p>\n","protected":false},"author":1,"featured_media":0,"parent":0,"menu_order":0,"comment_status":"closed","ping_status":"closed","template":"","meta":{"footnotes":""},"class_list":["post-2456","page","type-page","status-publish","hentry","description-off"],"yoast_head":"<!-- This site is optimized with the Yoast SEO plugin v26.7 - https:\/\/yoast.com\/wordpress\/plugins\/seo\/ -->\n<title>Legend 4V \u2013 Dysheme Rezistente ndaj Ujit 48 Or\u00eb | Classen Premium<\/title>\n<meta name=\"description\" content=\"Zbuloni Legend 4V: dysheme druri dhe laminat Classen rezistente ndaj ujit p\u00ebr 48 or\u00eb, t\u00eb q\u00ebndrueshme dhe elegante, ideale p\u00ebr sht\u00ebpi dhe zyra.\" \/>\n<meta name=\"robots\" content=\"index, follow, max-snippet:-1, max-image-preview:large, max-video-preview:-1\" \/>\n<link rel=\"canonical\" href=\"https:\/\/vizionimpex.com\/index.php\/legend-4v-2\/?lang=sq\" \/>\n<meta property=\"og:locale\" content=\"en_US\" \/>\n<meta property=\"og:type\" content=\"article\" \/>\n<meta property=\"og:title\" content=\"Legend 4V \u2013 Dysheme Rezistente ndaj Ujit 48 Or\u00eb | Classen Premium\" \/>\n<meta property=\"og:description\" content=\"Zbuloni Legend 4V: dysheme druri dhe laminat Classen rezistente ndaj ujit p\u00ebr 48 or\u00eb, t\u00eb q\u00ebndrueshme dhe elegante, ideale p\u00ebr sht\u00ebpi dhe zyra.\" \/>\n<meta property=\"og:url\" content=\"https:\/\/vizionimpex.com\/index.php\/legend-4v-2\/?lang=sq\" \/>\n<meta property=\"og:site_name\" content=\"VIZION IMPEX\" \/>\n<meta property=\"article:modified_time\" content=\"2025-09-15T13:28:34+00:00\" \/>\n<meta name=\"twitter:card\" content=\"summary_large_image\" \/>\n<meta name=\"twitter:label1\" content=\"Est. reading time\" \/>\n\t<meta name=\"twitter:data1\" content=\"2 minutes\" \/>\n<script type=\"application\/ld+json\" class=\"yoast-schema-graph\">{\"@context\":\"https:\/\/schema.org\",\"@graph\":[{\"@type\":\"WebPage\",\"@id\":\"https:\/\/vizionimpex.com\/index.php\/legend-4v-2\/?lang=sq\",\"url\":\"https:\/\/vizionimpex.com\/index.php\/legend-4v-2\/?lang=sq\",\"name\":\"Legend 4V \u2013 Dysheme Rezistente ndaj Ujit 48 Or\u00eb | Classen Premium\",\"isPartOf\":{\"@id\":\"https:\/\/vizionimpex.com\/#website\"},\"datePublished\":\"2025-09-08T13:45:49+00:00\",\"dateModified\":\"2025-09-15T13:28:34+00:00\",\"description\":\"Zbuloni Legend 4V: dysheme druri dhe laminat Classen rezistente ndaj ujit p\u00ebr 48 or\u00eb, t\u00eb q\u00ebndrueshme dhe elegante, ideale p\u00ebr sht\u00ebpi dhe zyra.\",\"breadcrumb\":{\"@id\":\"https:\/\/vizionimpex.com\/index.php\/legend-4v-2\/?lang=sq#breadcrumb\"},\"inLanguage\":\"en-US\",\"potentialAction\":[{\"@type\":\"ReadAction\",\"target\":[\"https:\/\/vizionimpex.com\/index.php\/legend-4v-2\/?lang=sq\"]}]},{\"@type\":\"BreadcrumbList\",\"@id\":\"https:\/\/vizionimpex.com\/index.php\/legend-4v-2\/?lang=sq#breadcrumb\",\"itemListElement\":[{\"@type\":\"ListItem\",\"position\":1,\"name\":\"Home\",\"item\":\"https:\/\/vizionimpex.com\/\"},{\"@type\":\"ListItem\",\"position\":2,\"name\":\"Legend 4V\"}]},{\"@type\":\"WebSite\",\"@id\":\"https:\/\/vizionimpex.com\/#website\",\"url\":\"https:\/\/vizionimpex.com\/\",\"name\":\"VIZION IMPEX\",\"description\":\"- Parkete Laminat Gjermane, Parkete Druri, Aksesore, Parkete Laminat, Tirane\",\"potentialAction\":[{\"@type\":\"SearchAction\",\"target\":{\"@type\":\"EntryPoint\",\"urlTemplate\":\"https:\/\/vizionimpex.com\/?s={search_term_string}\"},\"query-input\":{\"@type\":\"PropertyValueSpecification\",\"valueRequired\":true,\"valueName\":\"search_term_string\"}}],\"inLanguage\":\"en-US\"}]}<\/script>\n<!-- \/ Yoast SEO plugin. -->","yoast_head_json":{"title":"Legend 4V \u2013 Dysheme Rezistente ndaj Ujit 48 Or\u00eb | Classen Premium","description":"Zbuloni Legend 4V: dysheme druri dhe laminat Classen rezistente ndaj ujit p\u00ebr 48 or\u00eb, t\u00eb q\u00ebndrueshme dhe elegante, ideale p\u00ebr sht\u00ebpi dhe zyra.","robots":{"index":"index","follow":"follow","max-snippet":"max-snippet:-1","max-image-preview":"max-image-preview:large","max-video-preview":"max-video-preview:-1"},"canonical":"https:\/\/vizionimpex.com\/index.php\/legend-4v-2\/?lang=sq","og_locale":"en_US","og_type":"article","og_title":"Legend 4V \u2013 Dysheme Rezistente ndaj Ujit 48 Or\u00eb | Classen Premium","og_description":"Zbuloni Legend 4V: dysheme druri dhe laminat Classen rezistente ndaj ujit p\u00ebr 48 or\u00eb, t\u00eb q\u00ebndrueshme dhe elegante, ideale p\u00ebr sht\u00ebpi dhe zyra.","og_url":"https:\/\/vizionimpex.com\/index.php\/legend-4v-2\/?lang=sq","og_site_name":"VIZION IMPEX","article_modified_time":"2025-09-15T13:28:34+00:00","twitter_card":"summary_large_image","twitter_misc":{"Est. reading time":"2 minutes"},"schema":{"@context":"https:\/\/schema.org","@graph":[{"@type":"WebPage","@id":"https:\/\/vizionimpex.com\/index.php\/legend-4v-2\/?lang=sq","url":"https:\/\/vizionimpex.com\/index.php\/legend-4v-2\/?lang=sq","name":"Legend 4V \u2013 Dysheme Rezistente ndaj Ujit 48 Or\u00eb | Classen Premium","isPartOf":{"@id":"https:\/\/vizionimpex.com\/#website"},"datePublished":"2025-09-08T13:45:49+00:00","dateModified":"2025-09-15T13:28:34+00:00","description":"Zbuloni Legend 4V: dysheme druri dhe laminat Classen rezistente ndaj ujit p\u00ebr 48 or\u00eb, t\u00eb q\u00ebndrueshme dhe elegante, ideale p\u00ebr sht\u00ebpi dhe zyra.","breadcrumb":{"@id":"https:\/\/vizionimpex.com\/index.php\/legend-4v-2\/?lang=sq#breadcrumb"},"inLanguage":"en-US","potentialAction":[{"@type":"ReadAction","target":["https:\/\/vizionimpex.com\/index.php\/legend-4v-2\/?lang=sq"]}]},{"@type":"BreadcrumbList","@id":"https:\/\/vizionimpex.com\/index.php\/legend-4v-2\/?lang=sq#breadcrumb","itemListElement":[{"@type":"ListItem","position":1,"name":"Home","item":"https:\/\/vizionimpex.com\/"},{"@type":"ListItem","position":2,"name":"Legend 4V"}]},{"@type":"WebSite","@id":"https:\/\/vizionimpex.com\/#website","url":"https:\/\/vizionimpex.com\/","name":"VIZION IMPEX","description":"- Parkete Laminat Gjermane, Parkete Druri, Aksesore, Parkete Laminat, Tirane","potentialAction":[{"@type":"SearchAction","target":{"@type":"EntryPoint","urlTemplate":"https:\/\/vizionimpex.com\/?s={search_term_string}"},"query-input":{"@type":"PropertyValueSpecification","valueRequired":true,"valueName":"search_term_string"}}],"inLanguage":"en-US"}]}},"_links":{"self":[{"href":"https:\/\/vizionimpex.com\/index.php\/wp-json\/wp\/v2\/pages\/2456","targetHints":{"allow":["GET"]}}],"collection":[{"href":"https:\/\/vizionimpex.com\/index.php\/wp-json\/wp\/v2\/pages"}],"about":[{"href":"https:\/\/vizionimpex.com\/index.php\/wp-json\/wp\/v2\/types\/page"}],"author":[{"embeddable":true,"href":"https:\/\/vizionimpex.com\/index.php\/wp-json\/wp\/v2\/users\/1"}],"replies":[{"embeddable":true,"href":"https:\/\/vizionimpex.com\/index.php\/wp-json\/wp\/v2\/comments?post=2456"}],"version-history":[{"count":1,"href":"https:\/\/vizionimpex.com\/index.php\/wp-json\/wp\/v2\/pages\/2456\/revisions"}],"predecessor-version":[{"id":2457,"href":"https:\/\/vizionimpex.com\/index.php\/wp-json\/wp\/v2\/pages\/2456\/revisions\/2457"}],"wp:attachment":[{"href":"https:\/\/vizionimpex.com\/index.php\/wp-json\/wp\/v2\/media?parent=2456"}],"curies":[{"name":"wp","href":"https:\/\/api.w.org\/{rel}","templated":true}]}}