{"id":1256,"date":"2019-04-05T15:01:39","date_gmt":"2019-04-05T15:01:39","guid":{"rendered":"https:\/\/vizionimpex.com\/index.php\/contact\/"},"modified":"2025-09-12T13:21:33","modified_gmt":"2025-09-12T13:21:33","slug":"contact","status":"publish","type":"page","link":"https:\/\/vizionimpex.com\/index.php\/contact\/?lang=sq","title":{"rendered":"KONTAKT"},"content":{"rendered":"<div class=\"wpb-content-wrapper\"><p>[vc_row full_width=&#8221;stretch_row_content_no_spaces&#8221; css=&#8221;.vc_custom_1554475136857{margin-top: -69px !important;}&#8221;][vc_column][vc_gmaps link=&#8221;#E-8_JTNDaWZyYW1lJTIwc3JjJTNEJTIyaHR0cHMlM0ElMkYlMkZ3d3cuZ29vZ2xlLmNvbSUyRm1hcHMlMkZlbWJlZCUzRnBiJTNEJTIxMW0xOCUyMTFtMTIlMjExbTMlMjExZDI5OTUuNDU4MTYxMDkxMDAwNCUyMTJkMTkuNzcyODE5MiUyMTNkNDEuMzQyMzk0MyUyMTJtMyUyMTFmMCUyMTJmMCUyMTNmMCUyMTNtMiUyMTFpMTAyNCUyMTJpNzY4JTIxNGYxMy4xJTIxM20zJTIxMW0yJTIxMXMweDEzNTAzMWQ2MWIzYzdhMTUlMjUzQTB4NjJjN2MyYTk5NjhiMmNlMSUyMTJzVml6aW9uJTI1MjBJbXBleCUyNTIwQ2VudGVyJTIxNWUwJTIxM20yJTIxMXNlbiUyMTJzJTIxNHYxNzQwNDA0ODAzODgxJTIxNW0yJTIxMXNlbiUyMTJzJTIyJTIwd2lkdGglM0QlMjI2MDAlMjIlMjBoZWlnaHQlM0QlMjI0NTAlMjIlMjBzdHlsZSUzRCUyMmJvcmRlciUzQTAlM0IlMjIlMjBhbGxvd2Z1bGxzY3JlZW4lM0QlMjIlMjIlMjBsb2FkaW5nJTNEJTIybGF6eSUyMiUyMHJlZmVycmVycG9saWN5JTNEJTIybm8tcmVmZXJyZXItd2hlbi1kb3duZ3JhZGUlMjIlM0UlM0MlMkZpZnJhbWUlM0U=&#8221;][\/vc_column][\/vc_row][vc_row full_width=&#8221;stretch_row_content_no_spaces&#8221;][vc_column width=&#8221;1\/6&#8243;][\/vc_column][vc_column width=&#8221;2\/3&#8243;][vc_custom_heading text=&#8221;Na Kontaktoni \u2013 Vizion Impex&#8221; font_container=&#8221;tag:h3|text_align:center&#8221; use_theme_fonts=&#8221;yes&#8221; css=&#8221;&#8221;][vc_column_text css=&#8221;&#8221;]<\/p>\n<p style=\"text-align: center;\">Keni pyetje p\u00ebr <strong data-start=\"260\" data-end=\"345\">laminat gjerman, parket druri, parket inxhinierik, SPC Floor ose pllaka dyshemeje<\/strong>? <a href=\"https:\/\/vizionimpex.com\/?lang=sq\"><strong data-start=\"347\" data-end=\"363\">Vizion Impex<\/strong><\/a> \u00ebsht\u00eb k\u00ebtu p\u00ebr t\u2019ju ndihmuar! Na kontaktoni p\u00ebr <strong data-start=\"412\" data-end=\"474\">k\u00ebshillim teknik, oferta p\u00ebr produkte dhe sh\u00ebrbime montimi<\/strong>, ose p\u00ebr t\u00eb vizituar <strong data-start=\"496\" data-end=\"541\">sall\u00ebn ekspozitive n\u00eb <a href=\"https:\/\/maps.app.goo.gl\/LeD3s6o1qGLqErg26\">VIZION IMPEX CENTER, Tiran\u00eb<\/a>. <\/strong>Stafi yn\u00eb profesional do t\u2019ju ofroj\u00eb mb\u00ebshtetje t\u00eb personalizuar p\u00ebr \u00e7do projekt mobilimi.<\/p>\n<p>[\/vc_column_text][\/vc_column][vc_column width=&#8221;1\/6&#8243;][\/vc_column][\/vc_row][vc_row][vc_column width=&#8221;2\/3&#8243;]<form class=\"dt-contact-form dt-form\" method=\"post\"><input type=\"hidden\" name=\"widget_id\" value=\"presscore-contact-form-widget--1\" \/><input type=\"hidden\" name=\"send_message\" value=\"\" \/><input type=\"hidden\" name=\"security_token\" value=\"d6d2214876bf3df82379\"\/><div class=\"form-fields\"><span class=\"form-name\"><label class=\"assistive-text\">Name *<\/label><input type=\"text\" class=\"validate[required]\" placeholder=\"Name *\" name=\"name\" value=\"\" aria-required=\"true\">\n<\/span><span class=\"form-mail\"><label class=\"assistive-text\">E-mail *<\/label><input type=\"text\" class=\"validate[required,custom[email]]\" placeholder=\"E-mail *\" name=\"email\" value=\"\" aria-required=\"true\">\n<\/span><\/div><span class=\"form-message\"><label class=\"assistive-text\">Message *<\/label><textarea class=\"validate[required]\" placeholder=\"Message *\" name=\"message\" rows=\"6\" aria-required=\"true\"><\/textarea>\n<\/span><p><a href=\"#\" class=\"dt-btn dt-btn-m dt-btn-submit\" rel=\"nofollow\"><span>Send message<\/span><\/a><input class=\"assistive-text\" type=\"submit\" value=\"submit\"><\/p><\/form>\n[\/vc_column][vc_column width=&#8221;1\/3&#8243;]<div class=\"aio-icon-component    style_1\"><div id=\"Info-box-wrap-9368\" class=\"aio-icon-box default-icon\" style=\"\"  ><div class=\"aio-icon-default\"><div class=\"ult-just-icon-wrapper  \"><div class=\"align-icon\" style=\"text-align:center;\">\n<div class=\"aio-icon-img \" style=\"font-size:48px;display:inline-block;\" >\n\t<img decoding=\"async\" class=\"img-icon\" alt=\"null\" src=\"https:\/\/vizionimpex.com\/wp-content\/uploads\/2019\/04\/facebook-placeholder-for-locate-places-on-maps-2.png\"\/>\n<\/div><\/div><\/div><\/div><div class=\"aio-icon-header\" ><h3 class=\"aio-icon-title ult-responsive\"  data-ultimate-target='#Info-box-wrap-9368 .aio-icon-title'  data-responsive-json-new='{\"font-size\":\"\",\"line-height\":\"\"}'  style=\"\">Kamza Overpass Autostrada Tirane-Durres km 0, Tiran\u00eb 1031, Albania<\/h3><\/div> <!-- header --><\/div> <!-- aio-icon-box --><\/div> <!-- aio-icon-component --><div class=\"aio-icon-component    style_1\"><div id=\"Info-box-wrap-1162\" class=\"aio-icon-box default-icon\" style=\"\"  ><div class=\"aio-icon-default\"><div class=\"ult-just-icon-wrapper  \"><div class=\"align-icon\" style=\"text-align:center;\">\n<div class=\"aio-icon-img \" style=\"font-size:48px;display:inline-block;\" >\n\t<img decoding=\"async\" class=\"img-icon\" alt=\"null\" src=\"https:\/\/vizionimpex.com\/wp-content\/uploads\/2019\/04\/telephone-3.png\"\/>\n<\/div><\/div><\/div><\/div><div class=\"aio-icon-header\" ><h3 class=\"aio-icon-title ult-responsive\"  data-ultimate-target='#Info-box-wrap-1162 .aio-icon-title'  data-responsive-json-new='{\"font-size\":\"\",\"line-height\":\"\"}'  style=\"\">+355 68 408 1234<\/h3><\/div> <!-- header --><\/div> <!-- aio-icon-box --><\/div> <!-- aio-icon-component --><div class=\"aio-icon-component    style_1\"><div id=\"Info-box-wrap-1907\" class=\"aio-icon-box default-icon\" style=\"\"  ><div class=\"aio-icon-default\"><div class=\"ult-just-icon-wrapper  \"><div class=\"align-icon\" style=\"text-align:center;\">\n<div class=\"aio-icon-img \" style=\"font-size:48px;display:inline-block;\" >\n\t<img decoding=\"async\" class=\"img-icon\" alt=\"null\" src=\"https:\/\/vizionimpex.com\/wp-content\/uploads\/2019\/04\/mail-1.png\"\/>\n<\/div><\/div><\/div><\/div><div class=\"aio-icon-header\" ><h3 class=\"aio-icon-title ult-responsive\"  data-ultimate-target='#Info-box-wrap-1907 .aio-icon-title'  data-responsive-json-new='{\"font-size\":\"\",\"line-height\":\"\"}'  style=\"\">info@vizionimpex.com<\/h3><\/div> <!-- header --><\/div> <!-- aio-icon-box --><\/div> <!-- aio-icon-component -->[\/vc_column][\/vc_row][vc_row][vc_column][vc_custom_heading text=&#8221;Laminat Gjerman&#8221; font_container=&#8221;tag:h2|text_align:left|color:%23FFFFFF&#8221; use_theme_fonts=&#8221;yes&#8221; css=&#8221;&#8221;][\/vc_column][\/vc_row]<\/p>\n<\/div>","protected":false},"excerpt":{"rendered":"<p>[vc_row full_width=&#8221;stretch_row_content_no_spaces&#8221; css=&#8221;.vc_custom_1554475136857{margin-top: -69px !important;}&#8221;][vc_column][vc_gmaps link=&#8221;#E-8_JTNDaWZyYW1lJTIwc3JjJTNEJTIyaHR0cHMlM0ElMkYlMkZ3d3cuZ29vZ2xlLmNvbSUyRm1hcHMlMkZlbWJlZCUzRnBiJTNEJTIxMW0xOCUyMTFtMTIlMjExbTMlMjExZDI5OTUuNDU4MTYxMDkxMDAwNCUyMTJkMTkuNzcyODE5MiUyMTNkNDEuMzQyMzk0MyUyMTJtMyUyMTFmMCUyMTJmMCUyMTNmMCUyMTNtMiUyMTFpMTAyNCUyMTJpNzY4JTIxNGYxMy4xJTIxM20zJTIxMW0yJTIxMXMweDEzNTAzMWQ2MWIzYzdhMTUlMjUzQTB4NjJjN2MyYTk5NjhiMmNlMSUyMTJzVml6aW9uJTI1MjBJbXBleCUyNTIwQ2VudGVyJTIxNWUwJTIxM20yJTIxMXNlbiUyMTJzJTIxNHYxNzQwNDA0ODAzODgxJTIxNW0yJTIxMXNlbiUyMTJzJTIyJTIwd2lkdGglM0QlMjI2MDAlMjIlMjBoZWlnaHQlM0QlMjI0NTAlMjIlMjBzdHlsZSUzRCUyMmJvcmRlciUzQTAlM0IlMjIlMjBhbGxvd2Z1bGxzY3JlZW4lM0QlMjIlMjIlMjBsb2FkaW5nJTNEJTIybGF6eSUyMiUyMHJlZmVycmVycG9saWN5JTNEJTIybm8tcmVmZXJyZXItd2hlbi1kb3duZ3JhZGUlMjIlM0UlM0MlMkZpZnJhbWUlM0U=&#8221;][\/vc_column][\/vc_row][vc_row full_width=&#8221;stretch_row_content_no_spaces&#8221;][vc_column width=&#8221;1\/6&#8243;][\/vc_column][vc_column width=&#8221;2\/3&#8243;][vc_custom_heading text=&#8221;Na Kontaktoni \u2013 Vizion Impex&#8221; font_container=&#8221;tag:h3|text_align:center&#8221; use_theme_fonts=&#8221;yes&#8221; css=&#8221;&#8221;][vc_column_text css=&#8221;&#8221;] Keni pyetje p\u00ebr laminat gjerman, parket druri, parket inxhinierik, SPC Floor ose pllaka dyshemeje? Vizion Impex \u00ebsht\u00eb k\u00ebtu p\u00ebr t\u2019ju ndihmuar! Na kontaktoni p\u00ebr k\u00ebshillim teknik, oferta p\u00ebr produkte dhe sh\u00ebrbime montimi, ose p\u00ebr t\u00eb vizituar sall\u00ebn&hellip;<\/p>\n","protected":false},"author":2,"featured_media":0,"parent":0,"menu_order":0,"comment_status":"closed","ping_status":"closed","template":"","meta":{"footnotes":""},"class_list":["post-1256","page","type-page","status-publish","hentry","description-off"],"yoast_head":"<!-- This site is optimized with the Yoast SEO plugin v26.7 - https:\/\/yoast.com\/wordpress\/plugins\/seo\/ -->\n<title>Kontakt | Laminat Gjerman, Parket Druri &amp; SPC Floor<\/title>\n<meta name=\"description\" content=\"Na kontaktoni n\u00eb Vizion Impex p\u00ebr k\u00ebshillim teknik dhe oferta p\u00ebr produktet tona si laminat gjerman etj. Sall\u00eb ekspozitave Casa Italia, Tiran\u00eb\" \/>\n<meta name=\"robots\" content=\"index, follow, max-snippet:-1, max-image-preview:large, max-video-preview:-1\" \/>\n<link rel=\"canonical\" href=\"https:\/\/vizionimpex.com\/index.php\/contact\/?lang=sq\" \/>\n<meta property=\"og:locale\" content=\"en_US\" \/>\n<meta property=\"og:type\" content=\"article\" \/>\n<meta property=\"og:title\" content=\"Kontakt | Laminat Gjerman, Parket Druri &amp; SPC Floor\" \/>\n<meta property=\"og:description\" content=\"Na kontaktoni n\u00eb Vizion Impex p\u00ebr k\u00ebshillim teknik dhe oferta p\u00ebr produktet tona si laminat gjerman etj. Sall\u00eb ekspozitave Casa Italia, Tiran\u00eb\" \/>\n<meta property=\"og:url\" content=\"https:\/\/vizionimpex.com\/index.php\/contact\/?lang=sq\" \/>\n<meta property=\"og:site_name\" content=\"VIZION IMPEX\" \/>\n<meta property=\"article:modified_time\" content=\"2025-09-12T13:21:33+00:00\" \/>\n<meta name=\"twitter:card\" content=\"summary_large_image\" \/>\n<meta name=\"twitter:label1\" content=\"Est. reading time\" \/>\n\t<meta name=\"twitter:data1\" content=\"1 minute\" \/>\n<script type=\"application\/ld+json\" class=\"yoast-schema-graph\">{\"@context\":\"https:\/\/schema.org\",\"@graph\":[{\"@type\":\"WebPage\",\"@id\":\"https:\/\/vizionimpex.com\/index.php\/contact\/?lang=sq\",\"url\":\"https:\/\/vizionimpex.com\/index.php\/contact\/?lang=sq\",\"name\":\"Kontakt | Laminat Gjerman, Parket Druri & SPC Floor\",\"isPartOf\":{\"@id\":\"https:\/\/vizionimpex.com\/#website\"},\"datePublished\":\"2019-04-05T15:01:39+00:00\",\"dateModified\":\"2025-09-12T13:21:33+00:00\",\"description\":\"Na kontaktoni n\u00eb Vizion Impex p\u00ebr k\u00ebshillim teknik dhe oferta p\u00ebr produktet tona si laminat gjerman etj. Sall\u00eb ekspozitave Casa Italia, Tiran\u00eb\",\"breadcrumb\":{\"@id\":\"https:\/\/vizionimpex.com\/index.php\/contact\/?lang=sq#breadcrumb\"},\"inLanguage\":\"en-US\",\"potentialAction\":[{\"@type\":\"ReadAction\",\"target\":[\"https:\/\/vizionimpex.com\/index.php\/contact\/?lang=sq\"]}]},{\"@type\":\"BreadcrumbList\",\"@id\":\"https:\/\/vizionimpex.com\/index.php\/contact\/?lang=sq#breadcrumb\",\"itemListElement\":[{\"@type\":\"ListItem\",\"position\":1,\"name\":\"Home\",\"item\":\"https:\/\/vizionimpex.com\/\"},{\"@type\":\"ListItem\",\"position\":2,\"name\":\"KONTAKT\"}]},{\"@type\":\"WebSite\",\"@id\":\"https:\/\/vizionimpex.com\/#website\",\"url\":\"https:\/\/vizionimpex.com\/\",\"name\":\"VIZION IMPEX\",\"description\":\"- Parkete Laminat Gjermane, Parkete Druri, Aksesore, Parkete Laminat, Tirane\",\"potentialAction\":[{\"@type\":\"SearchAction\",\"target\":{\"@type\":\"EntryPoint\",\"urlTemplate\":\"https:\/\/vizionimpex.com\/?s={search_term_string}\"},\"query-input\":{\"@type\":\"PropertyValueSpecification\",\"valueRequired\":true,\"valueName\":\"search_term_string\"}}],\"inLanguage\":\"en-US\"}]}<\/script>\n<!-- \/ Yoast SEO plugin. -->","yoast_head_json":{"title":"Kontakt | Laminat Gjerman, Parket Druri & SPC Floor","description":"Na kontaktoni n\u00eb Vizion Impex p\u00ebr k\u00ebshillim teknik dhe oferta p\u00ebr produktet tona si laminat gjerman etj. Sall\u00eb ekspozitave Casa Italia, Tiran\u00eb","robots":{"index":"index","follow":"follow","max-snippet":"max-snippet:-1","max-image-preview":"max-image-preview:large","max-video-preview":"max-video-preview:-1"},"canonical":"https:\/\/vizionimpex.com\/index.php\/contact\/?lang=sq","og_locale":"en_US","og_type":"article","og_title":"Kontakt | Laminat Gjerman, Parket Druri & SPC Floor","og_description":"Na kontaktoni n\u00eb Vizion Impex p\u00ebr k\u00ebshillim teknik dhe oferta p\u00ebr produktet tona si laminat gjerman etj. Sall\u00eb ekspozitave Casa Italia, Tiran\u00eb","og_url":"https:\/\/vizionimpex.com\/index.php\/contact\/?lang=sq","og_site_name":"VIZION IMPEX","article_modified_time":"2025-09-12T13:21:33+00:00","twitter_card":"summary_large_image","twitter_misc":{"Est. reading time":"1 minute"},"schema":{"@context":"https:\/\/schema.org","@graph":[{"@type":"WebPage","@id":"https:\/\/vizionimpex.com\/index.php\/contact\/?lang=sq","url":"https:\/\/vizionimpex.com\/index.php\/contact\/?lang=sq","name":"Kontakt | Laminat Gjerman, Parket Druri & SPC Floor","isPartOf":{"@id":"https:\/\/vizionimpex.com\/#website"},"datePublished":"2019-04-05T15:01:39+00:00","dateModified":"2025-09-12T13:21:33+00:00","description":"Na kontaktoni n\u00eb Vizion Impex p\u00ebr k\u00ebshillim teknik dhe oferta p\u00ebr produktet tona si laminat gjerman etj. Sall\u00eb ekspozitave Casa Italia, Tiran\u00eb","breadcrumb":{"@id":"https:\/\/vizionimpex.com\/index.php\/contact\/?lang=sq#breadcrumb"},"inLanguage":"en-US","potentialAction":[{"@type":"ReadAction","target":["https:\/\/vizionimpex.com\/index.php\/contact\/?lang=sq"]}]},{"@type":"BreadcrumbList","@id":"https:\/\/vizionimpex.com\/index.php\/contact\/?lang=sq#breadcrumb","itemListElement":[{"@type":"ListItem","position":1,"name":"Home","item":"https:\/\/vizionimpex.com\/"},{"@type":"ListItem","position":2,"name":"KONTAKT"}]},{"@type":"WebSite","@id":"https:\/\/vizionimpex.com\/#website","url":"https:\/\/vizionimpex.com\/","name":"VIZION IMPEX","description":"- Parkete Laminat Gjermane, Parkete Druri, Aksesore, Parkete Laminat, Tirane","potentialAction":[{"@type":"SearchAction","target":{"@type":"EntryPoint","urlTemplate":"https:\/\/vizionimpex.com\/?s={search_term_string}"},"query-input":{"@type":"PropertyValueSpecification","valueRequired":true,"valueName":"search_term_string"}}],"inLanguage":"en-US"}]}},"_links":{"self":[{"href":"https:\/\/vizionimpex.com\/index.php\/wp-json\/wp\/v2\/pages\/1256","targetHints":{"allow":["GET"]}}],"collection":[{"href":"https:\/\/vizionimpex.com\/index.php\/wp-json\/wp\/v2\/pages"}],"about":[{"href":"https:\/\/vizionimpex.com\/index.php\/wp-json\/wp\/v2\/types\/page"}],"author":[{"embeddable":true,"href":"https:\/\/vizionimpex.com\/index.php\/wp-json\/wp\/v2\/users\/2"}],"replies":[{"embeddable":true,"href":"https:\/\/vizionimpex.com\/index.php\/wp-json\/wp\/v2\/comments?post=1256"}],"version-history":[{"count":9,"href":"https:\/\/vizionimpex.com\/index.php\/wp-json\/wp\/v2\/pages\/1256\/revisions"}],"predecessor-version":[{"id":2419,"href":"https:\/\/vizionimpex.com\/index.php\/wp-json\/wp\/v2\/pages\/1256\/revisions\/2419"}],"wp:attachment":[{"href":"https:\/\/vizionimpex.com\/index.php\/wp-json\/wp\/v2\/media?parent=1256"}],"curies":[{"name":"wp","href":"https:\/\/api.w.org\/{rel}","templated":true}]}}