{"id":1238,"date":"2020-12-11T16:31:58","date_gmt":"2020-12-11T16:31:58","guid":{"rendered":"https:\/\/vizionimpex.com\/index.php\/hks-inbetween\/"},"modified":"2025-11-27T08:41:35","modified_gmt":"2025-11-27T08:41:35","slug":"hks-inbetween","status":"publish","type":"page","link":"https:\/\/vizionimpex.com\/index.php\/hks-inbetween\/?lang=sq","title":{"rendered":"HKS inbetween"},"content":{"rendered":"<div class=\"wpb-content-wrapper\"><p>[vc_row][vc_column width=&#8221;1\/2&#8243;][vc_row_inner][vc_column_inner css=&#8221;.vc_custom_1607525771552{margin-top: -25px !important;}&#8221;][vc_single_image image=&#8221;1092&#8243; img_size=&#8221;650&#215;485&#8243; alignment=&#8221;center&#8221; onclick=&#8221;link_image&#8221; image_hovers=&#8221;false&#8221;][\/vc_column_inner][\/vc_row_inner][\/vc_column][vc_column width=&#8221;1\/2&#8243;][vc_custom_heading text=&#8221;HKS inbetween&#8221; use_theme_fonts=&#8221;yes&#8221; css=&#8221;&#8221;][vc_separator color=&#8221;black&#8221; align=&#8221;align_left&#8221; el_width=&#8221;10&#8243;][vc_column_text css=&#8221;.vc_custom_1764232884357{margin-top: -20px !important;}&#8221;]<\/p>\n<header>\n<h2 class=\"\">Parket Druri me d\u00ebrras\u00eb lisi<\/h2>\n<\/header>\n<div class=\"ce-textpic ce-left ce-above\">\n<div class=\"ce-bodytext\">\n<p data-start=\"91\" data-end=\"389\"><strong data-start=\"122\" data-end=\"171\">Parket druri me d\u00ebrras\u00eb lisi \u2013 Classic Floor<\/strong> \u00ebsht\u00eb nj\u00eb zgjedhje ideale p\u00ebr ambientet q\u00eb k\u00ebrkojn\u00eb eleganc\u00eb dhe rezistenc\u00eb. Kjo dysheme klasike me 1 d\u00ebrras\u00eb ka <strong data-start=\"285\" data-end=\"303\">trash\u00ebsi 14 mm<\/strong> dhe <strong data-start=\"308\" data-end=\"340\">shtres\u00eb t\u00eb sip\u00ebrme lisi 3 mm<\/strong>, duke ofruar q\u00ebndrueshm\u00ebri dhe pamje natyrale.<\/p>\n<p data-start=\"391\" data-end=\"692\">Sistemi me gjuh\u00eb dhe brazd\u00eb rreth e rrotull, i kombinuar me mikro pjerr\u00ebsi n\u00eb t\u00eb kat\u00ebr an\u00ebt (<strong data-start=\"484\" data-end=\"491\">GO4<\/strong>), siguron nj\u00eb montim t\u00eb sakt\u00eb dhe p\u00ebrfundim estetik. Baza me kompensat\u00eb cil\u00ebsore dhe gjat\u00ebsia e paket\u00ebs prej <strong data-start=\"601\" data-end=\"629\">1,900 mm (sistemi 6-1-0)<\/strong> e b\u00ebjn\u00eb k\u00ebt\u00eb produkt t\u00eb p\u00ebrshtatsh\u00ebm p\u00ebr p\u00ebrdorim afatgjat\u00eb.<\/p>\n<p data-start=\"694\" data-end=\"915\">\u00c7do kuti \u00ebsht\u00eb e paketuar me mb\u00ebshtjellje kund\u00ebr tkurrjes p\u00ebr mbrojtje maksimale. Prodhuar sipas <strong data-start=\"791\" data-end=\"819\">standardeve DIN EN 13489<\/strong>, kjo dysheme ofron <strong data-start=\"839\" data-end=\"859\">cil\u00ebsi \u201cfshatar\u201d<\/strong>, duke theksuar karakterin autentik t\u00eb drurit natyral.<\/p>\n<\/div>\n<\/div>\n<div id=\"gtx-trans\" style=\"position: absolute; left: -42px; top: 40.4219px;\">\n<div class=\"gtx-trans-icon\"><\/div>\n<\/div>\n<p>[\/vc_column_text][\/vc_column][\/vc_row][vc_row][vc_column width=&#8221;1\/3&#8243;][vc_empty_space][vc_row_inner][vc_column_inner width=&#8221;1\/3&#8243;][vc_single_image image=&#8221;1052&#8243; img_size=&#8221;full&#8221; alignment=&#8221;center&#8221; onclick=&#8221;link_image&#8221; image_hovers=&#8221;false&#8221;][\/vc_column_inner][vc_column_inner width=&#8221;1\/3&#8243;][vc_single_image image=&#8221;914&#8243; img_size=&#8221;full&#8221; alignment=&#8221;center&#8221; onclick=&#8221;link_image&#8221; image_hovers=&#8221;false&#8221;][\/vc_column_inner][\/vc_row_inner][vc_empty_space][\/vc_column][vc_column width=&#8221;2\/3&#8243;][vc_row_inner][vc_column_inner width=&#8221;1\/4&#8243;][\/vc_column_inner][vc_column_inner width=&#8221;3\/4&#8243;][\/vc_column_inner][\/vc_row_inner][\/vc_column][\/vc_row][vc_row][vc_column width=&#8221;1\/2&#8243;][vc_single_image image=&#8221;1093&#8243; img_size=&#8221;full&#8221; onclick=&#8221;link_image&#8221; image_hovers=&#8221;false&#8221;][vc_column_text]<\/p>\n<div id=\"c300\" class=\"frame frame-default frame-type-textpic frame-layout-0\">\n<div class=\"helperDiv\">\n<div class=\"ce-textpic ce-left ce-above\">\n<div class=\"ce-bodytext\">\n<div id=\"c2767\" class=\"frame frame-default frame-type-text frame-layout-0\">\n<div class=\"helperDiv\">\n<p>14\/3 x 190 x ( 600\u20131.900 ) mm<\/p>\n<\/div>\n<\/div>\n<\/div>\n<\/div>\n<\/div>\n<\/div>\n<p>[\/vc_column_text][\/vc_column][vc_column width=&#8221;1\/2&#8243;][\/vc_column][\/vc_row][vc_row][vc_column width=&#8221;1\/2&#8243;][\/vc_column][vc_column width=&#8221;1\/2&#8243;][\/vc_column][\/vc_row][vc_row][vc_column][vc_row_inner][vc_column_inner width=&#8221;1\/2&#8243;][vc_single_image image=&#8221;1094&#8243; img_size=&#8221;full&#8221; alignment=&#8221;center&#8221; onclick=&#8221;link_image&#8221; image_hovers=&#8221;false&#8221;][vc_custom_heading text=&#8221;i krehur, i pap\u00ebrfunduar&#8221; font_container=&#8221;tag:h2|font_size:18|text_align:center&#8221; google_fonts=&#8221;font_family:Montserrat%3Aregular%2C700|font_style:400%20regular%3A400%3Anormal&#8221;][\/vc_column_inner][vc_column_inner width=&#8221;1\/2&#8243;][vc_single_image image=&#8221;1095&#8243; img_size=&#8221;full&#8221; alignment=&#8221;center&#8221; onclick=&#8221;link_image&#8221; image_hovers=&#8221;false&#8221;][\/vc_column_inner][\/vc_row_inner][vc_separator color=&#8221;black&#8221; el_width=&#8221;90&#8243;][\/vc_column][\/vc_row][vc_row][vc_column][vc_row_inner][vc_column_inner width=&#8221;1\/2&#8243;][vc_single_image image=&#8221;1096&#8243; img_size=&#8221;full&#8221; alignment=&#8221;center&#8221; onclick=&#8221;link_image&#8221; image_hovers=&#8221;false&#8221;][vc_custom_heading text=&#8221;krehur, vaj i natyrshem&#8221; font_container=&#8221;tag:h2|font_size:18|text_align:center&#8221; google_fonts=&#8221;font_family:Montserrat%3Aregular%2C700|font_style:400%20regular%3A400%3Anormal&#8221;][\/vc_column_inner][vc_column_inner width=&#8221;1\/2&#8243;][vc_single_image image=&#8221;1097&#8243; img_size=&#8221;full&#8221; alignment=&#8221;center&#8221; onclick=&#8221;link_image&#8221; image_hovers=&#8221;false&#8221;][\/vc_column_inner][\/vc_row_inner][vc_separator color=&#8221;black&#8221; el_width=&#8221;90&#8243;][vc_row_inner][vc_column_inner width=&#8221;1\/2&#8243;][vc_single_image image=&#8221;1098&#8243; img_size=&#8221;full&#8221; alignment=&#8221;center&#8221; onclick=&#8221;link_image&#8221; image_hovers=&#8221;false&#8221;][vc_custom_heading text=&#8221;krehur, vaj i bardhe&#8221; font_container=&#8221;tag:h2|font_size:18|text_align:center&#8221; google_fonts=&#8221;font_family:Montserrat%3Aregular%2C700|font_style:400%20regular%3A400%3Anormal&#8221;][\/vc_column_inner][vc_column_inner width=&#8221;1\/2&#8243;][vc_single_image image=&#8221;1099&#8243; img_size=&#8221;full&#8221; alignment=&#8221;center&#8221; onclick=&#8221;link_image&#8221; image_hovers=&#8221;false&#8221;][\/vc_column_inner][\/vc_row_inner][vc_separator color=&#8221;black&#8221; el_width=&#8221;90&#8243;][\/vc_column][\/vc_row][vc_row][vc_column width=&#8221;1\/2&#8243;][vc_btn title=&#8221;Made in Germany&#8221; style=&#8221;custom&#8221; custom_background=&#8221;#494949&#8243; custom_text=&#8221;#ffffff&#8221; shape=&#8221;square&#8221; align=&#8221;left&#8221; css=&#8221;.vc_custom_1637596358021{padding-top: 30px !important;}&#8221;][\/vc_column][vc_column width=&#8221;1\/2&#8243;][\/vc_column][\/vc_row]<\/p>\n<\/div>","protected":false},"excerpt":{"rendered":"<p>[vc_row][vc_column width=&#8221;1\/2&#8243;][vc_row_inner][vc_column_inner css=&#8221;.vc_custom_1607525771552{margin-top: -25px !important;}&#8221;][vc_single_image image=&#8221;1092&#8243; img_size=&#8221;650&#215;485&#8243; alignment=&#8221;center&#8221; onclick=&#8221;link_image&#8221; image_hovers=&#8221;false&#8221;][\/vc_column_inner][\/vc_row_inner][\/vc_column][vc_column width=&#8221;1\/2&#8243;][vc_custom_heading text=&#8221;HKS inbetween&#8221; use_theme_fonts=&#8221;yes&#8221; css=&#8221;&#8221;][vc_separator color=&#8221;black&#8221; align=&#8221;align_left&#8221; el_width=&#8221;10&#8243;][vc_column_text css=&#8221;.vc_custom_1764232884357{margin-top: -20px !important;}&#8221;] Parket Druri me d\u00ebrras\u00eb lisi Parket druri me d\u00ebrras\u00eb lisi \u2013 Classic Floor \u00ebsht\u00eb nj\u00eb zgjedhje ideale p\u00ebr ambientet q\u00eb k\u00ebrkojn\u00eb eleganc\u00eb dhe rezistenc\u00eb. Kjo dysheme klasike me 1 d\u00ebrras\u00eb ka trash\u00ebsi 14 mm&hellip;<\/p>\n","protected":false},"author":1,"featured_media":0,"parent":0,"menu_order":0,"comment_status":"closed","ping_status":"closed","template":"","meta":{"footnotes":""},"class_list":["post-1238","page","type-page","status-publish","hentry","description-off"],"yoast_head":"<!-- This site is optimized with the Yoast SEO plugin v26.7 - https:\/\/yoast.com\/wordpress\/plugins\/seo\/ -->\n<title>HKS Inbetween \u2013 Parket Druri Premium &amp; Dizajn Unik p\u00ebr Sht\u00ebpin\u00eb tuaj<\/title>\n<meta name=\"description\" content=\"Zbuloni koleksionin HKS Inbetween me parket elegant, cil\u00ebsi gjermane dhe stil modern. Ideale p\u00ebr ambiente t\u00eb ngrohta dhe afatgjata.\" \/>\n<meta name=\"robots\" content=\"index, follow, max-snippet:-1, max-image-preview:large, max-video-preview:-1\" \/>\n<link rel=\"canonical\" href=\"https:\/\/vizionimpex.com\/index.php\/hks-inbetween\/?lang=sq\" \/>\n<meta property=\"og:locale\" content=\"en_US\" \/>\n<meta property=\"og:type\" content=\"article\" \/>\n<meta property=\"og:title\" content=\"HKS Inbetween \u2013 Parket Druri Premium &amp; Dizajn Unik p\u00ebr Sht\u00ebpin\u00eb tuaj\" \/>\n<meta property=\"og:description\" content=\"Zbuloni koleksionin HKS Inbetween me parket elegant, cil\u00ebsi gjermane dhe stil modern. Ideale p\u00ebr ambiente t\u00eb ngrohta dhe afatgjata.\" \/>\n<meta property=\"og:url\" content=\"https:\/\/vizionimpex.com\/index.php\/hks-inbetween\/?lang=sq\" \/>\n<meta property=\"og:site_name\" content=\"VIZION IMPEX\" \/>\n<meta property=\"article:modified_time\" content=\"2025-11-27T08:41:35+00:00\" \/>\n<meta name=\"twitter:card\" content=\"summary_large_image\" \/>\n<meta name=\"twitter:label1\" content=\"Est. reading time\" \/>\n\t<meta name=\"twitter:data1\" content=\"3 minutes\" \/>\n<script type=\"application\/ld+json\" class=\"yoast-schema-graph\">{\"@context\":\"https:\/\/schema.org\",\"@graph\":[{\"@type\":\"WebPage\",\"@id\":\"https:\/\/vizionimpex.com\/index.php\/hks-inbetween\/?lang=sq\",\"url\":\"https:\/\/vizionimpex.com\/index.php\/hks-inbetween\/?lang=sq\",\"name\":\"HKS Inbetween \u2013 Parket Druri Premium & Dizajn Unik p\u00ebr Sht\u00ebpin\u00eb tuaj\",\"isPartOf\":{\"@id\":\"https:\/\/vizionimpex.com\/#website\"},\"datePublished\":\"2020-12-11T16:31:58+00:00\",\"dateModified\":\"2025-11-27T08:41:35+00:00\",\"description\":\"Zbuloni koleksionin HKS Inbetween me parket elegant, cil\u00ebsi gjermane dhe stil modern. Ideale p\u00ebr ambiente t\u00eb ngrohta dhe afatgjata.\",\"breadcrumb\":{\"@id\":\"https:\/\/vizionimpex.com\/index.php\/hks-inbetween\/?lang=sq#breadcrumb\"},\"inLanguage\":\"en-US\",\"potentialAction\":[{\"@type\":\"ReadAction\",\"target\":[\"https:\/\/vizionimpex.com\/index.php\/hks-inbetween\/?lang=sq\"]}]},{\"@type\":\"BreadcrumbList\",\"@id\":\"https:\/\/vizionimpex.com\/index.php\/hks-inbetween\/?lang=sq#breadcrumb\",\"itemListElement\":[{\"@type\":\"ListItem\",\"position\":1,\"name\":\"Home\",\"item\":\"https:\/\/vizionimpex.com\/\"},{\"@type\":\"ListItem\",\"position\":2,\"name\":\"HKS inbetween\"}]},{\"@type\":\"WebSite\",\"@id\":\"https:\/\/vizionimpex.com\/#website\",\"url\":\"https:\/\/vizionimpex.com\/\",\"name\":\"VIZION IMPEX\",\"description\":\"- Parkete Laminat Gjermane, Parkete Druri, Aksesore, Parkete Laminat, Tirane\",\"potentialAction\":[{\"@type\":\"SearchAction\",\"target\":{\"@type\":\"EntryPoint\",\"urlTemplate\":\"https:\/\/vizionimpex.com\/?s={search_term_string}\"},\"query-input\":{\"@type\":\"PropertyValueSpecification\",\"valueRequired\":true,\"valueName\":\"search_term_string\"}}],\"inLanguage\":\"en-US\"}]}<\/script>\n<!-- \/ Yoast SEO plugin. -->","yoast_head_json":{"title":"HKS Inbetween \u2013 Parket Druri Premium & Dizajn Unik p\u00ebr Sht\u00ebpin\u00eb tuaj","description":"Zbuloni koleksionin HKS Inbetween me parket elegant, cil\u00ebsi gjermane dhe stil modern. Ideale p\u00ebr ambiente t\u00eb ngrohta dhe afatgjata.","robots":{"index":"index","follow":"follow","max-snippet":"max-snippet:-1","max-image-preview":"max-image-preview:large","max-video-preview":"max-video-preview:-1"},"canonical":"https:\/\/vizionimpex.com\/index.php\/hks-inbetween\/?lang=sq","og_locale":"en_US","og_type":"article","og_title":"HKS Inbetween \u2013 Parket Druri Premium & Dizajn Unik p\u00ebr Sht\u00ebpin\u00eb tuaj","og_description":"Zbuloni koleksionin HKS Inbetween me parket elegant, cil\u00ebsi gjermane dhe stil modern. Ideale p\u00ebr ambiente t\u00eb ngrohta dhe afatgjata.","og_url":"https:\/\/vizionimpex.com\/index.php\/hks-inbetween\/?lang=sq","og_site_name":"VIZION IMPEX","article_modified_time":"2025-11-27T08:41:35+00:00","twitter_card":"summary_large_image","twitter_misc":{"Est. reading time":"3 minutes"},"schema":{"@context":"https:\/\/schema.org","@graph":[{"@type":"WebPage","@id":"https:\/\/vizionimpex.com\/index.php\/hks-inbetween\/?lang=sq","url":"https:\/\/vizionimpex.com\/index.php\/hks-inbetween\/?lang=sq","name":"HKS Inbetween \u2013 Parket Druri Premium & Dizajn Unik p\u00ebr Sht\u00ebpin\u00eb tuaj","isPartOf":{"@id":"https:\/\/vizionimpex.com\/#website"},"datePublished":"2020-12-11T16:31:58+00:00","dateModified":"2025-11-27T08:41:35+00:00","description":"Zbuloni koleksionin HKS Inbetween me parket elegant, cil\u00ebsi gjermane dhe stil modern. Ideale p\u00ebr ambiente t\u00eb ngrohta dhe afatgjata.","breadcrumb":{"@id":"https:\/\/vizionimpex.com\/index.php\/hks-inbetween\/?lang=sq#breadcrumb"},"inLanguage":"en-US","potentialAction":[{"@type":"ReadAction","target":["https:\/\/vizionimpex.com\/index.php\/hks-inbetween\/?lang=sq"]}]},{"@type":"BreadcrumbList","@id":"https:\/\/vizionimpex.com\/index.php\/hks-inbetween\/?lang=sq#breadcrumb","itemListElement":[{"@type":"ListItem","position":1,"name":"Home","item":"https:\/\/vizionimpex.com\/"},{"@type":"ListItem","position":2,"name":"HKS inbetween"}]},{"@type":"WebSite","@id":"https:\/\/vizionimpex.com\/#website","url":"https:\/\/vizionimpex.com\/","name":"VIZION IMPEX","description":"- Parkete Laminat Gjermane, Parkete Druri, Aksesore, Parkete Laminat, Tirane","potentialAction":[{"@type":"SearchAction","target":{"@type":"EntryPoint","urlTemplate":"https:\/\/vizionimpex.com\/?s={search_term_string}"},"query-input":{"@type":"PropertyValueSpecification","valueRequired":true,"valueName":"search_term_string"}}],"inLanguage":"en-US"}]}},"_links":{"self":[{"href":"https:\/\/vizionimpex.com\/index.php\/wp-json\/wp\/v2\/pages\/1238","targetHints":{"allow":["GET"]}}],"collection":[{"href":"https:\/\/vizionimpex.com\/index.php\/wp-json\/wp\/v2\/pages"}],"about":[{"href":"https:\/\/vizionimpex.com\/index.php\/wp-json\/wp\/v2\/types\/page"}],"author":[{"embeddable":true,"href":"https:\/\/vizionimpex.com\/index.php\/wp-json\/wp\/v2\/users\/1"}],"replies":[{"embeddable":true,"href":"https:\/\/vizionimpex.com\/index.php\/wp-json\/wp\/v2\/comments?post=1238"}],"version-history":[{"count":7,"href":"https:\/\/vizionimpex.com\/index.php\/wp-json\/wp\/v2\/pages\/1238\/revisions"}],"predecessor-version":[{"id":2639,"href":"https:\/\/vizionimpex.com\/index.php\/wp-json\/wp\/v2\/pages\/1238\/revisions\/2639"}],"wp:attachment":[{"href":"https:\/\/vizionimpex.com\/index.php\/wp-json\/wp\/v2\/media?parent=1238"}],"curies":[{"name":"wp","href":"https:\/\/api.w.org\/{rel}","templated":true}]}}