{"id":1202,"date":"2020-12-10T09:14:23","date_gmt":"2020-12-10T09:14:23","guid":{"rendered":"https:\/\/vizionimpex.com\/index.php\/ambience-4v\/"},"modified":"2025-11-26T16:44:19","modified_gmt":"2025-11-26T16:44:19","slug":"ambience-4v","status":"publish","type":"page","link":"https:\/\/vizionimpex.com\/index.php\/ambience-4v\/?lang=sq","title":{"rendered":"AMBIENCE 4V"},"content":{"rendered":"<div class=\"wpb-content-wrapper\"><p>[vc_row][vc_column width=&#8221;3\/4&#8243;][vc_row_inner][vc_column_inner width=&#8221;2\/3&#8243; css=&#8221;.vc_custom_1607525771552{margin-top: -25px !important;}&#8221;][vc_single_image image=&#8221;783&#8243; img_size=&#8221;650&#215;485&#8243; alignment=&#8221;center&#8221; onclick=&#8221;link_image&#8221; image_hovers=&#8221;false&#8221;][\/vc_column_inner][vc_column_inner width=&#8221;1\/3&#8243;][vc_single_image image=&#8221;784&#8243; img_size=&#8221;full&#8221; alignment=&#8221;center&#8221; onclick=&#8221;link_image&#8221; css=&#8221;.vc_custom_1607591159441{margin-top: -20px !important;}&#8221; image_hovers=&#8221;false&#8221;][vc_single_image image=&#8221;785&#8243; img_size=&#8221;full&#8221; alignment=&#8221;center&#8221; onclick=&#8221;link_image&#8221; css=&#8221;.vc_custom_1607591172203{margin-top: -20px !important;}&#8221; image_hovers=&#8221;false&#8221;][\/vc_column_inner][\/vc_row_inner][\/vc_column][vc_column width=&#8221;1\/4&#8243;][vc_custom_heading text=&#8221;Ambience 4V&#8221; font_container=&#8221;tag:h2|font_size:34|text_align:left&#8221; google_fonts=&#8221;font_family:Montserrat%3Aregular%2C700|font_style:700%20bold%20regular%3A700%3Anormal&#8221;][vc_separator color=&#8221;black&#8221; align=&#8221;align_left&#8221; el_width=&#8221;10&#8243;][vc_column_text css=&#8221;.vc_custom_1764175448455{margin-top: -20px !important;}&#8221;]<\/p>\n<h3 style=\"text-align: jsutify;\"><strong>Ambience 4V<\/strong> \u2013 Parket Laminat<strong>\u00a0Premium<\/strong> &amp; <strong>Rezistente ndaj Ujit<\/strong><\/h3>\n<p style=\"text-align: jsutify;\">Ajo q\u00eb \u00ebsht\u00eb e p\u00ebrjetshme \u00ebsht\u00eb gjithmon\u00eb n\u00eb mod\u00eb. Fustan i vog\u00ebl i zi, k\u00ebmish\u00eb e bardh\u00eb, xhaket\u00eb. <strong>Mod\u00ebs Klasike<\/strong>. <strong>Elegance<\/strong>. Kjo \u00ebsht\u00eb<strong> seria Ambient 4V<\/strong>. Gjithmon\u00eb me nj\u00eb ton t\u00eb mir\u00eb. P\u00ebrshtatet n\u00eb m\u00ebnyr\u00eb t\u00eb p\u00ebrkryer n\u00eb \u00e7do dhom\u00eb, nd\u00ebrsa pasqyron n\u00eb m\u00ebnyr\u00eb unike edhe karakterin e tij individual. Krijon nj\u00eb gjendje shpirt\u00ebrore unike, thekson atmosfer\u00ebn e brendshme dhe sa i p\u00ebrket ngjyrave t\u00eb disponueshme &#8211; pra, n\u00eb fakt \u00ebsht\u00eb nj\u00eb trazir\u00eb ngjyrash. Fuqia dhe sekreti i seris\u00eb <strong>Ambient 4V<\/strong> nuk \u00ebsht\u00eb vet\u00ebm nj\u00eb <strong>struktur\u00eb sinkrone<\/strong> apo <strong>dekore mbres\u00ebl\u00ebn\u00ebse<\/strong>, por mbi t\u00eb gjitha \u00ebsht\u00eb nj\u00eb p\u00ebrkufizim i stilit<br \/>\n.<\/p>\n<p style=\"text-align: jsutify;\">Rezistenc\u00eb 24 or\u00ebshe ndaj ujit.<\/p>\n<p>Fuqia e <strong data-start=\"532\" data-end=\"547\">Ambience 4V<\/strong> nuk q\u00ebndron vet\u00ebm tek struktura sinkrone dhe dekorimet mbres\u00ebl\u00ebn\u00ebse, por tek <strong data-start=\"625\" data-end=\"661\">p\u00ebrkufizimi i stilit t\u00eb rafinuar<\/strong>. P\u00ebrve\u00e7 bukuris\u00eb, dyshemet\u00eb jan\u00eb <strong data-start=\"695\" data-end=\"730\">rezistente ndaj ujit p\u00ebr 24 or\u00eb<\/strong>, duke mbrojtur hap\u00ebsir\u00ebn nga derdhjet dhe p\u00ebrmbytjet e vogla, p\u00ebr siguri dhe qet\u00ebsi maksimale.<\/p>\n<div id=\"gtx-trans\" style=\"position: absolute; left: 236px; top: -9.625px;\">\n<div class=\"gtx-trans-icon\"><\/div>\n<\/div>\n<p>[\/vc_column_text][\/vc_column][\/vc_row][vc_row][vc_column width=&#8221;1\/3&#8243;][vc_empty_space height=&#8221;40&#8243;][vc_custom_heading text=&#8221;Parametrat teknike&#8221; font_container=&#8221;tag:h2|font_size:35|text_align:left&#8221; google_fonts=&#8221;font_family:Montserrat%3Aregular%2C700|font_style:700%20bold%20regular%3A700%3Anormal&#8221;][\/vc_column][vc_column width=&#8221;1\/3&#8243;][vc_empty_space height=&#8221;20&#8243;][vc_single_image image=&#8221;1450&#8243; img_size=&#8221;150&#215;150&#8243; alignment=&#8221;center&#8221;][\/vc_column][vc_column width=&#8221;1\/3&#8243;][vc_single_image image=&#8221;1492&#8243; img_size=&#8221;full&#8221; alignment=&#8221;center&#8221;][\/vc_column][\/vc_row][vc_row][vc_column width=&#8221;1\/3&#8243;][vc_custom_heading text=&#8221;Parametrat&#8221; font_container=&#8221;tag:h2|font_size:18|text_align:left&#8221; google_fonts=&#8221;font_family:Montserrat%3Aregular%2C700|font_style:700%20bold%20regular%3A700%3Anormal&#8221;][vc_column_text]<\/p>\n<table style=\"width: 100%;\">\n<tbody>\n<tr>\n<td><strong>P\u00ebrmasat<br \/>\n<\/strong><\/td>\n<td>158 x 1285 mm<\/td>\n<\/tr>\n<tr>\n<td><strong>Trash\u00ebsia<br \/>\n<\/strong><\/td>\n<td>10 mm<\/td>\n<\/tr>\n<tr>\n<td><strong>Klasa e konsumimit<br \/>\n<\/strong><\/td>\n<td>AC5<\/td>\n<\/tr>\n<tr>\n<td><strong>Kategoria e sh\u00ebrbimit<br \/>\n<\/strong><\/td>\n<td>33<\/td>\n<\/tr>\n<tr>\n<td><strong>Struktura<\/strong><\/td>\n<td>Sinkro<\/td>\n<\/tr>\n<tr>\n<td><strong>V-groove<\/strong><\/td>\n<td>Po<\/td>\n<\/tr>\n<\/tbody>\n<\/table>\n<p>[\/vc_column_text][\/vc_column][vc_column width=&#8221;1\/3&#8243;][vc_custom_heading text=&#8221;Specifikimi&#8221; font_container=&#8221;tag:h2|font_size:18|text_align:left&#8221; google_fonts=&#8221;font_family:Montserrat%3Aregular%2C700|font_style:700%20bold%20regular%3A700%3Anormal&#8221;][vc_column_text]<\/p>\n<table style=\"width: 100%;\">\n<tbody>\n<tr>\n<td><strong>Rezistenc\u00eb ndaj ujit 24h<br \/>\n<\/strong><\/td>\n<td>Po<\/td>\n<\/tr>\n<tr>\n<td><strong>Nyje e ngopur<br \/>\n<\/strong><\/td>\n<td>Po<\/td>\n<\/tr>\n<tr>\n<td><strong>Rezistenca ndaj g\u00ebrvishtjeve<br \/>\n<\/strong><\/td>\n<td>LLT anti scratch<\/td>\n<\/tr>\n<tr>\n<td><strong>Karakteristikat anti-statike<br \/>\n<\/strong><\/td>\n<td>Po<\/td>\n<\/tr>\n<tr>\n<td><strong>Certifikat\u00eb Blue Angel<br \/>\n<\/strong><\/td>\n<td>Po<\/td>\n<\/tr>\n<\/tbody>\n<\/table>\n<p>[\/vc_column_text][\/vc_column][vc_column width=&#8221;1\/3&#8243;][vc_custom_heading text=&#8221;Instalimi&#8221; font_container=&#8221;tag:h2|font_size:18|text_align:left&#8221; google_fonts=&#8221;font_family:Montserrat%3Aregular%2C700|font_style:700%20bold%20regular%3A700%3Anormal&#8221;][vc_column_text]<\/p>\n<table style=\"width: 100%;\">\n<tbody>\n<tr>\n<td><strong>Instalim pa ngjit\u00ebs<br \/>\n<\/strong><\/td>\n<td>Po<\/td>\n<\/tr>\n<tr>\n<td><strong>Ngrohja e dyshemes\u00eb<br \/>\n<\/strong><\/td>\n<td>Po<\/td>\n<\/tr>\n<tr>\n<td><strong>Sistemi i montimit<br \/>\n<\/strong><\/td>\n<td>Megaloc Aqua Protect<\/td>\n<\/tr>\n<tr>\n<td><strong>Rekomandohet p\u00ebr nd\u00ebrtesat e sh\u00ebrbimeve publike<br \/>\n<\/strong><\/td>\n<td>Po<\/td>\n<\/tr>\n<\/tbody>\n<\/table>\n<p>[\/vc_column_text][\/vc_column][\/vc_row][vc_row][vc_column width=&#8221;1\/3&#8243;][vc_custom_heading text=&#8221;Warranty \/ Logistics data&#8221; font_container=&#8221;tag:h2|font_size:18|text_align:left&#8221; google_fonts=&#8221;font_family:Montserrat%3Aregular%2C700|font_style:700%20bold%20regular%3A700%3Anormal&#8221;][vc_column_text]<\/p>\n<table style=\"width: 100%;\">\n<tbody>\n<tr>\n<td><strong>Garancia e dh\u00ebn\u00eb n\u00eb banesat rezidenciale<br \/>\n<\/strong><\/td>\n<td>25<\/td>\n<\/tr>\n<tr>\n<td><strong>Garancia e dh\u00ebn\u00eb n\u00eb nd\u00ebrtesat e sh\u00ebrbimeve publike<br \/>\n<\/strong><\/td>\n<td>5<\/td>\n<\/tr>\n<tr>\n<td><strong>Pako<\/strong><\/td>\n<td>1,624 sq. m<\/td>\n<\/tr>\n<tr>\n<td><strong>Paleta<\/strong><\/td>\n<td>81.2sq. m<\/td>\n<\/tr>\n<\/tbody>\n<\/table>\n<p>[\/vc_column_text][\/vc_column][vc_column width=&#8221;1\/3&#8243;][\/vc_column][vc_column width=&#8221;1\/3&#8243;][\/vc_column][\/vc_row][vc_row][vc_column][vc_custom_heading text=&#8221;Dizajnet&#8221; font_container=&#8221;tag:h2|font_size:35|text_align:left&#8221; google_fonts=&#8221;font_family:Montserrat%3Aregular%2C700|font_style:700%20bold%20regular%3A700%3Anormal&#8221;][vc_empty_space height=&#8221;12px&#8221;][\/vc_column][\/vc_row][vc_row css=&#8221;.vc_custom_1637596934809{margin-bottom: -60px !important;}&#8221; el_class=&#8221;m_class&#8221;][vc_column]<div id=\"ult-carousel-25381209769d554f0f37d6\" class=\"ult-carousel-wrapper   ult_horizontal\" data-gutter=\"15\" data-rtl=\"false\" ><div class=\"ult-carousel-305632839569d554f0f36c7 \" ><div class=\"ult-item-wrap\" data-animation=\"animated no-animation\"><div class=\"ult-content-box-container \" >\t\t<div class=\"ult-content-box\" style=\"box-shadow: px px px px none;-webkit-transition: all 700ms ease;-moz-transition: all 700ms ease;-ms-transition: all 700ms ease;-o-transition: all 700ms ease;transition: all 700ms ease;\"  data-hover_box_shadow=\"none\"    >[vc_single_image image=&#8221;787&#8243; img_size=&#8221;full&#8221; alignment=&#8221;center&#8221; onclick=&#8221;link_image&#8221; image_hovers=&#8221;false&#8221;][vc_custom_heading text=&#8221;Kasai Oak&#8221; font_container=&#8221;tag:h2|font_size:18|text_align:left&#8221; google_fonts=&#8221;font_family:Montserrat%3Aregular%2C700|font_style:400%20regular%3A400%3Anormal&#8221;]\t\t<\/div><\/div><\/div><div class=\"ult-item-wrap\" data-animation=\"animated no-animation\"><div class=\"ult-content-box-container \" >\t\t<div class=\"ult-content-box\" style=\"box-shadow: px px px px none;-webkit-transition: all 700ms ease;-moz-transition: all 700ms ease;-ms-transition: all 700ms ease;-o-transition: all 700ms ease;transition: all 700ms ease;\"  data-hover_box_shadow=\"none\"    >[vc_single_image image=&#8221;788&#8243; img_size=&#8221;full&#8221; alignment=&#8221;center&#8221; onclick=&#8221;link_image&#8221; image_hovers=&#8221;false&#8221;][vc_custom_heading text=&#8221;Sangha Oak&#8221; font_container=&#8221;tag:h2|font_size:18|text_align:left&#8221; google_fonts=&#8221;font_family:Montserrat%3Aregular%2C700|font_style:400%20regular%3A400%3Anormal&#8221;]\t\t<\/div><\/div><\/div><div class=\"ult-item-wrap\" data-animation=\"animated no-animation\"><div class=\"ult-content-box-container \" >\t\t<div class=\"ult-content-box\" style=\"box-shadow: px px px px none;-webkit-transition: all 700ms ease;-moz-transition: all 700ms ease;-ms-transition: all 700ms ease;-o-transition: all 700ms ease;transition: all 700ms ease;\"  data-hover_box_shadow=\"none\"    >[vc_single_image image=&#8221;789&#8243; img_size=&#8221;full&#8221; alignment=&#8221;center&#8221; onclick=&#8221;link_image&#8221; image_hovers=&#8221;false&#8221;][vc_custom_heading text=&#8221;Sonogo Oak&#8221; font_container=&#8221;tag:h2|font_size:18|text_align:left&#8221; google_fonts=&#8221;font_family:Montserrat%3Aregular%2C700|font_style:400%20regular%3A400%3Anormal&#8221;]\t\t<\/div><\/div><\/div><div class=\"ult-item-wrap\" data-animation=\"animated no-animation\"><div class=\"ult-content-box-container \" >\t\t<div class=\"ult-content-box\" style=\"box-shadow: px px px px none;-webkit-transition: all 700ms ease;-moz-transition: all 700ms ease;-ms-transition: all 700ms ease;-o-transition: all 700ms ease;transition: all 700ms ease;\"  data-hover_box_shadow=\"none\"    >[vc_single_image image=&#8221;790&#8243; img_size=&#8221;full&#8221; alignment=&#8221;center&#8221; onclick=&#8221;link_image&#8221; image_hovers=&#8221;false&#8221;][vc_custom_heading text=&#8221;Wolta Oak&#8221; font_container=&#8221;tag:h2|font_size:18|text_align:left&#8221; google_fonts=&#8221;font_family:Montserrat%3Aregular%2C700|font_style:400%20regular%3A400%3Anormal&#8221;]\t\t<\/div><\/div><\/div><div class=\"ult-item-wrap\" data-animation=\"animated no-animation\"><div class=\"ult-content-box-container \" >\t\t<div class=\"ult-content-box\" style=\"box-shadow: px px px px none;-webkit-transition: all 700ms ease;-moz-transition: all 700ms ease;-ms-transition: all 700ms ease;-o-transition: all 700ms ease;transition: all 700ms ease;\"  data-hover_box_shadow=\"none\"    >[vc_single_image image=&#8221;791&#8243; img_size=&#8221;full&#8221; alignment=&#8221;center&#8221; onclick=&#8221;link_image&#8221; image_hovers=&#8221;false&#8221;][vc_custom_heading text=&#8221;Lagun Oak&#8221; font_container=&#8221;tag:h2|font_size:18|text_align:left&#8221; google_fonts=&#8221;font_family:Montserrat%3Aregular%2C700|font_style:400%20regular%3A400%3Anormal&#8221;]\t\t<\/div><\/div><\/div><div class=\"ult-item-wrap\" data-animation=\"animated no-animation\"><div class=\"ult-content-box-container \" >\t\t<div class=\"ult-content-box\" style=\"box-shadow: px px px px none;-webkit-transition: all 700ms ease;-moz-transition: all 700ms ease;-ms-transition: all 700ms ease;-o-transition: all 700ms ease;transition: all 700ms ease;\"  data-hover_box_shadow=\"none\"    >[vc_single_image image=&#8221;792&#8243; img_size=&#8221;full&#8221; alignment=&#8221;center&#8221; onclick=&#8221;link_image&#8221; image_hovers=&#8221;false&#8221;][vc_custom_heading text=&#8221;Sabi Oak&#8221; font_container=&#8221;tag:h2|font_size:18|text_align:left&#8221; google_fonts=&#8221;font_family:Montserrat%3Aregular%2C700|font_style:400%20regular%3A400%3Anormal&#8221;]\t\t<\/div><\/div><\/div><\/div><\/div>\t\t\t<script type=\"text\/javascript\">\n\t\t\t\tjQuery(document).ready(function ($) {\n\t\t\t\t\tif( typeof jQuery('.ult-carousel-305632839569d554f0f36c7').slick == \"function\"){\n\t\t\t\t\t\t$('.ult-carousel-305632839569d554f0f36c7').slick({dots: false,autoplaySpeed: \"5000\",speed: \"300\",infinite: false,arrows: true,nextArrow: '<button type=\"button\" role=\"button\" aria-label=\"Next\" style=\"color:#000000; font-size:20px;\" class=\"slick-next default\"><i class=\"ultsl-arrow-right4\"><\/i><\/button>',prevArrow: '<button type=\"button\" role=\"button\" aria-label=\"Previous\" style=\"color:#000000; font-size:20px;\" class=\"slick-prev default\"><i class=\"ultsl-arrow-left4\"><\/i><\/button>',slidesToScroll:4,slidesToShow:4,swipe: true,draggable: true,touchMove: true,pauseOnHover: true,pauseOnFocus: false,responsive: [\n\t\t\t\t\t\t\t{\n\t\t\t\t\t\t\t  breakpoint: 1026,\n\t\t\t\t\t\t\t  settings: {\n\t\t\t\t\t\t\t\tslidesToShow: 4,\n\t\t\t\t\t\t\t\tslidesToScroll: 4,  \n\t\t\t\t\t\t\t  }\n\t\t\t\t\t\t\t},\n\t\t\t\t\t\t\t{\n\t\t\t\t\t\t\t  breakpoint: 1025,\n\t\t\t\t\t\t\t  settings: {\n\t\t\t\t\t\t\t\tslidesToShow: 2,\n\t\t\t\t\t\t\t\tslidesToScroll: 2\n\t\t\t\t\t\t\t  }\n\t\t\t\t\t\t\t},\n\t\t\t\t\t\t\t{\n\t\t\t\t\t\t\t  breakpoint: 760,\n\t\t\t\t\t\t\t  settings: {\n\t\t\t\t\t\t\t\tslidesToShow: 1,\n\t\t\t\t\t\t\t\tslidesToScroll: 1\n\t\t\t\t\t\t\t  }\n\t\t\t\t\t\t\t}\n\t\t\t\t\t\t],pauseOnDotsHover: true,customPaging: function(slider, i) {\n                   return '<i type=\"button\" style= \"color:#333333;\" class=\"ultsl-record\" data-role=\"none\"><\/i>';\n                },});\n\t\t\t\t\t}\n\t\t\t\t});\n\t\t\t<\/script>\n\t\t\t[\/vc_column][\/vc_row]<\/p>\n<\/div>","protected":false},"excerpt":{"rendered":"<p>[vc_row][vc_column width=&#8221;3\/4&#8243;][vc_row_inner][vc_column_inner width=&#8221;2\/3&#8243; css=&#8221;.vc_custom_1607525771552{margin-top: -25px !important;}&#8221;][vc_single_image image=&#8221;783&#8243; img_size=&#8221;650&#215;485&#8243; alignment=&#8221;center&#8221; onclick=&#8221;link_image&#8221; image_hovers=&#8221;false&#8221;][\/vc_column_inner][vc_column_inner width=&#8221;1\/3&#8243;][vc_single_image image=&#8221;784&#8243; img_size=&#8221;full&#8221; alignment=&#8221;center&#8221; onclick=&#8221;link_image&#8221; css=&#8221;.vc_custom_1607591159441{margin-top: -20px !important;}&#8221; image_hovers=&#8221;false&#8221;][vc_single_image image=&#8221;785&#8243; img_size=&#8221;full&#8221; alignment=&#8221;center&#8221; onclick=&#8221;link_image&#8221; css=&#8221;.vc_custom_1607591172203{margin-top: -20px !important;}&#8221; image_hovers=&#8221;false&#8221;][\/vc_column_inner][\/vc_row_inner][\/vc_column][vc_column width=&#8221;1\/4&#8243;][vc_custom_heading text=&#8221;Ambience 4V&#8221; font_container=&#8221;tag:h2|font_size:34|text_align:left&#8221; google_fonts=&#8221;font_family:Montserrat%3Aregular%2C700|font_style:700%20bold%20regular%3A700%3Anormal&#8221;][vc_separator color=&#8221;black&#8221; align=&#8221;align_left&#8221; el_width=&#8221;10&#8243;][vc_column_text css=&#8221;.vc_custom_1764175448455{margin-top: -20px !important;}&#8221;] Ambience 4V \u2013 Parket Laminat\u00a0Premium &amp; Rezistente ndaj Ujit Ajo q\u00eb \u00ebsht\u00eb e p\u00ebrjetshme \u00ebsht\u00eb gjithmon\u00eb&hellip;<\/p>\n","protected":false},"author":1,"featured_media":0,"parent":0,"menu_order":0,"comment_status":"closed","ping_status":"closed","template":"","meta":{"footnotes":""},"class_list":["post-1202","page","type-page","status-publish","hentry","description-off"],"yoast_head":"<!-- This site is optimized with the Yoast SEO plugin v26.7 - https:\/\/yoast.com\/wordpress\/plugins\/seo\/ -->\n<title>Ambience 4V \u2013 Parket Laminat Premium me Detaje 4V<\/title>\n<meta name=\"description\" content=\"Zbuloni Ambience 4V: Parket laminat premium me detaje 4V, dizajn elegant dhe ngjyra autentike p\u00ebr ambiente harmonike dhe t\u00eb q\u00ebndrueshme.\" \/>\n<meta name=\"robots\" content=\"index, follow, max-snippet:-1, max-image-preview:large, max-video-preview:-1\" \/>\n<link rel=\"canonical\" href=\"https:\/\/vizionimpex.com\/index.php\/ambience-4v\/?lang=sq\" \/>\n<meta property=\"og:locale\" content=\"en_US\" \/>\n<meta property=\"og:type\" content=\"article\" \/>\n<meta property=\"og:title\" content=\"Ambience 4V \u2013 Parket Laminat Premium me Detaje 4V\" \/>\n<meta property=\"og:description\" content=\"Zbuloni Ambience 4V: Parket laminat premium me detaje 4V, dizajn elegant dhe ngjyra autentike p\u00ebr ambiente harmonike dhe t\u00eb q\u00ebndrueshme.\" \/>\n<meta property=\"og:url\" content=\"https:\/\/vizionimpex.com\/index.php\/ambience-4v\/?lang=sq\" \/>\n<meta property=\"og:site_name\" content=\"VIZION IMPEX\" \/>\n<meta property=\"article:modified_time\" content=\"2025-11-26T16:44:19+00:00\" \/>\n<meta name=\"twitter:card\" content=\"summary_large_image\" \/>\n<meta name=\"twitter:label1\" content=\"Est. reading time\" \/>\n\t<meta name=\"twitter:data1\" content=\"3 minutes\" \/>\n<script type=\"application\/ld+json\" class=\"yoast-schema-graph\">{\"@context\":\"https:\/\/schema.org\",\"@graph\":[{\"@type\":\"WebPage\",\"@id\":\"https:\/\/vizionimpex.com\/index.php\/ambience-4v\/?lang=sq\",\"url\":\"https:\/\/vizionimpex.com\/index.php\/ambience-4v\/?lang=sq\",\"name\":\"Ambience 4V \u2013 Parket Laminat Premium me Detaje 4V\",\"isPartOf\":{\"@id\":\"https:\/\/vizionimpex.com\/#website\"},\"datePublished\":\"2020-12-10T09:14:23+00:00\",\"dateModified\":\"2025-11-26T16:44:19+00:00\",\"description\":\"Zbuloni Ambience 4V: Parket laminat premium me detaje 4V, dizajn elegant dhe ngjyra autentike p\u00ebr ambiente harmonike dhe t\u00eb q\u00ebndrueshme.\",\"breadcrumb\":{\"@id\":\"https:\/\/vizionimpex.com\/index.php\/ambience-4v\/?lang=sq#breadcrumb\"},\"inLanguage\":\"en-US\",\"potentialAction\":[{\"@type\":\"ReadAction\",\"target\":[\"https:\/\/vizionimpex.com\/index.php\/ambience-4v\/?lang=sq\"]}]},{\"@type\":\"BreadcrumbList\",\"@id\":\"https:\/\/vizionimpex.com\/index.php\/ambience-4v\/?lang=sq#breadcrumb\",\"itemListElement\":[{\"@type\":\"ListItem\",\"position\":1,\"name\":\"Home\",\"item\":\"https:\/\/vizionimpex.com\/\"},{\"@type\":\"ListItem\",\"position\":2,\"name\":\"AMBIENCE 4V\"}]},{\"@type\":\"WebSite\",\"@id\":\"https:\/\/vizionimpex.com\/#website\",\"url\":\"https:\/\/vizionimpex.com\/\",\"name\":\"VIZION IMPEX\",\"description\":\"- Parkete Laminat Gjermane, Parkete Druri, Aksesore, Parkete Laminat, Tirane\",\"potentialAction\":[{\"@type\":\"SearchAction\",\"target\":{\"@type\":\"EntryPoint\",\"urlTemplate\":\"https:\/\/vizionimpex.com\/?s={search_term_string}\"},\"query-input\":{\"@type\":\"PropertyValueSpecification\",\"valueRequired\":true,\"valueName\":\"search_term_string\"}}],\"inLanguage\":\"en-US\"}]}<\/script>\n<!-- \/ Yoast SEO plugin. -->","yoast_head_json":{"title":"Ambience 4V \u2013 Parket Laminat Premium me Detaje 4V","description":"Zbuloni Ambience 4V: Parket laminat premium me detaje 4V, dizajn elegant dhe ngjyra autentike p\u00ebr ambiente harmonike dhe t\u00eb q\u00ebndrueshme.","robots":{"index":"index","follow":"follow","max-snippet":"max-snippet:-1","max-image-preview":"max-image-preview:large","max-video-preview":"max-video-preview:-1"},"canonical":"https:\/\/vizionimpex.com\/index.php\/ambience-4v\/?lang=sq","og_locale":"en_US","og_type":"article","og_title":"Ambience 4V \u2013 Parket Laminat Premium me Detaje 4V","og_description":"Zbuloni Ambience 4V: Parket laminat premium me detaje 4V, dizajn elegant dhe ngjyra autentike p\u00ebr ambiente harmonike dhe t\u00eb q\u00ebndrueshme.","og_url":"https:\/\/vizionimpex.com\/index.php\/ambience-4v\/?lang=sq","og_site_name":"VIZION IMPEX","article_modified_time":"2025-11-26T16:44:19+00:00","twitter_card":"summary_large_image","twitter_misc":{"Est. reading time":"3 minutes"},"schema":{"@context":"https:\/\/schema.org","@graph":[{"@type":"WebPage","@id":"https:\/\/vizionimpex.com\/index.php\/ambience-4v\/?lang=sq","url":"https:\/\/vizionimpex.com\/index.php\/ambience-4v\/?lang=sq","name":"Ambience 4V \u2013 Parket Laminat Premium me Detaje 4V","isPartOf":{"@id":"https:\/\/vizionimpex.com\/#website"},"datePublished":"2020-12-10T09:14:23+00:00","dateModified":"2025-11-26T16:44:19+00:00","description":"Zbuloni Ambience 4V: Parket laminat premium me detaje 4V, dizajn elegant dhe ngjyra autentike p\u00ebr ambiente harmonike dhe t\u00eb q\u00ebndrueshme.","breadcrumb":{"@id":"https:\/\/vizionimpex.com\/index.php\/ambience-4v\/?lang=sq#breadcrumb"},"inLanguage":"en-US","potentialAction":[{"@type":"ReadAction","target":["https:\/\/vizionimpex.com\/index.php\/ambience-4v\/?lang=sq"]}]},{"@type":"BreadcrumbList","@id":"https:\/\/vizionimpex.com\/index.php\/ambience-4v\/?lang=sq#breadcrumb","itemListElement":[{"@type":"ListItem","position":1,"name":"Home","item":"https:\/\/vizionimpex.com\/"},{"@type":"ListItem","position":2,"name":"AMBIENCE 4V"}]},{"@type":"WebSite","@id":"https:\/\/vizionimpex.com\/#website","url":"https:\/\/vizionimpex.com\/","name":"VIZION IMPEX","description":"- Parkete Laminat Gjermane, Parkete Druri, Aksesore, Parkete Laminat, Tirane","potentialAction":[{"@type":"SearchAction","target":{"@type":"EntryPoint","urlTemplate":"https:\/\/vizionimpex.com\/?s={search_term_string}"},"query-input":{"@type":"PropertyValueSpecification","valueRequired":true,"valueName":"search_term_string"}}],"inLanguage":"en-US"}]}},"_links":{"self":[{"href":"https:\/\/vizionimpex.com\/index.php\/wp-json\/wp\/v2\/pages\/1202","targetHints":{"allow":["GET"]}}],"collection":[{"href":"https:\/\/vizionimpex.com\/index.php\/wp-json\/wp\/v2\/pages"}],"about":[{"href":"https:\/\/vizionimpex.com\/index.php\/wp-json\/wp\/v2\/types\/page"}],"author":[{"embeddable":true,"href":"https:\/\/vizionimpex.com\/index.php\/wp-json\/wp\/v2\/users\/1"}],"replies":[{"embeddable":true,"href":"https:\/\/vizionimpex.com\/index.php\/wp-json\/wp\/v2\/comments?post=1202"}],"version-history":[{"count":7,"href":"https:\/\/vizionimpex.com\/index.php\/wp-json\/wp\/v2\/pages\/1202\/revisions"}],"predecessor-version":[{"id":2632,"href":"https:\/\/vizionimpex.com\/index.php\/wp-json\/wp\/v2\/pages\/1202\/revisions\/2632"}],"wp:attachment":[{"href":"https:\/\/vizionimpex.com\/index.php\/wp-json\/wp\/v2\/media?parent=1202"}],"curies":[{"name":"wp","href":"https:\/\/api.w.org\/{rel}","templated":true}]}}