{"id":1161,"date":"2019-04-05T09:09:16","date_gmt":"2019-04-05T09:09:16","guid":{"rendered":"https:\/\/vizionimpex.com\/index.php\/summer-4v\/"},"modified":"2025-11-26T15:42:12","modified_gmt":"2025-11-26T15:42:12","slug":"summer-4v","status":"publish","type":"page","link":"https:\/\/vizionimpex.com\/index.php\/summer-4v\/?lang=sq","title":{"rendered":"Summer 4V"},"content":{"rendered":"<div class=\"wpb-content-wrapper\"><p>[vc_row][vc_column][vc_custom_heading text=&#8221;SUMMER 4V&#8221; font_container=&#8221;tag:h2|font_size:34|text_align:left&#8221; google_fonts=&#8221;font_family:Montserrat%3Aregular%2C700|font_style:700%20bold%20regular%3A700%3Anormal&#8221;][vc_separator color=&#8221;black&#8221; align=&#8221;align_left&#8221; el_width=&#8221;10&#8243;][vc_column_text css=&#8221;&#8221;]<\/p>\n<p data-start=\"88\" data-end=\"455\"><strong data-start=\"88\" data-end=\"136\">Summer 4V \u2013 Parket Laminat Premium &amp; Elegante<\/strong><\/p>\n<p data-start=\"88\" data-end=\"455\">Seria <strong data-start=\"145\" data-end=\"158\">Summer 4V<\/strong> ofron <strong data-start=\"165\" data-end=\"203\">parket laminat premium me detaje 4V<\/strong>, duke sjell\u00eb <strong data-start=\"217\" data-end=\"262\">stil elegant dhe ngjyra t\u00eb ngrohta verore<\/strong> n\u00eb \u00e7do ambient. Trash\u00ebsia dhe struktura e drurit sigurojn\u00eb <strong data-start=\"322\" data-end=\"348\">q\u00ebndrueshm\u00ebri t\u00eb lart\u00eb<\/strong>, nd\u00ebrsa dizajni i ngjyrave dhe tekstur\u00ebs krijon <strong data-start=\"397\" data-end=\"452\">efekte vizuale t\u00eb rafinuara dhe kontraste harmonike<\/strong>.<\/p>\n<p data-start=\"457\" data-end=\"621\"><strong data-start=\"457\" data-end=\"470\">Summer 4V<\/strong> \u00ebsht\u00eb gjithashtu <strong data-start=\"488\" data-end=\"512\">rezistente ndaj ujit<\/strong>, duke ofruar mbrojtje dhe siguri maksimale p\u00ebr p\u00ebrdorim t\u00eb p\u00ebrditsh\u00ebm n\u00eb sht\u00ebpi ose hap\u00ebsira profesionale.<\/p>\n<div id=\"gtx-trans\" style=\"position: absolute; left: 248px; top: 16px;\">\n<div class=\"gtx-trans-icon\"><\/div>\n<\/div>\n<p>[\/vc_column_text][vc_empty_space height=&#8221;12px&#8221;][\/vc_column][\/vc_row][vc_row][vc_column width=&#8221;2\/3&#8243;][vc_empty_space height=&#8221;40&#8243;][vc_custom_heading text=&#8221;Parametrat teknike&#8221; font_container=&#8221;tag:h2|font_size:35|text_align:left&#8221; google_fonts=&#8221;font_family:Montserrat%3Aregular%2C700|font_style:700%20bold%20regular%3A700%3Anormal&#8221;][\/vc_column][vc_column width=&#8221;1\/3&#8243;][vc_single_image image=&#8221;1450&#8243; img_size=&#8221;150&#215;150&#8243;][\/vc_column][\/vc_row][vc_row][vc_column width=&#8221;1\/3&#8243;][vc_custom_heading text=&#8221;Specifikimi&#8221; font_container=&#8221;tag:h2|font_size:18|text_align:left&#8221; google_fonts=&#8221;font_family:Montserrat%3Aregular%2C700|font_style:700%20bold%20regular%3A700%3Anormal&#8221;][vc_column_text]<\/p>\n<table style=\"width: 100%;\">\n<tbody>\n<tr>\n<td><strong>P\u00ebrmasat<\/strong><\/td>\n<td>193x 1286 mm<\/td>\n<\/tr>\n<tr>\n<td><strong>Trash\u00ebsia<br \/>\n<\/strong><\/td>\n<td>10 mm<\/td>\n<\/tr>\n<tr>\n<td><strong>Klasa e konsumimit<br \/>\n<\/strong><\/td>\n<td>AC5<\/td>\n<\/tr>\n<tr>\n<td><strong>Klasa e p\u00ebrdorshm\u00ebris\u00eb<br \/>\n<\/strong><\/td>\n<td>33<\/td>\n<\/tr>\n<tr>\n<td><strong>Struktura<\/strong><\/td>\n<td>Dru<\/td>\n<\/tr>\n<tr>\n<td><strong>Pjerr\u00ebsia<br \/>\n<\/strong><\/td>\n<td>Po<\/td>\n<\/tr>\n<tr>\n<td><strong>Antistatike<\/strong><\/td>\n<td>Po<\/td>\n<\/tr>\n<tr>\n<td><strong>Isowaxx<\/strong><\/td>\n<td>Po<\/td>\n<\/tr>\n<\/tbody>\n<\/table>\n<p>[\/vc_column_text][\/vc_column][vc_column width=&#8221;1\/3&#8243;][vc_custom_heading text=&#8221;Montimi&#8221; font_container=&#8221;tag:h2|font_size:18|text_align:left&#8221; google_fonts=&#8221;font_family:Montserrat%3Aregular%2C700|font_style:700%20bold%20regular%3A700%3Anormal&#8221;][vc_column_text]<\/p>\n<table style=\"width: 100%;\">\n<tbody>\n<tr>\n<td><strong>Shtrirja pa ngjit\u00ebs<br \/>\n<\/strong><\/td>\n<td>Po<\/td>\n<\/tr>\n<tr>\n<td><strong>Ngrohja e dyshemes\u00eb<br \/>\n<\/strong><\/td>\n<td>Po<\/td>\n<\/tr>\n<tr>\n<td><strong>Sistemi i montimit<br \/>\n<\/strong><\/td>\n<td>Megaloc<\/td>\n<\/tr>\n<tr>\n<td><strong>Rekomandohet p\u00ebr hap\u00ebsira publike<br \/>\n<\/strong><\/td>\n<td>Po<\/td>\n<\/tr>\n<\/tbody>\n<\/table>\n<p>[\/vc_column_text][\/vc_column][vc_column width=&#8221;1\/3&#8243;][vc_custom_heading text=&#8221;Garanci \/ T\u00eb dh\u00ebna logjistike&#8221; font_container=&#8221;tag:h2|font_size:18|text_align:left&#8221; google_fonts=&#8221;font_family:Montserrat%3Aregular%2C700|font_style:700%20bold%20regular%3A700%3Anormal&#8221;][vc_column_text]<\/p>\n<table style=\"width: 100%;\">\n<tbody>\n<tr>\n<td>Garancia n\u00eb hap\u00ebsirat e banimit<\/td>\n<td>30<\/td>\n<\/tr>\n<tr>\n<td><strong>Garancia n\u00eb hap\u00ebsirat publike<br \/>\n<\/strong><\/td>\n<td>5<\/td>\n<\/tr>\n<tr>\n<td><strong>Pako<\/strong><\/td>\n<td>1.746sq m<\/td>\n<\/tr>\n<\/tbody>\n<\/table>\n<p>[\/vc_column_text][\/vc_column][\/vc_row][vc_row][vc_column][vc_custom_heading text=&#8221;Dizajnet&#8221; font_container=&#8221;tag:h2|font_size:35|text_align:left&#8221; google_fonts=&#8221;font_family:Montserrat%3Aregular%2C700|font_style:700%20bold%20regular%3A700%3Anormal&#8221;][vc_empty_space height=&#8221;12px&#8221;][\/vc_column][\/vc_row][vc_row css=&#8221;.vc_custom_1637596693252{margin-bottom: -60px !important;}&#8221; el_class=&#8221;m_class&#8221;][vc_column]<div id=\"ult-carousel-328363535969e030b22f849\" class=\"ult-carousel-wrapper   ult_horizontal\" data-gutter=\"15\" data-rtl=\"false\" ><div class=\"ult-carousel-159510509869e030b22f771 \" ><div class=\"ult-item-wrap\" data-animation=\"animated no-animation\"><div class=\"ult-content-box-container \" >\t\t<div class=\"ult-content-box\" style=\"box-shadow: px px px px none;-webkit-transition: all 700ms ease;-moz-transition: all 700ms ease;-ms-transition: all 700ms ease;-o-transition: all 700ms ease;transition: all 700ms ease;\"  data-hover_box_shadow=\"none\"    >[vc_single_image image=&#8221;428&#8243; img_size=&#8221;full&#8221; alignment=&#8221;center&#8221; onclick=&#8221;link_image&#8221; image_hovers=&#8221;false&#8221;][vc_custom_heading text=&#8221;Capricio Ash&#8221; font_container=&#8221;tag:h2|font_size:18|text_align:left&#8221; google_fonts=&#8221;font_family:Montserrat%3Aregular%2C700|font_style:400%20regular%3A400%3Anormal&#8221;]\t\t<\/div><\/div><\/div><div class=\"ult-item-wrap\" data-animation=\"animated no-animation\"><div class=\"ult-content-box-container \" >\t\t<div class=\"ult-content-box\" style=\"box-shadow: px px px px none;-webkit-transition: all 700ms ease;-moz-transition: all 700ms ease;-ms-transition: all 700ms ease;-o-transition: all 700ms ease;transition: all 700ms ease;\"  data-hover_box_shadow=\"none\"    >[vc_single_image image=&#8221;429&#8243; img_size=&#8221;full&#8221; alignment=&#8221;center&#8221; onclick=&#8221;link_image&#8221; image_hovers=&#8221;false&#8221;][vc_custom_heading text=&#8221;Kraftwood&#8221; font_container=&#8221;tag:h2|font_size:18|text_align:left&#8221; google_fonts=&#8221;font_family:Montserrat%3Aregular%2C700|font_style:400%20regular%3A400%3Anormal&#8221;]\t\t<\/div><\/div><\/div><div class=\"ult-item-wrap\" data-animation=\"animated no-animation\"><div class=\"ult-content-box-container \" >\t\t<div class=\"ult-content-box\" style=\"box-shadow: px px px px none;-webkit-transition: all 700ms ease;-moz-transition: all 700ms ease;-ms-transition: all 700ms ease;-o-transition: all 700ms ease;transition: all 700ms ease;\"  data-hover_box_shadow=\"none\"    >[vc_single_image image=&#8221;430&#8243; img_size=&#8221;full&#8221; alignment=&#8221;center&#8221; onclick=&#8221;link_image&#8221; image_hovers=&#8221;false&#8221;][vc_custom_heading text=&#8221;Lava&#8221; font_container=&#8221;tag:h2|font_size:18|text_align:left&#8221; google_fonts=&#8221;font_family:Montserrat%3Aregular%2C700|font_style:400%20regular%3A400%3Anormal&#8221;]\t\t<\/div><\/div><\/div><div class=\"ult-item-wrap\" data-animation=\"animated no-animation\"><div class=\"ult-content-box-container \" >\t\t<div class=\"ult-content-box\" style=\"box-shadow: px px px px none;-webkit-transition: all 700ms ease;-moz-transition: all 700ms ease;-ms-transition: all 700ms ease;-o-transition: all 700ms ease;transition: all 700ms ease;\"  data-hover_box_shadow=\"none\"    >[vc_single_image image=&#8221;431&#8243; img_size=&#8221;full&#8221; alignment=&#8221;center&#8221; onclick=&#8221;link_image&#8221; image_hovers=&#8221;false&#8221;][vc_custom_heading text=&#8221;Marcone Oak&#8221; font_container=&#8221;tag:h2|font_size:18|text_align:left&#8221; google_fonts=&#8221;font_family:Montserrat%3Aregular%2C700|font_style:400%20regular%3A400%3Anormal&#8221;]\t\t<\/div><\/div><\/div><div class=\"ult-item-wrap\" data-animation=\"animated no-animation\"><div class=\"ult-content-box-container \" >\t\t<div class=\"ult-content-box\" style=\"box-shadow: px px px px none;-webkit-transition: all 700ms ease;-moz-transition: all 700ms ease;-ms-transition: all 700ms ease;-o-transition: all 700ms ease;transition: all 700ms ease;\"  data-hover_box_shadow=\"none\"    >[vc_single_image image=&#8221;432&#8243; img_size=&#8221;full&#8221; alignment=&#8221;center&#8221; onclick=&#8221;link_image&#8221; image_hovers=&#8221;false&#8221;][vc_custom_heading text=&#8221;Volga&#8221; font_container=&#8221;tag:h2|font_size:18|text_align:left&#8221; google_fonts=&#8221;font_family:Montserrat%3Aregular%2C700|font_style:400%20regular%3A400%3Anormal&#8221;]\t\t<\/div><\/div><\/div><div class=\"ult-item-wrap\" data-animation=\"animated no-animation\"><div class=\"ult-content-box-container \" >\t\t<div class=\"ult-content-box\" style=\"box-shadow: px px px px none;-webkit-transition: all 700ms ease;-moz-transition: all 700ms ease;-ms-transition: all 700ms ease;-o-transition: all 700ms ease;transition: all 700ms ease;\"  data-hover_box_shadow=\"none\"    >[vc_single_image image=&#8221;433&#8243; img_size=&#8221;full&#8221; alignment=&#8221;center&#8221; onclick=&#8221;link_image&#8221; image_hovers=&#8221;false&#8221;][vc_custom_heading text=&#8221;Waldorf&#8221; font_container=&#8221;tag:h2|font_size:18|text_align:left&#8221; google_fonts=&#8221;font_family:Montserrat%3Aregular%2C700|font_style:400%20regular%3A400%3Anormal&#8221;]\t\t<\/div><\/div><\/div><\/div><\/div>\t\t\t<script type=\"text\/javascript\">\n\t\t\t\tjQuery(document).ready(function ($) {\n\t\t\t\t\tif( typeof jQuery('.ult-carousel-159510509869e030b22f771').slick == \"function\"){\n\t\t\t\t\t\t$('.ult-carousel-159510509869e030b22f771').slick({dots: false,autoplaySpeed: \"5000\",speed: \"300\",infinite: false,arrows: true,nextArrow: '<button type=\"button\" role=\"button\" aria-label=\"Next\" style=\"color:#000000; font-size:20px;\" class=\"slick-next default\"><i class=\"ultsl-arrow-right4\"><\/i><\/button>',prevArrow: '<button type=\"button\" role=\"button\" aria-label=\"Previous\" style=\"color:#000000; font-size:20px;\" class=\"slick-prev default\"><i class=\"ultsl-arrow-left4\"><\/i><\/button>',slidesToScroll:4,slidesToShow:4,swipe: true,draggable: true,touchMove: true,pauseOnHover: true,pauseOnFocus: false,responsive: [\n\t\t\t\t\t\t\t{\n\t\t\t\t\t\t\t  breakpoint: 1026,\n\t\t\t\t\t\t\t  settings: {\n\t\t\t\t\t\t\t\tslidesToShow: 4,\n\t\t\t\t\t\t\t\tslidesToScroll: 4,  \n\t\t\t\t\t\t\t  }\n\t\t\t\t\t\t\t},\n\t\t\t\t\t\t\t{\n\t\t\t\t\t\t\t  breakpoint: 1025,\n\t\t\t\t\t\t\t  settings: {\n\t\t\t\t\t\t\t\tslidesToShow: 2,\n\t\t\t\t\t\t\t\tslidesToScroll: 2\n\t\t\t\t\t\t\t  }\n\t\t\t\t\t\t\t},\n\t\t\t\t\t\t\t{\n\t\t\t\t\t\t\t  breakpoint: 760,\n\t\t\t\t\t\t\t  settings: {\n\t\t\t\t\t\t\t\tslidesToShow: 1,\n\t\t\t\t\t\t\t\tslidesToScroll: 1\n\t\t\t\t\t\t\t  }\n\t\t\t\t\t\t\t}\n\t\t\t\t\t\t],pauseOnDotsHover: true,customPaging: function(slider, i) {\n                   return '<i type=\"button\" style= \"color:#333333;\" class=\"ultsl-record\" data-role=\"none\"><\/i>';\n                },});\n\t\t\t\t\t}\n\t\t\t\t});\n\t\t\t<\/script>\n\t\t\t[\/vc_column][\/vc_row]<\/p>\n<\/div>","protected":false},"excerpt":{"rendered":"<p>[vc_row][vc_column][vc_custom_heading text=&#8221;SUMMER 4V&#8221; font_container=&#8221;tag:h2|font_size:34|text_align:left&#8221; google_fonts=&#8221;font_family:Montserrat%3Aregular%2C700|font_style:700%20bold%20regular%3A700%3Anormal&#8221;][vc_separator color=&#8221;black&#8221; align=&#8221;align_left&#8221; el_width=&#8221;10&#8243;][vc_column_text css=&#8221;&#8221;] Summer 4V \u2013 Parket Laminat Premium &amp; Elegante Seria Summer 4V ofron parket laminat premium me detaje 4V, duke sjell\u00eb stil elegant dhe ngjyra t\u00eb ngrohta verore n\u00eb \u00e7do ambient. Trash\u00ebsia dhe struktura e drurit sigurojn\u00eb q\u00ebndrueshm\u00ebri t\u00eb lart\u00eb, nd\u00ebrsa dizajni i ngjyrave dhe tekstur\u00ebs krijon&hellip;<\/p>\n","protected":false},"author":2,"featured_media":0,"parent":0,"menu_order":0,"comment_status":"closed","ping_status":"closed","template":"","meta":{"footnotes":""},"class_list":["post-1161","page","type-page","status-publish","hentry","description-off"],"yoast_head":"<!-- This site is optimized with the Yoast SEO plugin v26.7 - https:\/\/yoast.com\/wordpress\/plugins\/seo\/ -->\n<title>Summer 4V \u2013 Parket Laminat Premium &amp; Elegante<\/title>\n<meta name=\"description\" content=\"Zbuloni Summer 4V: Parket laminat premium me detaje 4V, ngjyra t\u00eb ngrohta dhe rezistenc\u00eb ndaj ujit p\u00ebr ambiente elegante dhe t\u00eb q\u00ebndrueshme.\" \/>\n<meta name=\"robots\" content=\"index, follow, max-snippet:-1, max-image-preview:large, max-video-preview:-1\" \/>\n<link rel=\"canonical\" href=\"https:\/\/vizionimpex.com\/index.php\/summer-4v\/?lang=sq\" \/>\n<meta property=\"og:locale\" content=\"en_US\" \/>\n<meta property=\"og:type\" content=\"article\" \/>\n<meta property=\"og:title\" content=\"Summer 4V \u2013 Parket Laminat Premium &amp; Elegante\" \/>\n<meta property=\"og:description\" content=\"Zbuloni Summer 4V: Parket laminat premium me detaje 4V, ngjyra t\u00eb ngrohta dhe rezistenc\u00eb ndaj ujit p\u00ebr ambiente elegante dhe t\u00eb q\u00ebndrueshme.\" \/>\n<meta property=\"og:url\" content=\"https:\/\/vizionimpex.com\/index.php\/summer-4v\/?lang=sq\" \/>\n<meta property=\"og:site_name\" content=\"VIZION IMPEX\" \/>\n<meta property=\"article:modified_time\" content=\"2025-11-26T15:42:12+00:00\" \/>\n<meta name=\"twitter:card\" content=\"summary_large_image\" \/>\n<meta name=\"twitter:label1\" content=\"Est. reading time\" \/>\n\t<meta name=\"twitter:data1\" content=\"2 minutes\" \/>\n<script type=\"application\/ld+json\" class=\"yoast-schema-graph\">{\"@context\":\"https:\/\/schema.org\",\"@graph\":[{\"@type\":\"WebPage\",\"@id\":\"https:\/\/vizionimpex.com\/index.php\/summer-4v\/?lang=sq\",\"url\":\"https:\/\/vizionimpex.com\/index.php\/summer-4v\/?lang=sq\",\"name\":\"Summer 4V \u2013 Parket Laminat Premium & Elegante\",\"isPartOf\":{\"@id\":\"https:\/\/vizionimpex.com\/#website\"},\"datePublished\":\"2019-04-05T09:09:16+00:00\",\"dateModified\":\"2025-11-26T15:42:12+00:00\",\"description\":\"Zbuloni Summer 4V: Parket laminat premium me detaje 4V, ngjyra t\u00eb ngrohta dhe rezistenc\u00eb ndaj ujit p\u00ebr ambiente elegante dhe t\u00eb q\u00ebndrueshme.\",\"breadcrumb\":{\"@id\":\"https:\/\/vizionimpex.com\/index.php\/summer-4v\/?lang=sq#breadcrumb\"},\"inLanguage\":\"en-US\",\"potentialAction\":[{\"@type\":\"ReadAction\",\"target\":[\"https:\/\/vizionimpex.com\/index.php\/summer-4v\/?lang=sq\"]}]},{\"@type\":\"BreadcrumbList\",\"@id\":\"https:\/\/vizionimpex.com\/index.php\/summer-4v\/?lang=sq#breadcrumb\",\"itemListElement\":[{\"@type\":\"ListItem\",\"position\":1,\"name\":\"Home\",\"item\":\"https:\/\/vizionimpex.com\/\"},{\"@type\":\"ListItem\",\"position\":2,\"name\":\"Summer 4V\"}]},{\"@type\":\"WebSite\",\"@id\":\"https:\/\/vizionimpex.com\/#website\",\"url\":\"https:\/\/vizionimpex.com\/\",\"name\":\"VIZION IMPEX\",\"description\":\"- Parkete Laminat Gjermane, Parkete Druri, Aksesore, Parkete Laminat, Tirane\",\"potentialAction\":[{\"@type\":\"SearchAction\",\"target\":{\"@type\":\"EntryPoint\",\"urlTemplate\":\"https:\/\/vizionimpex.com\/?s={search_term_string}\"},\"query-input\":{\"@type\":\"PropertyValueSpecification\",\"valueRequired\":true,\"valueName\":\"search_term_string\"}}],\"inLanguage\":\"en-US\"}]}<\/script>\n<!-- \/ Yoast SEO plugin. -->","yoast_head_json":{"title":"Summer 4V \u2013 Parket Laminat Premium & Elegante","description":"Zbuloni Summer 4V: Parket laminat premium me detaje 4V, ngjyra t\u00eb ngrohta dhe rezistenc\u00eb ndaj ujit p\u00ebr ambiente elegante dhe t\u00eb q\u00ebndrueshme.","robots":{"index":"index","follow":"follow","max-snippet":"max-snippet:-1","max-image-preview":"max-image-preview:large","max-video-preview":"max-video-preview:-1"},"canonical":"https:\/\/vizionimpex.com\/index.php\/summer-4v\/?lang=sq","og_locale":"en_US","og_type":"article","og_title":"Summer 4V \u2013 Parket Laminat Premium & Elegante","og_description":"Zbuloni Summer 4V: Parket laminat premium me detaje 4V, ngjyra t\u00eb ngrohta dhe rezistenc\u00eb ndaj ujit p\u00ebr ambiente elegante dhe t\u00eb q\u00ebndrueshme.","og_url":"https:\/\/vizionimpex.com\/index.php\/summer-4v\/?lang=sq","og_site_name":"VIZION IMPEX","article_modified_time":"2025-11-26T15:42:12+00:00","twitter_card":"summary_large_image","twitter_misc":{"Est. reading time":"2 minutes"},"schema":{"@context":"https:\/\/schema.org","@graph":[{"@type":"WebPage","@id":"https:\/\/vizionimpex.com\/index.php\/summer-4v\/?lang=sq","url":"https:\/\/vizionimpex.com\/index.php\/summer-4v\/?lang=sq","name":"Summer 4V \u2013 Parket Laminat Premium & Elegante","isPartOf":{"@id":"https:\/\/vizionimpex.com\/#website"},"datePublished":"2019-04-05T09:09:16+00:00","dateModified":"2025-11-26T15:42:12+00:00","description":"Zbuloni Summer 4V: Parket laminat premium me detaje 4V, ngjyra t\u00eb ngrohta dhe rezistenc\u00eb ndaj ujit p\u00ebr ambiente elegante dhe t\u00eb q\u00ebndrueshme.","breadcrumb":{"@id":"https:\/\/vizionimpex.com\/index.php\/summer-4v\/?lang=sq#breadcrumb"},"inLanguage":"en-US","potentialAction":[{"@type":"ReadAction","target":["https:\/\/vizionimpex.com\/index.php\/summer-4v\/?lang=sq"]}]},{"@type":"BreadcrumbList","@id":"https:\/\/vizionimpex.com\/index.php\/summer-4v\/?lang=sq#breadcrumb","itemListElement":[{"@type":"ListItem","position":1,"name":"Home","item":"https:\/\/vizionimpex.com\/"},{"@type":"ListItem","position":2,"name":"Summer 4V"}]},{"@type":"WebSite","@id":"https:\/\/vizionimpex.com\/#website","url":"https:\/\/vizionimpex.com\/","name":"VIZION IMPEX","description":"- Parkete Laminat Gjermane, Parkete Druri, Aksesore, Parkete Laminat, Tirane","potentialAction":[{"@type":"SearchAction","target":{"@type":"EntryPoint","urlTemplate":"https:\/\/vizionimpex.com\/?s={search_term_string}"},"query-input":{"@type":"PropertyValueSpecification","valueRequired":true,"valueName":"search_term_string"}}],"inLanguage":"en-US"}]}},"_links":{"self":[{"href":"https:\/\/vizionimpex.com\/index.php\/wp-json\/wp\/v2\/pages\/1161","targetHints":{"allow":["GET"]}}],"collection":[{"href":"https:\/\/vizionimpex.com\/index.php\/wp-json\/wp\/v2\/pages"}],"about":[{"href":"https:\/\/vizionimpex.com\/index.php\/wp-json\/wp\/v2\/types\/page"}],"author":[{"embeddable":true,"href":"https:\/\/vizionimpex.com\/index.php\/wp-json\/wp\/v2\/users\/2"}],"replies":[{"embeddable":true,"href":"https:\/\/vizionimpex.com\/index.php\/wp-json\/wp\/v2\/comments?post=1161"}],"version-history":[{"count":7,"href":"https:\/\/vizionimpex.com\/index.php\/wp-json\/wp\/v2\/pages\/1161\/revisions"}],"predecessor-version":[{"id":2616,"href":"https:\/\/vizionimpex.com\/index.php\/wp-json\/wp\/v2\/pages\/1161\/revisions\/2616"}],"wp:attachment":[{"href":"https:\/\/vizionimpex.com\/index.php\/wp-json\/wp\/v2\/media?parent=1161"}],"curies":[{"name":"wp","href":"https:\/\/api.w.org\/{rel}","templated":true}]}}