{"id":1109,"date":"2018-11-21T14:07:49","date_gmt":"2018-11-21T14:07:49","guid":{"rendered":"https:\/\/vizionimpex.com\/index.php\/home-2\/"},"modified":"2025-11-26T11:10:04","modified_gmt":"2025-11-26T11:10:04","slug":"home-2","status":"publish","type":"page","link":"https:\/\/vizionimpex.com\/index.php\/home-2\/?lang=sq","title":{"rendered":"Home"},"content":{"rendered":"<div class=\"wpb-content-wrapper\"><p>[vc_row bg_type=&#8221;bg_color&#8221; bg_override=&#8221;ex-full&#8221; bg_color_value=&#8221;#f9f9f9&#8243; css=&#8221;.vc_custom_1542817328413{margin-top: -70px !important;}&#8221;][vc_column width=&#8221;1\/2&#8243; offset=&#8221;vc_hidden-sm vc_hidden-xs&#8221;][vc_empty_space][vc_custom_heading text=&#8221;MIRE SE VINI NE&#8221; google_fonts=&#8221;font_family:Montserrat%3Aregular%2C700|font_style:400%20regular%3A400%3Anormal&#8221;][vc_empty_space height=&#8221;12px&#8221;][vc_row_inner][vc_column_inner width=&#8221;1\/2&#8243;][vc_custom_heading text=&#8221;VIZION -&#8221; font_container=&#8221;tag:h2|font_size:40|text_align:left|color:%23a9a8a8&#8243; google_fonts=&#8221;font_family:Montserrat%3Aregular%2C700|font_style:700%20bold%20regular%3A700%3Anormal&#8221;][\/vc_column_inner][vc_column_inner width=&#8221;1\/2&#8243;][vc_custom_heading text=&#8221;IMPEX&#8221; font_container=&#8221;tag:h2|font_size:40|text_align:left|color:%23575f62&#8243; google_fonts=&#8221;font_family:Montserrat%3Aregular%2C700|font_style:700%20bold%20regular%3A700%3Anormal&#8221; css=&#8221;.vc_custom_1542815599340{margin-left: -120px !important;}&#8221;][\/vc_column_inner][\/vc_row_inner][vc_row_inner][vc_column_inner][vc_custom_heading text=&#8221;GARANCIA 10-33 VJET&#8221; font_container=&#8221;tag:h2|font_size:40|text_align:left|color:%23a9a8a8&#8243; google_fonts=&#8221;font_family:Montserrat%3Aregular%2C700|font_style:700%20bold%20regular%3A700%3Anormal&#8221;][vc_column_text css=&#8221;&#8221;]Lider n\u00eb <strong>Parket Druri<\/strong> dhe <strong>Laminat<\/strong>\u00a0n\u00eb Shqip\u00ebri[\/vc_column_text][\/vc_column_inner][\/vc_row_inner][vc_column_text css=&#8221;&#8221;]<\/p>\n<pre id=\"tw-target-text\" class=\"tw-data-text tw-text-large XcVN5d tw-ta\" dir=\"ltr\" data-placeholder=\"Traduzione\"><span lang=\"sq\"><a href=\"https:\/\/www.instagram.com\/vizionparkete\/\"><strong>Vizion Impex<\/strong><\/a> \u00ebsht\u00eb lider n\u00eb fush\u00ebn e <strong data-start=\"471\" data-end=\"509\">parketeve prej druri dhe laminatit<\/strong>, n\u00eb bashk\u00ebpunim me firmat m\u00eb prestigjioze europiane. Kompania ofron nj\u00eb gam\u00eb t\u00eb gjer\u00eb produktesh: <strong data-start=\"608\" data-end=\"640\">laminat gjerman Classen GmbH<\/strong>, <strong data-start=\"642\" data-end=\"666\">parket druri natyral<\/strong>, <strong data-start=\"668\" data-end=\"705\">parket inxhinierik dhe industrial<\/strong>, <strong data-start=\"707\" data-end=\"729\">SPC FLOOR inovativ<\/strong>, <a href=\"https:\/\/vizionimpex.com\/index.php\/herringbone-laminate\/\"><strong data-start=\"731\" data-end=\"754\">laminat herringbone<\/strong><\/a>. T\u00eb gjitha produktet jan\u00eb me cil\u00ebsi t\u00eb lart\u00eb dhe shoq\u00ebrohen me <strong data-start=\"846\" data-end=\"880\">garanci nga 10 deri n\u00eb 35 vjet<\/strong>, duke garantuar q\u00ebndrueshm\u00ebri dhe eleganc\u00eb p\u00ebr \u00e7do ambient.\r\n<\/span><\/pre>\n<p>[\/vc_column_text][vc_btn title=&#8221;RRETH NESH&#8221; style=&#8221;custom&#8221; custom_background=&#8221;#000000&#8243; custom_text=&#8221;#ffffff&#8221; shape=&#8221;square&#8221; align=&#8221;left&#8221; link=&#8221;url:https%3A%2F%2Fvizionimpex.com%2Findex.php%2Frreth-nesh%2F%3Flang%3Dsq|||&#8221;][\/vc_column][vc_column width=&#8221;1\/2&#8243; offset=&#8221;vc_hidden-sm vc_hidden-xs&#8221;][vc_empty_space height=&#8221;12px&#8221;][vc_single_image image=&#8221;53&#8243; img_size=&#8221;full&#8221; alignment=&#8221;center&#8221; image_hovers=&#8221;false&#8221;][vc_column_text]<\/p>\n<p style=\"text-align: right;\"><span style=\"font-family: 'arial black', sans-serif; font-size: 80px; color: #e7e6e6;\"><strong>20 VITE<br \/>\n<\/strong><\/span><strong style=\"color: #000000;\">EKSPERIENCE<\/strong><\/p>\n<p>[\/vc_column_text][\/vc_column][\/vc_row][vc_row bg_type=&#8221;bg_color&#8221; bg_override=&#8221;ex-full&#8221; bg_color_value=&#8221;#f9f9f9&#8243;][vc_column width=&#8221;1\/2&#8243; offset=&#8221;vc_hidden-lg&#8221;][vc_custom_heading text=&#8221;MIRE SE VINI NE&#8221; google_fonts=&#8221;font_family:Montserrat%3Aregular%2C700|font_style:400%20regular%3A400%3Anormal&#8221;][vc_empty_space height=&#8221;12px&#8221;][vc_row_inner][vc_column_inner][vc_custom_heading text=&#8221;VIZION -&#8221; font_container=&#8221;tag:h2|font_size:40|text_align:left|color:%23a9a8a8&#8243; google_fonts=&#8221;font_family:Montserrat%3Aregular%2C700|font_style:700%20bold%20regular%3A700%3Anormal&#8221;][vc_custom_heading text=&#8221;IMPEX&#8221; font_container=&#8221;tag:h2|font_size:40|text_align:left|color:%23575f62&#8243; google_fonts=&#8221;font_family:Montserrat%3Aregular%2C700|font_style:700%20bold%20regular%3A700%3Anormal&#8221;][\/vc_column_inner][\/vc_row_inner][vc_row_inner][vc_column_inner][vc_custom_heading text=&#8221;GARANCI 10-33 VJET&#8221; font_container=&#8221;tag:h2|font_size:40|text_align:left|color:%23a9a8a8&#8243; google_fonts=&#8221;font_family:Montserrat%3Aregular%2C700|font_style:700%20bold%20regular%3A700%3Anormal&#8221;][\/vc_column_inner][\/vc_row_inner][vc_empty_space height=&#8221;12px&#8221;][vc_column_text css=&#8221;&#8221;]<\/p>\n<pre id=\"tw-target-text\" class=\"tw-data-text tw-text-large XcVN5d tw-ta\" dir=\"ltr\" data-placeholder=\"Traduzione\"><span lang=\"sq\">Vizion Impex \u00ebsht\u00eb lider n\u00eb fush\u00ebn e <strong data-start=\"471\" data-end=\"509\">dyshemeve prej druri dhe laminatit<\/strong>, n\u00eb bashk\u00ebpunim me firmat m\u00eb prestigjioze europiane. Kompania ofron nj\u00eb gam\u00eb t\u00eb gjer\u00eb produktesh: <strong data-start=\"608\" data-end=\"640\">laminat gjerman Classen GmbH<\/strong>, <strong data-start=\"642\" data-end=\"666\">parket druri natyral<\/strong>, <strong data-start=\"668\" data-end=\"705\">parket inxhinierik dhe industrial<\/strong>, <strong data-start=\"707\" data-end=\"729\">SPC FLOOR inovativ<\/strong>, <strong data-start=\"731\" data-end=\"754\">laminat herringbone<\/strong>. T\u00eb gjitha produktet jan\u00eb me cil\u00ebsi t\u00eb lart\u00eb dhe shoq\u00ebrohen me <strong data-start=\"846\" data-end=\"880\">garanci nga 10 deri n\u00eb 33 vjet<\/strong>, duke garantuar q\u00ebndrueshm\u00ebri dhe eleganc\u00eb p\u00ebr \u00e7do ambient.\r\n<\/span><\/pre>\n<div id=\"gtx-trans\" style=\"position: absolute; left: 2462px; top: -12px;\">\n<div class=\"gtx-trans-icon\"><\/div>\n<\/div>\n<p>[\/vc_column_text][vc_btn title=&#8221;RRETH NESH&#8221; style=&#8221;custom&#8221; custom_background=&#8221;#000000&#8243; custom_text=&#8221;#ffffff&#8221; shape=&#8221;square&#8221; align=&#8221;left&#8221; link=&#8221;url:https%3A%2F%2Fvizionimpex.com%2Findex.php%2Frreth-nesh%2F%3Flang%3Dsq|||&#8221;][\/vc_column][vc_column width=&#8221;1\/2&#8243; offset=&#8221;vc_hidden-lg&#8221;][vc_empty_space height=&#8221;12px&#8221;][vc_single_image image=&#8221;53&#8243; img_size=&#8221;full&#8221; alignment=&#8221;center&#8221; image_hovers=&#8221;false&#8221;][vc_column_text]<\/p>\n<p style=\"text-align: right;\"><span style=\"font-family: 'arial black', sans-serif; font-size: 80px; color: #e7e6e6;\"><strong>20 YEARS<br \/>\n<\/strong><\/span><strong style=\"color: #000000;\">EXPERIENCE<\/strong><\/p>\n<p>[\/vc_column_text][\/vc_column][\/vc_row][vc_row][vc_column][vc_custom_heading text=&#8221;PRODUKTET&#8221; font_container=&#8221;tag:h2|font_size:40|text_align:left|color:%23575f62&#8243; google_fonts=&#8221;font_family:Montserrat%3Aregular%2C700|font_style:700%20bold%20regular%3A700%3Anormal&#8221;][vc_separator color=&#8221;black&#8221; align=&#8221;align_left&#8221; el_width=&#8221;10&#8243;][vc_empty_space height=&#8221;42px&#8221;][\/vc_column][\/vc_row][vc_row][vc_column width=&#8221;1\/3&#8243;][vc_single_image image=&#8221;68&#8243; img_size=&#8221;full&#8221; alignment=&#8221;center&#8221; image_hovers=&#8221;false&#8221; el_class=&#8221;imazh&#8221;][vc_custom_heading text=&#8221;Dyshemet\u00eb&#8221; font_container=&#8221;tag:h2|font_size:20|text_align:center|color:%23a9a8a8&#8243; google_fonts=&#8221;font_family:Montserrat%3Aregular%2C700|font_style:700%20bold%20regular%3A700%3Anormal&#8221; css=&#8221;.vc_custom_1608032119243{margin-top: -15px !important;}&#8221;][vc_column_text css=&#8221;&#8221;]<\/p>\n<p style=\"text-align: center;\">Lloje t\u00eb ndryshme <strong>parketesh<\/strong> sipas k\u00ebrkesave t\u00eb klient\u00ebve.<\/p>\n<p>[\/vc_column_text][vc_btn title=&#8221;DETAJET&#8221; style=&#8221;custom&#8221; custom_background=&#8221;#000000&#8243; custom_text=&#8221;#ffffff&#8221; shape=&#8221;square&#8221; size=&#8221;sm&#8221; align=&#8221;center&#8221; link=&#8221;url:https%3A%2F%2Fvizionimpex.com%2Findex.php%2Ffloors%2F%3Flang%3Dsq|||&#8221;][\/vc_column][vc_column width=&#8221;1\/3&#8243;][vc_single_image image=&#8221;70&#8243; img_size=&#8221;full&#8221; alignment=&#8221;center&#8221; image_hovers=&#8221;false&#8221; el_class=&#8221;imazh&#8221;][vc_custom_heading text=&#8221;DYERT&#8221; font_container=&#8221;tag:h2|font_size:20|text_align:center|color:%23a9a8a8&#8243; google_fonts=&#8221;font_family:Montserrat%3Aregular%2C700|font_style:700%20bold%20regular%3A700%3Anormal&#8221; css=&#8221;.vc_custom_1607937775582{margin-top: -15px !important;}&#8221;][vc_column_text css=&#8221;&#8221;]<\/p>\n<p style=\"text-align: center;\">Lloje t\u00eb ndryshme t\u00eb <strong>dyerve<\/strong> sipas k\u00ebrkesave t\u00eb klient\u00ebve.<\/p>\n<div id=\"gtx-trans\" style=\"position: absolute; left: 287px; top: -16px;\">\n<div class=\"gtx-trans-icon\"><\/div>\n<\/div>\n<p>[\/vc_column_text][vc_btn title=&#8221;DETAJET&#8221; style=&#8221;custom&#8221; custom_background=&#8221;#000000&#8243; custom_text=&#8221;#ffffff&#8221; shape=&#8221;square&#8221; size=&#8221;sm&#8221; align=&#8221;center&#8221;][\/vc_column][vc_column width=&#8221;1\/3&#8243;][vc_single_image image=&#8221;69&#8243; img_size=&#8221;full&#8221; alignment=&#8221;center&#8221; image_hovers=&#8221;false&#8221; el_class=&#8221;imazh&#8221;][vc_custom_heading text=&#8221;AKSESORET&#8221; font_container=&#8221;tag:h2|font_size:20|text_align:center|color:%23a9a8a8&#8243; google_fonts=&#8221;font_family:Montserrat%3Aregular%2C700|font_style:700%20bold%20regular%3A700%3Anormal&#8221; css=&#8221;.vc_custom_1607937783701{margin-top: -15px !important;}&#8221;][vc_column_text css=&#8221;&#8221;]<\/p>\n<p style=\"text-align: center;\">Lloje t\u00eb ndryshme t\u00eb <strong>aksesor\u00ebve<\/strong> sipas k\u00ebrkesave t\u00eb klient\u00ebve.<\/p>\n<div id=\"gtx-trans\" style=\"position: absolute; left: 295px; top: 29px;\">\n<div class=\"gtx-trans-icon\"><\/div>\n<\/div>\n<p>[\/vc_column_text][vc_btn title=&#8221;DETAJET&#8221; style=&#8221;custom&#8221; custom_background=&#8221;#000000&#8243; custom_text=&#8221;#ffffff&#8221; shape=&#8221;square&#8221; size=&#8221;sm&#8221; align=&#8221;center&#8221;][\/vc_column][\/vc_row][vc_row][vc_column][vc_empty_space][\/vc_column][\/vc_row][vc_row bg_type=&#8221;image&#8221; parallax_style=&#8221;vcpb-default&#8221; bg_image_new=&#8221;id^72|url^https:\/\/vizionimpex.com\/wp-content\/uploads\/2018\/11\/pros-of-parquet-flooring-bestartisticinteriorscom.jpg|caption^null|alt^null|title^null|description^null&#8221; bg_image_repeat=&#8221;no-repeat&#8221; bg_img_attach=&#8221;fixed&#8221; bg_override=&#8221;ex-full&#8221; css=&#8221;.vc_custom_1542895944794{margin-bottom: -70px !important;}&#8221;][vc_column][vc_empty_space height=&#8221;100px&#8221;][vc_row_inner][vc_column_inner width=&#8221;1\/6&#8243;][\/vc_column_inner][vc_column_inner width=&#8221;2\/3&#8243;]<div class=\"ult-content-box-container \" >\t\t<div class=\"ult-content-box\" style=\"background-color:rgba(255,255,255,0.53);box-shadow: px px px px none;-webkit-transition: all 700ms ease;-moz-transition: all 700ms ease;-ms-transition: all 700ms ease;-o-transition: all 700ms ease;transition: all 700ms ease;\"  data-hover_box_shadow=\"none\"     data-bg=\"rgba(255,255,255,0.53)\" >[vc_empty_space height=&#8221;40px&#8221;][vc_custom_heading text=&#8221;N\u00ebse d\u00ebshironi t\u00eb bashk\u00ebpunoni me ne, na kontaktoni&#8221; font_container=&#8221;tag:h2|font_size:27|text_align:center&#8221; google_fonts=&#8221;font_family:Montserrat%3Aregular%2C700|font_style:400%20regular%3A400%3Anormal&#8221;][vc_custom_heading text=&#8221;Ndjeni p\u00ebrvoj\u00ebn profesionale&#8221; font_container=&#8221;tag:h2|text_align:center&#8221; google_fonts=&#8221;font_family:Great%20Vibes%3Aregular|font_style:400%20regular%3A400%3Anormal&#8221;][vc_empty_space height=&#8221;20px&#8221;][vc_btn title=&#8221;KONTAKT&#8221; style=&#8221;custom&#8221; custom_background=&#8221;#000000&#8243; custom_text=&#8221;#ffffff&#8221; shape=&#8221;square&#8221; align=&#8221;center&#8221; link=&#8221;url:https%3A%2F%2Fvizionimpex.com%2Findex.php%2Fcontact%2F%3Flang%3Dsq|||&#8221;][vc_empty_space height=&#8221;30px&#8221;]\t\t<\/div><\/div>[\/vc_column_inner][vc_column_inner width=&#8221;1\/6&#8243;][\/vc_column_inner][\/vc_row_inner][vc_empty_space height=&#8221;100px&#8221;][\/vc_column][\/vc_row]<\/p>\n<\/div>","protected":false},"excerpt":{"rendered":"<p>[vc_row bg_type=&#8221;bg_color&#8221; bg_override=&#8221;ex-full&#8221; bg_color_value=&#8221;#f9f9f9&#8243; css=&#8221;.vc_custom_1542817328413{margin-top: -70px !important;}&#8221;][vc_column width=&#8221;1\/2&#8243; offset=&#8221;vc_hidden-sm vc_hidden-xs&#8221;][vc_empty_space][vc_custom_heading text=&#8221;MIRE SE VINI NE&#8221; google_fonts=&#8221;font_family:Montserrat%3Aregular%2C700|font_style:400%20regular%3A400%3Anormal&#8221;][vc_empty_space height=&#8221;12px&#8221;][vc_row_inner][vc_column_inner width=&#8221;1\/2&#8243;][vc_custom_heading text=&#8221;VIZION -&#8221; font_container=&#8221;tag:h2|font_size:40|text_align:left|color:%23a9a8a8&#8243; google_fonts=&#8221;font_family:Montserrat%3Aregular%2C700|font_style:700%20bold%20regular%3A700%3Anormal&#8221;][\/vc_column_inner][vc_column_inner width=&#8221;1\/2&#8243;][vc_custom_heading text=&#8221;IMPEX&#8221; font_container=&#8221;tag:h2|font_size:40|text_align:left|color:%23575f62&#8243; google_fonts=&#8221;font_family:Montserrat%3Aregular%2C700|font_style:700%20bold%20regular%3A700%3Anormal&#8221; css=&#8221;.vc_custom_1542815599340{margin-left: -120px !important;}&#8221;][\/vc_column_inner][\/vc_row_inner][vc_row_inner][vc_column_inner][vc_custom_heading text=&#8221;GARANCIA 10-33 VJET&#8221; font_container=&#8221;tag:h2|font_size:40|text_align:left|color:%23a9a8a8&#8243; google_fonts=&#8221;font_family:Montserrat%3Aregular%2C700|font_style:700%20bold%20regular%3A700%3Anormal&#8221;][vc_column_text css=&#8221;&#8221;]Lider n\u00eb Parket Druri dhe Laminat\u00a0n\u00eb Shqip\u00ebri[\/vc_column_text][\/vc_column_inner][\/vc_row_inner][vc_column_text css=&#8221;&#8221;] Vizion Impex \u00ebsht\u00eb lider n\u00eb fush\u00ebn e parketeve prej druri dhe laminatit, n\u00eb bashk\u00ebpunim&hellip;<\/p>\n","protected":false},"author":1,"featured_media":0,"parent":0,"menu_order":0,"comment_status":"closed","ping_status":"closed","template":"","meta":{"footnotes":""},"class_list":["post-1109","page","type-page","status-publish","hentry","description-off"],"yoast_head":"<!-- This site is optimized with the Yoast SEO plugin v26.7 - https:\/\/yoast.com\/wordpress\/plugins\/seo\/ -->\n<title>Vizion Impex \u2013 Laminat Gjerman, Parket Druri &amp; SPC FLOOR<\/title>\n<meta name=\"description\" content=\"Vizion Impex, lider n\u00eb laminat gjerman, parket druri, parket inxhinierik, SPC FLOOR dhe pllaka. Produkte europiane me garanci 10\u201333 vjet p\u00ebr dysheme moderne dhe cil\u00ebsore.\" \/>\n<meta name=\"robots\" content=\"index, follow, max-snippet:-1, max-image-preview:large, max-video-preview:-1\" \/>\n<link rel=\"canonical\" href=\"https:\/\/vizionimpex.com\/?lang=sq\" \/>\n<meta property=\"og:locale\" content=\"en_US\" \/>\n<meta property=\"og:type\" content=\"article\" \/>\n<meta property=\"og:title\" content=\"Vizion Impex \u2013 Laminat Gjerman, Parket Druri &amp; SPC FLOOR\" \/>\n<meta property=\"og:description\" content=\"Vizion Impex, lider n\u00eb laminat gjerman, parket druri, parket inxhinierik, SPC FLOOR dhe pllaka. Produkte europiane me garanci 10\u201333 vjet p\u00ebr dysheme moderne dhe cil\u00ebsore.\" \/>\n<meta property=\"og:url\" content=\"https:\/\/vizionimpex.com\/?lang=sq\" \/>\n<meta property=\"og:site_name\" content=\"VIZION IMPEX\" \/>\n<meta property=\"article:modified_time\" content=\"2025-11-26T11:10:04+00:00\" \/>\n<meta name=\"twitter:card\" content=\"summary_large_image\" \/>\n<meta name=\"twitter:label1\" content=\"Est. reading time\" \/>\n\t<meta name=\"twitter:data1\" content=\"3 minutes\" \/>\n<script type=\"application\/ld+json\" class=\"yoast-schema-graph\">{\"@context\":\"https:\/\/schema.org\",\"@graph\":[{\"@type\":\"WebPage\",\"@id\":\"https:\/\/vizionimpex.com\/?lang=sq\",\"url\":\"https:\/\/vizionimpex.com\/?lang=sq\",\"name\":\"Vizion Impex \u2013 Laminat Gjerman, Parket Druri & SPC FLOOR\",\"isPartOf\":{\"@id\":\"https:\/\/vizionimpex.com\/#website\"},\"datePublished\":\"2018-11-21T14:07:49+00:00\",\"dateModified\":\"2025-11-26T11:10:04+00:00\",\"description\":\"Vizion Impex, lider n\u00eb laminat gjerman, parket druri, parket inxhinierik, SPC FLOOR dhe pllaka. Produkte europiane me garanci 10\u201333 vjet p\u00ebr dysheme moderne dhe cil\u00ebsore.\",\"breadcrumb\":{\"@id\":\"https:\/\/vizionimpex.com\/?lang=sq#breadcrumb\"},\"inLanguage\":\"en-US\",\"potentialAction\":[{\"@type\":\"ReadAction\",\"target\":[\"https:\/\/vizionimpex.com\/?lang=sq\"]}]},{\"@type\":\"BreadcrumbList\",\"@id\":\"https:\/\/vizionimpex.com\/?lang=sq#breadcrumb\",\"itemListElement\":[{\"@type\":\"ListItem\",\"position\":1,\"name\":\"Home\",\"item\":\"https:\/\/vizionimpex.com\/\"},{\"@type\":\"ListItem\",\"position\":2,\"name\":\"Home\"}]},{\"@type\":\"WebSite\",\"@id\":\"https:\/\/vizionimpex.com\/#website\",\"url\":\"https:\/\/vizionimpex.com\/\",\"name\":\"VIZION IMPEX\",\"description\":\"- Parkete Laminat Gjermane, Parkete Druri, Aksesore, Parkete Laminat, Tirane\",\"potentialAction\":[{\"@type\":\"SearchAction\",\"target\":{\"@type\":\"EntryPoint\",\"urlTemplate\":\"https:\/\/vizionimpex.com\/?s={search_term_string}\"},\"query-input\":{\"@type\":\"PropertyValueSpecification\",\"valueRequired\":true,\"valueName\":\"search_term_string\"}}],\"inLanguage\":\"en-US\"}]}<\/script>\n<!-- \/ Yoast SEO plugin. -->","yoast_head_json":{"title":"Vizion Impex \u2013 Laminat Gjerman, Parket Druri & SPC FLOOR","description":"Vizion Impex, lider n\u00eb laminat gjerman, parket druri, parket inxhinierik, SPC FLOOR dhe pllaka. Produkte europiane me garanci 10\u201333 vjet p\u00ebr dysheme moderne dhe cil\u00ebsore.","robots":{"index":"index","follow":"follow","max-snippet":"max-snippet:-1","max-image-preview":"max-image-preview:large","max-video-preview":"max-video-preview:-1"},"canonical":"https:\/\/vizionimpex.com\/?lang=sq","og_locale":"en_US","og_type":"article","og_title":"Vizion Impex \u2013 Laminat Gjerman, Parket Druri & SPC FLOOR","og_description":"Vizion Impex, lider n\u00eb laminat gjerman, parket druri, parket inxhinierik, SPC FLOOR dhe pllaka. Produkte europiane me garanci 10\u201333 vjet p\u00ebr dysheme moderne dhe cil\u00ebsore.","og_url":"https:\/\/vizionimpex.com\/?lang=sq","og_site_name":"VIZION IMPEX","article_modified_time":"2025-11-26T11:10:04+00:00","twitter_card":"summary_large_image","twitter_misc":{"Est. reading time":"3 minutes"},"schema":{"@context":"https:\/\/schema.org","@graph":[{"@type":"WebPage","@id":"https:\/\/vizionimpex.com\/?lang=sq","url":"https:\/\/vizionimpex.com\/?lang=sq","name":"Vizion Impex \u2013 Laminat Gjerman, Parket Druri & SPC FLOOR","isPartOf":{"@id":"https:\/\/vizionimpex.com\/#website"},"datePublished":"2018-11-21T14:07:49+00:00","dateModified":"2025-11-26T11:10:04+00:00","description":"Vizion Impex, lider n\u00eb laminat gjerman, parket druri, parket inxhinierik, SPC FLOOR dhe pllaka. Produkte europiane me garanci 10\u201333 vjet p\u00ebr dysheme moderne dhe cil\u00ebsore.","breadcrumb":{"@id":"https:\/\/vizionimpex.com\/?lang=sq#breadcrumb"},"inLanguage":"en-US","potentialAction":[{"@type":"ReadAction","target":["https:\/\/vizionimpex.com\/?lang=sq"]}]},{"@type":"BreadcrumbList","@id":"https:\/\/vizionimpex.com\/?lang=sq#breadcrumb","itemListElement":[{"@type":"ListItem","position":1,"name":"Home","item":"https:\/\/vizionimpex.com\/"},{"@type":"ListItem","position":2,"name":"Home"}]},{"@type":"WebSite","@id":"https:\/\/vizionimpex.com\/#website","url":"https:\/\/vizionimpex.com\/","name":"VIZION IMPEX","description":"- Parkete Laminat Gjermane, Parkete Druri, Aksesore, Parkete Laminat, Tirane","potentialAction":[{"@type":"SearchAction","target":{"@type":"EntryPoint","urlTemplate":"https:\/\/vizionimpex.com\/?s={search_term_string}"},"query-input":{"@type":"PropertyValueSpecification","valueRequired":true,"valueName":"search_term_string"}}],"inLanguage":"en-US"}]}},"_links":{"self":[{"href":"https:\/\/vizionimpex.com\/index.php\/wp-json\/wp\/v2\/pages\/1109","targetHints":{"allow":["GET"]}}],"collection":[{"href":"https:\/\/vizionimpex.com\/index.php\/wp-json\/wp\/v2\/pages"}],"about":[{"href":"https:\/\/vizionimpex.com\/index.php\/wp-json\/wp\/v2\/types\/page"}],"author":[{"embeddable":true,"href":"https:\/\/vizionimpex.com\/index.php\/wp-json\/wp\/v2\/users\/1"}],"replies":[{"embeddable":true,"href":"https:\/\/vizionimpex.com\/index.php\/wp-json\/wp\/v2\/comments?post=1109"}],"version-history":[{"count":13,"href":"https:\/\/vizionimpex.com\/index.php\/wp-json\/wp\/v2\/pages\/1109\/revisions"}],"predecessor-version":[{"id":2558,"href":"https:\/\/vizionimpex.com\/index.php\/wp-json\/wp\/v2\/pages\/1109\/revisions\/2558"}],"wp:attachment":[{"href":"https:\/\/vizionimpex.com\/index.php\/wp-json\/wp\/v2\/media?parent=1109"}],"curies":[{"name":"wp","href":"https:\/\/api.w.org\/{rel}","templated":true}]}}