{"id":1079,"date":"2020-12-11T16:17:08","date_gmt":"2020-12-11T16:17:08","guid":{"rendered":"https:\/\/vizionimpex.com\/?page_id=1079"},"modified":"2025-09-12T15:25:47","modified_gmt":"2025-09-12T15:25:47","slug":"hks-floor","status":"publish","type":"page","link":"https:\/\/vizionimpex.com\/index.php\/hks-floor\/","title":{"rendered":"HKS floor"},"content":{"rendered":"<div class=\"wpb-content-wrapper\"><p>[vc_row][vc_column width=&#8221;1\/2&#8243;][vc_row_inner][vc_column_inner css=&#8221;.vc_custom_1607525771552{margin-top: -25px !important;}&#8221;][vc_single_image image=&#8221;1080&#8243; img_size=&#8221;650&#215;485&#8243; alignment=&#8221;center&#8221; onclick=&#8221;link_image&#8221; image_hovers=&#8221;false&#8221;][\/vc_column_inner][\/vc_row_inner][\/vc_column][vc_column width=&#8221;1\/2&#8243;][vc_custom_heading text=&#8221;HKS floor&#8221; font_container=&#8221;tag:h2|font_size:34|text_align:left&#8221; google_fonts=&#8221;font_family:Montserrat%3Aregular%2C700|font_style:700%20bold%20regular%3A700%3Anormal&#8221;][vc_separator color=&#8221;black&#8221; align=&#8221;align_left&#8221; el_width=&#8221;10&#8243;][vc_column_text css=&#8221;.vc_custom_1757687094786{margin-top: -20px !important;}&#8221;]<\/p>\n<p data-start=\"68\" data-end=\"420\">Our <strong data-start=\"72\" data-end=\"97\">solid hardwood floors<\/strong> are crafted from a single piece of wood and feature <strong data-start=\"150\" data-end=\"189\">tongue and groove on all four sides<\/strong>. Choose from a wide variety of <strong data-start=\"221\" data-end=\"241\">hardwood species<\/strong>, including colored, mixed, or softwoods. Thickness ranges from <strong data-start=\"305\" data-end=\"317\">19\u201320 mm<\/strong> depending on the wood type. We also offer a <strong data-start=\"362\" data-end=\"392\">15 mm oak renovation floor<\/strong> for restoration projects.<\/p>\n<p>[\/vc_column_text][\/vc_column][\/vc_row][vc_row][vc_column width=&#8221;1\/3&#8243;][vc_row_inner][vc_column_inner width=&#8221;1\/3&#8243;][vc_single_image image=&#8221;912&#8243; img_size=&#8221;full&#8221; alignment=&#8221;center&#8221; onclick=&#8221;link_image&#8221; image_hovers=&#8221;false&#8221;][\/vc_column_inner][vc_column_inner width=&#8221;1\/3&#8243;][vc_single_image image=&#8221;914&#8243; img_size=&#8221;full&#8221; alignment=&#8221;center&#8221; onclick=&#8221;link_image&#8221; image_hovers=&#8221;false&#8221;][\/vc_column_inner][\/vc_row_inner][\/vc_column][vc_column width=&#8221;2\/3&#8243;][vc_row_inner][vc_column_inner width=&#8221;1\/4&#8243;][\/vc_column_inner][vc_column_inner width=&#8221;3\/4&#8243;][\/vc_column_inner][\/vc_row_inner][\/vc_column][\/vc_row][vc_row][vc_column width=&#8221;1\/2&#8243;][vc_single_image image=&#8221;1081&#8243; img_size=&#8221;full&#8221; onclick=&#8221;link_image&#8221; image_hovers=&#8221;false&#8221;][vc_column_text]<\/p>\n<div id=\"c300\" class=\"frame frame-default frame-type-textpic frame-layout-0\">\n<div class=\"helperDiv\">\n<div class=\"ce-textpic ce-left ce-above\">\n<div class=\"ce-bodytext\">\n<p>20 x 120 \/ 140 \/ 160 \/ 180 \/ 200 mm<\/p>\n<\/div>\n<\/div>\n<\/div>\n<\/div>\n<p>[\/vc_column_text][\/vc_column][vc_column width=&#8221;1\/2&#8243;][\/vc_column][\/vc_row][vc_row][vc_column width=&#8221;1\/2&#8243;][\/vc_column][vc_column width=&#8221;1\/2&#8243;][\/vc_column][\/vc_row][vc_row][vc_column][vc_row_inner][vc_column_inner width=&#8221;1\/3&#8243;][vc_single_image image=&#8221;1082&#8243; img_size=&#8221;full&#8221; alignment=&#8221;center&#8221; onclick=&#8221;link_image&#8221; image_hovers=&#8221;false&#8221;][vc_custom_heading text=&#8221;White oiled&#8221; font_container=&#8221;tag:h2|font_size:18|text_align:center&#8221; google_fonts=&#8221;font_family:Montserrat%3Aregular%2C700|font_style:400%20regular%3A400%3Anormal&#8221;][\/vc_column_inner][vc_column_inner width=&#8221;1\/3&#8243;][vc_single_image image=&#8221;1083&#8243; img_size=&#8221;full&#8221; alignment=&#8221;center&#8221; onclick=&#8221;link_image&#8221; image_hovers=&#8221;false&#8221;][vc_custom_heading text=&#8221;opaque white oiled&#8221; font_container=&#8221;tag:h2|font_size:18|text_align:center&#8221; google_fonts=&#8221;font_family:Montserrat%3Aregular%2C700|font_style:400%20regular%3A400%3Anormal&#8221;][\/vc_column_inner][vc_column_inner width=&#8221;1\/3&#8243;][vc_single_image image=&#8221;1084&#8243; img_size=&#8221;658 \u00d7 1170&#8243; alignment=&#8221;center&#8221; onclick=&#8221;link_image&#8221; image_hovers=&#8221;false&#8221;][vc_custom_heading text=&#8221;smoked, white oiled&#8221; font_container=&#8221;tag:h2|font_size:18|text_align:center&#8221; google_fonts=&#8221;font_family:Montserrat%3Aregular%2C700|font_style:400%20regular%3A400%3Anormal&#8221;][\/vc_column_inner][\/vc_row_inner][vc_separator color=&#8221;black&#8221;][\/vc_column][\/vc_row][vc_row][vc_column][vc_row_inner][vc_column_inner width=&#8221;1\/3&#8243;][vc_single_image image=&#8221;1085&#8243; img_size=&#8221;full&#8221; alignment=&#8221;center&#8221; onclick=&#8221;link_image&#8221; image_hovers=&#8221;false&#8221;][vc_custom_heading text=&#8221;chocolate oiled&#8221; font_container=&#8221;tag:h2|font_size:18|text_align:center&#8221; google_fonts=&#8221;font_family:Montserrat%3Aregular%2C700|font_style:400%20regular%3A400%3Anormal&#8221;][\/vc_column_inner][vc_column_inner width=&#8221;1\/3&#8243;][vc_single_image image=&#8221;1086&#8243; img_size=&#8221;full&#8221; alignment=&#8221;center&#8221; onclick=&#8221;link_image&#8221; image_hovers=&#8221;false&#8221;][vc_custom_heading text=&#8221;brushed, natural oiled&#8221; font_container=&#8221;tag:h2|font_size:18|text_align:center&#8221; google_fonts=&#8221;font_family:Montserrat%3Aregular%2C700|font_style:400%20regular%3A400%3Anormal&#8221;][\/vc_column_inner][vc_column_inner width=&#8221;1\/3&#8243;][vc_single_image image=&#8221;1087&#8243; img_size=&#8221;full&#8221; alignment=&#8221;center&#8221; onclick=&#8221;link_image&#8221; image_hovers=&#8221;false&#8221;][vc_custom_heading text=&#8221;dark grey oiled&#8221; font_container=&#8221;tag:h2|font_size:18|text_align:center&#8221; google_fonts=&#8221;font_family:Montserrat%3Aregular%2C700|font_style:400%20regular%3A400%3Anormal&#8221;][\/vc_column_inner][\/vc_row_inner][vc_separator color=&#8221;black&#8221;][\/vc_column][\/vc_row][vc_row][vc_column width=&#8221;1\/2&#8243;][vc_btn title=&#8221;Made in Germany&#8221; style=&#8221;custom&#8221; custom_background=&#8221;#494949&#8243; custom_text=&#8221;#ffffff&#8221; shape=&#8221;square&#8221; align=&#8221;left&#8221; css=&#8221;.vc_custom_1637596006271{padding-top: 30px !important;}&#8221;][\/vc_column][vc_column width=&#8221;1\/2&#8243;][\/vc_column][\/vc_row]<\/p>\n<\/div>","protected":false},"excerpt":{"rendered":"<p>[vc_row][vc_column width=&#8221;1\/2&#8243;][vc_row_inner][vc_column_inner css=&#8221;.vc_custom_1607525771552{margin-top: -25px !important;}&#8221;][vc_single_image image=&#8221;1080&#8243; img_size=&#8221;650&#215;485&#8243; alignment=&#8221;center&#8221; onclick=&#8221;link_image&#8221; image_hovers=&#8221;false&#8221;][\/vc_column_inner][\/vc_row_inner][\/vc_column][vc_column width=&#8221;1\/2&#8243;][vc_custom_heading text=&#8221;HKS floor&#8221; font_container=&#8221;tag:h2|font_size:34|text_align:left&#8221; google_fonts=&#8221;font_family:Montserrat%3Aregular%2C700|font_style:700%20bold%20regular%3A700%3Anormal&#8221;][vc_separator color=&#8221;black&#8221; align=&#8221;align_left&#8221; el_width=&#8221;10&#8243;][vc_column_text css=&#8221;.vc_custom_1757687094786{margin-top: -20px !important;}&#8221;] Our solid hardwood floors are crafted from a single piece of wood and feature tongue and groove on all four sides. Choose from a wide variety of hardwood species, including colored, mixed, or softwoods.&hellip;<\/p>\n","protected":false},"author":1,"featured_media":0,"parent":0,"menu_order":0,"comment_status":"closed","ping_status":"closed","template":"","meta":{"footnotes":""},"class_list":["post-1079","page","type-page","status-publish","hentry","description-off"],"yoast_head":"<!-- This site is optimized with the Yoast SEO plugin v26.7 - https:\/\/yoast.com\/wordpress\/plugins\/seo\/ -->\n<title>HKS Floor \u2013 Premium German Flooring for Quality and Elegance<\/title>\n<meta name=\"description\" content=\"Zgjidh HKS Floor, dysheme gjermane me cil\u00ebsi t\u00eb lart\u00eb, dizajn modern dhe q\u00ebndrueshm\u00ebri afatgjat\u00eb. Ideale p\u00ebr \u00e7do ambient banimi apo biznesi.\" \/>\n<meta name=\"robots\" content=\"index, follow, max-snippet:-1, max-image-preview:large, max-video-preview:-1\" \/>\n<link rel=\"canonical\" href=\"https:\/\/vizionimpex.com\/index.php\/hks-floor\/\" \/>\n<meta property=\"og:locale\" content=\"en_US\" \/>\n<meta property=\"og:type\" content=\"article\" \/>\n<meta property=\"og:title\" content=\"HKS Floor \u2013 Premium German Flooring for Quality and Elegance\" \/>\n<meta property=\"og:description\" content=\"Zgjidh HKS Floor, dysheme gjermane me cil\u00ebsi t\u00eb lart\u00eb, dizajn modern dhe q\u00ebndrueshm\u00ebri afatgjat\u00eb. Ideale p\u00ebr \u00e7do ambient banimi apo biznesi.\" \/>\n<meta property=\"og:url\" content=\"https:\/\/vizionimpex.com\/index.php\/hks-floor\/\" \/>\n<meta property=\"og:site_name\" content=\"VIZION IMPEX\" \/>\n<meta property=\"article:modified_time\" content=\"2025-09-12T15:25:47+00:00\" \/>\n<meta name=\"twitter:card\" content=\"summary_large_image\" \/>\n<meta name=\"twitter:label1\" content=\"Est. reading time\" \/>\n\t<meta name=\"twitter:data1\" content=\"3 minutes\" \/>\n<script type=\"application\/ld+json\" class=\"yoast-schema-graph\">{\"@context\":\"https:\/\/schema.org\",\"@graph\":[{\"@type\":\"WebPage\",\"@id\":\"https:\/\/vizionimpex.com\/index.php\/hks-floor\/\",\"url\":\"https:\/\/vizionimpex.com\/index.php\/hks-floor\/\",\"name\":\"HKS Floor \u2013 Premium German Flooring for Quality and Elegance\",\"isPartOf\":{\"@id\":\"https:\/\/vizionimpex.com\/#website\"},\"datePublished\":\"2020-12-11T16:17:08+00:00\",\"dateModified\":\"2025-09-12T15:25:47+00:00\",\"description\":\"Zgjidh HKS Floor, dysheme gjermane me cil\u00ebsi t\u00eb lart\u00eb, dizajn modern dhe q\u00ebndrueshm\u00ebri afatgjat\u00eb. Ideale p\u00ebr \u00e7do ambient banimi apo biznesi.\",\"breadcrumb\":{\"@id\":\"https:\/\/vizionimpex.com\/index.php\/hks-floor\/#breadcrumb\"},\"inLanguage\":\"en-US\",\"potentialAction\":[{\"@type\":\"ReadAction\",\"target\":[\"https:\/\/vizionimpex.com\/index.php\/hks-floor\/\"]}]},{\"@type\":\"BreadcrumbList\",\"@id\":\"https:\/\/vizionimpex.com\/index.php\/hks-floor\/#breadcrumb\",\"itemListElement\":[{\"@type\":\"ListItem\",\"position\":1,\"name\":\"Home\",\"item\":\"https:\/\/vizionimpex.com\/\"},{\"@type\":\"ListItem\",\"position\":2,\"name\":\"HKS floor\"}]},{\"@type\":\"WebSite\",\"@id\":\"https:\/\/vizionimpex.com\/#website\",\"url\":\"https:\/\/vizionimpex.com\/\",\"name\":\"VIZION IMPEX\",\"description\":\"- Parkete Laminat Gjermane, Parkete Druri, Aksesore, Parkete Laminat, Tirane\",\"potentialAction\":[{\"@type\":\"SearchAction\",\"target\":{\"@type\":\"EntryPoint\",\"urlTemplate\":\"https:\/\/vizionimpex.com\/?s={search_term_string}\"},\"query-input\":{\"@type\":\"PropertyValueSpecification\",\"valueRequired\":true,\"valueName\":\"search_term_string\"}}],\"inLanguage\":\"en-US\"}]}<\/script>\n<!-- \/ Yoast SEO plugin. -->","yoast_head_json":{"title":"HKS Floor \u2013 Premium German Flooring for Quality and Elegance","description":"Zgjidh HKS Floor, dysheme gjermane me cil\u00ebsi t\u00eb lart\u00eb, dizajn modern dhe q\u00ebndrueshm\u00ebri afatgjat\u00eb. Ideale p\u00ebr \u00e7do ambient banimi apo biznesi.","robots":{"index":"index","follow":"follow","max-snippet":"max-snippet:-1","max-image-preview":"max-image-preview:large","max-video-preview":"max-video-preview:-1"},"canonical":"https:\/\/vizionimpex.com\/index.php\/hks-floor\/","og_locale":"en_US","og_type":"article","og_title":"HKS Floor \u2013 Premium German Flooring for Quality and Elegance","og_description":"Zgjidh HKS Floor, dysheme gjermane me cil\u00ebsi t\u00eb lart\u00eb, dizajn modern dhe q\u00ebndrueshm\u00ebri afatgjat\u00eb. Ideale p\u00ebr \u00e7do ambient banimi apo biznesi.","og_url":"https:\/\/vizionimpex.com\/index.php\/hks-floor\/","og_site_name":"VIZION IMPEX","article_modified_time":"2025-09-12T15:25:47+00:00","twitter_card":"summary_large_image","twitter_misc":{"Est. reading time":"3 minutes"},"schema":{"@context":"https:\/\/schema.org","@graph":[{"@type":"WebPage","@id":"https:\/\/vizionimpex.com\/index.php\/hks-floor\/","url":"https:\/\/vizionimpex.com\/index.php\/hks-floor\/","name":"HKS Floor \u2013 Premium German Flooring for Quality and Elegance","isPartOf":{"@id":"https:\/\/vizionimpex.com\/#website"},"datePublished":"2020-12-11T16:17:08+00:00","dateModified":"2025-09-12T15:25:47+00:00","description":"Zgjidh HKS Floor, dysheme gjermane me cil\u00ebsi t\u00eb lart\u00eb, dizajn modern dhe q\u00ebndrueshm\u00ebri afatgjat\u00eb. Ideale p\u00ebr \u00e7do ambient banimi apo biznesi.","breadcrumb":{"@id":"https:\/\/vizionimpex.com\/index.php\/hks-floor\/#breadcrumb"},"inLanguage":"en-US","potentialAction":[{"@type":"ReadAction","target":["https:\/\/vizionimpex.com\/index.php\/hks-floor\/"]}]},{"@type":"BreadcrumbList","@id":"https:\/\/vizionimpex.com\/index.php\/hks-floor\/#breadcrumb","itemListElement":[{"@type":"ListItem","position":1,"name":"Home","item":"https:\/\/vizionimpex.com\/"},{"@type":"ListItem","position":2,"name":"HKS floor"}]},{"@type":"WebSite","@id":"https:\/\/vizionimpex.com\/#website","url":"https:\/\/vizionimpex.com\/","name":"VIZION IMPEX","description":"- Parkete Laminat Gjermane, Parkete Druri, Aksesore, Parkete Laminat, Tirane","potentialAction":[{"@type":"SearchAction","target":{"@type":"EntryPoint","urlTemplate":"https:\/\/vizionimpex.com\/?s={search_term_string}"},"query-input":{"@type":"PropertyValueSpecification","valueRequired":true,"valueName":"search_term_string"}}],"inLanguage":"en-US"}]}},"_links":{"self":[{"href":"https:\/\/vizionimpex.com\/index.php\/wp-json\/wp\/v2\/pages\/1079","targetHints":{"allow":["GET"]}}],"collection":[{"href":"https:\/\/vizionimpex.com\/index.php\/wp-json\/wp\/v2\/pages"}],"about":[{"href":"https:\/\/vizionimpex.com\/index.php\/wp-json\/wp\/v2\/types\/page"}],"author":[{"embeddable":true,"href":"https:\/\/vizionimpex.com\/index.php\/wp-json\/wp\/v2\/users\/1"}],"replies":[{"embeddable":true,"href":"https:\/\/vizionimpex.com\/index.php\/wp-json\/wp\/v2\/comments?post=1079"}],"version-history":[{"count":4,"href":"https:\/\/vizionimpex.com\/index.php\/wp-json\/wp\/v2\/pages\/1079\/revisions"}],"predecessor-version":[{"id":2426,"href":"https:\/\/vizionimpex.com\/index.php\/wp-json\/wp\/v2\/pages\/1079\/revisions\/2426"}],"wp:attachment":[{"href":"https:\/\/vizionimpex.com\/index.php\/wp-json\/wp\/v2\/media?parent=1079"}],"curies":[{"name":"wp","href":"https:\/\/api.w.org\/{rel}","templated":true}]}}